{"id":12404,"date":"2026-04-13T08:53:16","date_gmt":"2026-04-13T07:53:16","guid":{"rendered":"https:\/\/vertebradansa.com\/monographic\/"},"modified":"2026-04-13T10:24:05","modified_gmt":"2026-04-13T09:24:05","slug":"monographic","status":"publish","type":"page","link":"https:\/\/vertebradansa.com\/ca\/monographic\/","title":{"rendered":"Monographic"},"content":{"rendered":"\t\t<div data-elementor-type=\"wp-page\" data-elementor-id=\"12404\" class=\"elementor elementor-12404 elementor-12349\" data-elementor-post-type=\"page\">\n\t\t\t\t<div data-scroll-custom-offset=\"\" data-scroll-custom-duration=\"\" data-scroll-css-progress=\"\" data-scroll-class=\"locoscroll-animate\" data-scroll-entrance-animation=\"\" class=\"wolf-core-elementor-row wolf-core-font- elementor-element elementor-element-b6ba22a e-flex e-con-boxed e-con e-parent\" data-font-skin=\"\" data-color-tone=\"\" data-id=\"b6ba22a\" data-element_type=\"container\" data-e-type=\"container\" data-settings=\"{&quot;background_background&quot;:&quot;classic&quot;}\">\n\t\t\t\t\t<div class=\"e-con-inner\">\n\t\t<div data-scroll-custom-offset=\"\" data-scroll-custom-duration=\"\" data-scroll-css-progress=\"\" data-scroll-class=\"locoscroll-animate\" data-scroll-entrance-animation=\"\" class=\"wolf-core-elementor-row wolf-core-font- elementor-element elementor-element-973a564 e-con-full e-flex e-con e-child\" data-font-skin=\"\" data-color-tone=\"\" data-id=\"973a564\" data-element_type=\"container\" data-e-type=\"container\">\n\t\t\t\t<div class=\" elementor-element elementor-element-e099ab1 elementor-widget elementor-widget-image\" data-id=\"e099ab1\" data-element_type=\"widget\" data-e-type=\"widget\" data-widget_type=\"image.default\">\n\t\t\t\t\t\t\t\t\t\t\t\t\t\t\t<img fetchpriority=\"high\" decoding=\"async\" width=\"790\" height=\"116\" src=\"https:\/\/vertebradansa.com\/wp-content\/uploads\/2026\/04\/ENG.png\" class=\"attachment-large size-large wp-image-12223\" alt=\"\" srcset=\"https:\/\/vertebradansa.com\/wp-content\/uploads\/2026\/04\/ENG.png 790w, https:\/\/vertebradansa.com\/wp-content\/uploads\/2026\/04\/ENG-300x44.png 300w, https:\/\/vertebradansa.com\/wp-content\/uploads\/2026\/04\/ENG-768x113.png 768w, https:\/\/vertebradansa.com\/wp-content\/uploads\/2026\/04\/ENG-500x73.png 500w, https:\/\/vertebradansa.com\/wp-content\/uploads\/2026\/04\/ENG-550x81.png 550w, https:\/\/vertebradansa.com\/wp-content\/uploads\/2026\/04\/ENG-400x59.png 400w\" sizes=\"(max-width: 790px) 100vw, 790px\" \/>\t\t\t\t\t\t\t\t\t\t\t\t\t\t\t<\/div>\n\t\t<div data-scroll-custom-offset=\"\" data-scroll-custom-duration=\"\" data-scroll-css-progress=\"\" data-scroll-class=\"locoscroll-animate\" data-scroll-entrance-animation=\"\" class=\"wolf-core-elementor-row wolf-core-font- elementor-element elementor-element-1e6a5e3 e-grid e-con-full e-con e-child\" data-font-skin=\"\" data-color-tone=\"\" data-id=\"1e6a5e3\" data-element_type=\"container\" data-e-type=\"container\">\n\t\t\t\t<div class=\"elementor-element elementor-element-306a922 elementor-widget elementor-widget-heading\" data-id=\"306a922\" data-element_type=\"widget\" data-e-type=\"widget\" data-widget_type=\"heading.default\">\n\t\t\t\t\t<h2 class=\"elementor-heading-title elementor-size-default\"><a href=\"https:\/\/vertebradansa.com\/intensive-pro\/\">INTENSIVE PRO<\/a><\/h2>\t\t\t\t<\/div>\n\t\t\t\t<div class=\"elementor-element elementor-element-385c9b4 elementor-widget elementor-widget-heading\" data-id=\"385c9b4\" data-element_type=\"widget\" data-e-type=\"widget\" data-widget_type=\"heading.default\">\n\t\t\t\t\t<h2 class=\"elementor-heading-title elementor-size-default\"><a href=\"https:\/\/vertebradansa.com\/creative-lab\/\">CREATIVE LABS<\/a><\/h2>\t\t\t\t<\/div>\n\t\t\t\t<div class=\"elementor-element elementor-element-1385b3a elementor-widget elementor-widget-heading\" data-id=\"1385b3a\" data-element_type=\"widget\" data-e-type=\"widget\" data-widget_type=\"heading.default\">\n\t\t\t\t\t<h2 class=\"elementor-heading-title elementor-size-default\">MONOGRAPHIC WORKSHOPS<\/h2>\t\t\t\t<\/div>\n\t\t\t\t<\/div>\n\t\t\t\t<\/div>\n\t\t\t\t\t<\/div>\n\t\t\t\t<\/div>\n\t\t<div data-scroll-custom-offset=\"\" data-scroll-custom-duration=\"\" data-scroll-css-progress=\"\" data-scroll-class=\"locoscroll-animate\" data-scroll-entrance-animation=\"\" class=\"wolf-core-elementor-row wolf-core-font- elementor-element elementor-element-e9ab453 e-flex e-con-boxed e-con e-parent\" data-font-skin=\"\" data-color-tone=\"\" data-id=\"e9ab453\" data-element_type=\"container\" data-e-type=\"container\" data-settings=\"{&quot;background_background&quot;:&quot;classic&quot;}\">\n\t\t\t\t\t<div class=\"e-con-inner\">\n\t\t\t\t<div class=\"elementor-element elementor-element-5d50c40 elementor-widget elementor-widget-spacer\" data-id=\"5d50c40\" data-element_type=\"widget\" data-e-type=\"widget\" data-widget_type=\"spacer.default\">\n\t\t\t\t\t\t\t<div class=\"elementor-spacer\">\n\t\t\t<div class=\"elementor-spacer-inner\"><\/div>\n\t\t<\/div>\n\t\t\t\t\t\t<\/div>\n\t\t\t\t\t<\/div>\n\t\t\t\t<\/div>\n\t\t<div data-scroll-custom-offset=\"\" data-scroll-custom-duration=\"\" data-scroll-css-progress=\"\" data-scroll-class=\"locoscroll-animate\" data-scroll-entrance-animation=\"\" class=\"wolf-core-elementor-row wolf-core-font- elementor-element elementor-element-2c63c63 elementor-hidden-tablet elementor-hidden-mobile e-flex e-con-boxed e-con e-parent\" data-font-skin=\"\" data-color-tone=\"\" data-id=\"2c63c63\" data-element_type=\"container\" data-e-type=\"container\" data-settings=\"{&quot;background_background&quot;:&quot;classic&quot;}\">\n\t\t\t\t\t<div class=\"e-con-inner\">\n\t\t<div data-scroll-custom-offset=\"\" data-scroll-custom-duration=\"\" data-scroll-css-progress=\"\" data-scroll-class=\"locoscroll-animate\" data-scroll-entrance-animation=\"\" class=\"wolf-core-elementor-row wolf-core-font- elementor-element elementor-element-98f86a8 e-con-full e-flex e-con e-child\" data-font-skin=\"\" data-color-tone=\"\" data-id=\"98f86a8\" data-element_type=\"container\" data-e-type=\"container\" data-settings=\"{&quot;background_background&quot;:&quot;classic&quot;}\">\n\t\t\t\t<div class=\" elementor-element elementor-element-436eeb5 elementor-widget elementor-widget-image\" data-id=\"436eeb5\" data-element_type=\"widget\" data-e-type=\"widget\" data-widget_type=\"image.default\">\n\t\t\t\t\t\t\t\t\t\t\t\t\t\t\t<img decoding=\"async\" src=\"https:\/\/vertebradansa.com\/wp-content\/uploads\/elementor\/thumbs\/Titols-Monog2-rlsk6dkwlkczo8gvbhfpjtj5jz2o8vmupjg7l8r5mk.jpg\" title=\"Titols-Monog2\" alt=\"Titols-Monog2\" loading=\"lazy\" \/>\t\t\t\t\t\t\t\t\t\t\t\t\t\t\t<\/div>\n\t\t\t\t<\/div>\n\t\t<div data-scroll-custom-offset=\"\" data-scroll-custom-duration=\"\" data-scroll-css-progress=\"\" data-scroll-class=\"locoscroll-animate\" data-scroll-entrance-animation=\"\" class=\"wolf-core-elementor-row wolf-core-font- elementor-element elementor-element-33e8b46 e-con-full e-flex e-con e-child\" data-font-skin=\"\" data-color-tone=\"\" data-id=\"33e8b46\" data-element_type=\"container\" data-e-type=\"container\" data-settings=\"{&quot;background_background&quot;:&quot;classic&quot;}\">\n\t\t<div data-scroll-custom-offset=\"\" data-scroll-custom-duration=\"\" data-scroll-css-progress=\"\" data-scroll-class=\"locoscroll-animate\" data-scroll-entrance-animation=\"\" class=\"wolf-core-elementor-row wolf-core-font- elementor-element elementor-element-2490d83 e-grid e-con-full e-con e-child\" data-font-skin=\"\" data-color-tone=\"\" data-id=\"2490d83\" data-element_type=\"container\" data-e-type=\"container\">\n\t\t\t\t<div class=\" elementor-element elementor-element-24cae04 elementor-widget elementor-widget-image\" data-id=\"24cae04\" data-element_type=\"widget\" data-e-type=\"widget\" data-widget_type=\"image.default\">\n\t\t\t\t\t\t\t\t\t\t\t\t\t\t\t\t<a href=\"#elementor-action%3Aaction%3Dpopup%3Aopen%26settings%3DeyJpZCI6OTcxMCwidG9nZ2xlIjpmYWxzZX0%3D\">\n\t\t\t\t\t\t\t<img decoding=\"async\" src=\"https:\/\/vertebradansa.com\/wp-content\/uploads\/elementor\/thumbs\/invisible-304x81-1-rlpihs66begvl949s4mhcw0vbneptbfwtyegjg07om.png\" title=\"invisible-304&#215;81\" alt=\"invisible-304x81\" loading=\"lazy\" \/>\t\t\t\t\t\t\t\t<\/a>\n\t\t\t\t\t\t\t\t\t\t\t\t\t\t\t<\/div>\n\t\t\t\t<div class=\" elementor-element elementor-element-60597f8 elementor-widget elementor-widget-image\" data-id=\"60597f8\" data-element_type=\"widget\" data-e-type=\"widget\" data-widget_type=\"image.default\">\n\t\t\t\t\t\t\t\t\t\t\t\t\t\t\t\t<a href=\"#elementor-action%3Aaction%3Dpopup%3Aopen%26settings%3DeyJpZCI6OTc1NywidG9nZ2xlIjpmYWxzZX0%3D\">\n\t\t\t\t\t\t\t<img decoding=\"async\" src=\"https:\/\/vertebradansa.com\/wp-content\/uploads\/elementor\/thumbs\/invisible-304x81-1-rlpihs66begvl949s4mhcw0vbneptbfwtyegjg07om.png\" title=\"invisible-304&#215;81\" alt=\"invisible-304x81\" loading=\"lazy\" \/>\t\t\t\t\t\t\t\t<\/a>\n\t\t\t\t\t\t\t\t\t\t\t\t\t\t\t<\/div>\n\t\t\t\t<\/div>\n\t\t\t\t<\/div>\n\t\t<div data-scroll-custom-offset=\"\" data-scroll-custom-duration=\"\" data-scroll-css-progress=\"\" data-scroll-class=\"locoscroll-animate\" data-scroll-entrance-animation=\"\" class=\"wolf-core-elementor-row wolf-core-font- elementor-element elementor-element-88b5ae3 e-con-full e-flex e-con e-child\" data-font-skin=\"\" data-color-tone=\"\" data-id=\"88b5ae3\" data-element_type=\"container\" data-e-type=\"container\" data-settings=\"{&quot;background_background&quot;:&quot;classic&quot;}\">\n\t\t\t\t<div class=\" elementor-element elementor-element-80db75e elementor-widget elementor-widget-text-editor\" data-id=\"80db75e\" data-element_type=\"widget\" data-e-type=\"widget\" data-widget_type=\"text-editor.default\">\n\t\t\t\t\t\t\t\t\t<p>9:30\u00a0 &#8211;\u00a0 13:00<br \/>14:30 &#8211; 18:00<\/p>\t\t\t\t\t\t\t\t<\/div>\n\t\t\t\t<\/div>\n\t\t\t\t\t<\/div>\n\t\t\t\t<\/div>\n\t\t<div data-scroll-custom-offset=\"\" data-scroll-custom-duration=\"\" data-scroll-css-progress=\"\" data-scroll-class=\"locoscroll-animate\" data-scroll-entrance-animation=\"\" class=\"wolf-core-elementor-row wolf-core-font- elementor-element elementor-element-0b4c0d3 elementor-hidden-desktop e-flex e-con-boxed e-con e-parent\" data-font-skin=\"\" data-color-tone=\"\" data-id=\"0b4c0d3\" data-element_type=\"container\" data-e-type=\"container\">\n\t\t\t\t\t<div class=\"e-con-inner\">\n\t\t\t\t<div class=\" elementor-element elementor-element-f6fbd43 elementor-hidden-desktop elementor-hidden-tablet elementor-hidden-mobile elementor-widget elementor-widget-image\" data-id=\"f6fbd43\" data-element_type=\"widget\" data-e-type=\"widget\" data-widget_type=\"image.default\">\n\t\t\t\t\t\t\t\t\t\t\t\t\t\t\t\t<a href=\"#elementor-action%3Aaction%3Dpopup%3Aopen%26settings%3DeyJpZCI6OTcyMSwidG9nZ2xlIjpmYWxzZX0%3D\">\n\t\t\t\t\t\t\t<img decoding=\"async\" src=\"https:\/\/vertebradansa.com\/wp-content\/uploads\/elementor\/thumbs\/Candela-rlpnhgzje7fme3vzy7uphd2w1z0lvn03q493ucddx4.jpg\" title=\"Candela\" alt=\"Candela\" loading=\"lazy\" \/>\t\t\t\t\t\t\t\t<\/a>\n\t\t\t\t\t\t\t\t\t\t\t\t\t\t\t<\/div>\n\t\t\t\t<div class=\" elementor-element elementor-element-b6cc46b elementor-hidden-desktop elementor-hidden-tablet elementor-hidden-mobile elementor-widget elementor-widget-image\" data-id=\"b6cc46b\" data-element_type=\"widget\" data-e-type=\"widget\" data-widget_type=\"image.default\">\n\t\t\t\t\t\t\t\t\t\t\t\t\t\t\t\t<a href=\"#elementor-action%3Aaction%3Dpopup%3Aopen%26settings%3DeyJpZCI6OTY3NywidG9nZ2xlIjpmYWxzZX0%3D\">\n\t\t\t\t\t\t\t<img decoding=\"async\" src=\"https:\/\/vertebradansa.com\/wp-content\/uploads\/elementor\/thumbs\/Maura-rlpnzdstmjybmlvdcykrzud3kaqek03yurs725tbco.jpg\" title=\"Maura\" alt=\"Maura\" loading=\"lazy\" \/>\t\t\t\t\t\t\t\t<\/a>\n\t\t\t\t\t\t\t\t\t\t\t\t\t\t\t<\/div>\n\t\t\t\t<div class=\" elementor-element elementor-element-09a1e0d elementor-widget elementor-widget-image\" data-id=\"09a1e0d\" data-element_type=\"widget\" data-e-type=\"widget\" data-widget_type=\"image.default\">\n\t\t\t\t\t\t\t\t\t\t\t\t\t\t\t<img decoding=\"async\" width=\"426\" height=\"41\" src=\"https:\/\/vertebradansa.com\/wp-content\/uploads\/2026\/04\/Titols-Monog2-mobile.jpg\" class=\"attachment-large size-large wp-image-11839\" alt=\"\" srcset=\"https:\/\/vertebradansa.com\/wp-content\/uploads\/2026\/04\/Titols-Monog2-mobile.jpg 426w, https:\/\/vertebradansa.com\/wp-content\/uploads\/2026\/04\/Titols-Monog2-mobile-300x29.jpg 300w, https:\/\/vertebradansa.com\/wp-content\/uploads\/2026\/04\/Titols-Monog2-mobile-400x38.jpg 400w\" sizes=\"(max-width: 426px) 100vw, 426px\" \/>\t\t\t\t\t\t\t\t\t\t\t\t\t\t\t<\/div>\n\t\t\t\t<div class=\" elementor-element elementor-element-97ab5c4 elementor-widget elementor-widget-text-editor\" data-id=\"97ab5c4\" data-element_type=\"widget\" data-e-type=\"widget\" data-widget_type=\"text-editor.default\">\n\t\t\t\t\t\t\t\t\t<p style=\"text-align: center;\">9:30\u00a0 &#8211;\u00a0 13:00\u00a0 \/\u00a0 14:30 &#8211; 18:00<\/p>\t\t\t\t\t\t\t\t<\/div>\n\t\t\t\t<div class=\"elementor-element elementor-element-535027a elementor-widget elementor-widget-heading\" data-id=\"535027a\" data-element_type=\"widget\" data-e-type=\"widget\" data-widget_type=\"heading.default\">\n\t\t\t\t\t<h2 class=\"elementor-heading-title elementor-size-default\">Track 1<\/h2>\t\t\t\t<\/div>\n\t\t\t\t<div class=\" elementor-element elementor-element-147f17c elementor-widget elementor-widget-image\" data-id=\"147f17c\" data-element_type=\"widget\" data-e-type=\"widget\" data-widget_type=\"image.default\">\n\t\t\t\t\t\t\t\t\t\t\t\t\t\t\t\t<a href=\"#elementor-action%3Aaction%3Dpopup%3Aopen%26settings%3DeyJpZCI6OTcxMCwidG9nZ2xlIjpmYWxzZX0%3D\">\n\t\t\t\t\t\t\t<img decoding=\"async\" width=\"212\" height=\"151\" src=\"https:\/\/vertebradansa.com\/wp-content\/uploads\/2026\/04\/peepingTom.jpg\" class=\"attachment-large size-large wp-image-11212\" alt=\"\" \/>\t\t\t\t\t\t\t\t<\/a>\n\t\t\t\t\t\t\t\t\t\t\t\t\t\t\t<\/div>\n\t\t\t\t<div class=\"elementor-element elementor-element-4067efc elementor-widget elementor-widget-heading\" data-id=\"4067efc\" data-element_type=\"widget\" data-e-type=\"widget\" data-widget_type=\"heading.default\">\n\t\t\t\t\t<h2 class=\"elementor-heading-title elementor-size-default\">Track 2<\/h2>\t\t\t\t<\/div>\n\t\t\t\t<div class=\" elementor-element elementor-element-9b4010c elementor-widget elementor-widget-image\" data-id=\"9b4010c\" data-element_type=\"widget\" data-e-type=\"widget\" data-widget_type=\"image.default\">\n\t\t\t\t\t\t\t\t\t\t\t\t\t\t\t\t<a href=\"#elementor-action%3Aaction%3Dpopup%3Aopen%26settings%3DeyJpZCI6OTc1NywidG9nZ2xlIjpmYWxzZX0%3D\">\n\t\t\t\t\t\t\t<img loading=\"lazy\" decoding=\"async\" width=\"212\" height=\"151\" src=\"https:\/\/vertebradansa.com\/wp-content\/uploads\/2026\/04\/Win.jpg\" class=\"attachment-large size-large wp-image-11215\" alt=\"\" \/>\t\t\t\t\t\t\t\t<\/a>\n\t\t\t\t\t\t\t\t\t\t\t\t\t\t\t<\/div>\n\t\t\t\t\t<\/div>\n\t\t\t\t<\/div>\n\t\t<div data-scroll-custom-offset=\"\" data-scroll-custom-duration=\"\" data-scroll-css-progress=\"\" data-scroll-class=\"locoscroll-animate\" data-scroll-entrance-animation=\"\" class=\"wolf-core-elementor-row wolf-core-font- elementor-element elementor-element-a68ccfd e-flex e-con-boxed e-con e-parent\" data-font-skin=\"\" data-color-tone=\"\" data-id=\"a68ccfd\" data-element_type=\"container\" data-e-type=\"container\">\n\t\t\t\t\t<div class=\"e-con-inner\">\n\t\t\t\t<div class=\"elementor-element elementor-element-73ae898 elementor-widget elementor-widget-spacer\" data-id=\"73ae898\" data-element_type=\"widget\" data-e-type=\"widget\" data-widget_type=\"spacer.default\">\n\t\t\t\t\t\t\t<div class=\"elementor-spacer\">\n\t\t\t<div class=\"elementor-spacer-inner\"><\/div>\n\t\t<\/div>\n\t\t\t\t\t\t<\/div>\n\t\t\t\t<div class=\" elementor-element elementor-element-f69dfe9 elementor-widget elementor-widget-text-editor\" data-id=\"f69dfe9\" data-element_type=\"widget\" data-e-type=\"widget\" data-widget_type=\"text-editor.default\">\n\t\t\t\t\t\t\t\t\t<strong>Descripci\u00f3 del programa <\/strong>\t\t\t\t\t\t\t\t<\/div>\n\t\t\t\t<div data-animation=\"paragraph\" data-animation-delay=\"0\" class=\" elementor-element elementor-element-522d28d animated-text-yes elementor-widget elementor-widget-text-editor\" data-id=\"522d28d\" data-element_type=\"widget\" data-e-type=\"widget\" data-widget_type=\"text-editor.default\">\n\t\t\t\t\t\t\t\t\t<p data-start=\"0\" data-end=\"286\">Una immersi\u00f3 total en l\u2019univers art\u00edstic del creador convidat, explorant la seva visi\u00f3 global de la creaci\u00f3 esc\u00e8nica. Des dels conceptes inicials fins a la posada en escena, els participants treballen l\u2019estructuraci\u00f3 d\u2019idees, els processos de transformaci\u00f3 i l\u2019articulaci\u00f3 dramat\u00fargica. El treball es desenvolupa en grups redu\u00efts (30 participants), afavorint un proc\u00e9s creatiu profund i \u00edntim. El proc\u00e9s tamb\u00e9 inclou escenografia, il\u00b7luminaci\u00f3, disseny de vestuari i la col\u00b7laboraci\u00f3 amb compositors i altres artistes implicats en la producci\u00f3. Els participants adquireixen una comprensi\u00f3 profunda del m\u00f3n art\u00edstic complex i coherent que ha marcat el recorregut professional del creador.<\/p>\t\t\t\t\t\t\t\t<\/div>\n\t\t\t\t\t<\/div>\n\t\t\t\t<\/div>\n\t\t\t\t<\/div>\n\t\t","protected":false},"excerpt":{"rendered":"<p>INTENSIVE PRO CREATIVE LABS MONOGRAPHIC WORKSHOPS 9:30\u00a0 &#8211;\u00a0 13:0014:30 &#8211; 18:00 9:30\u00a0 &#8211;\u00a0 13:00\u00a0 \/\u00a0 14:30 &#8211; 18:00 Track 1 Track 2 Descripci\u00f3 del programa Una immersi\u00f3 total en l\u2019univers art\u00edstic del creador convidat, explorant la seva visi\u00f3 global de la creaci\u00f3 esc\u00e8nica. Des dels conceptes inicials fins a la posada en escena, els participants&#8230;<\/p>\n<p><a rel=\"bookmark\" class=\"theme-button-text wolf-core-button wolf-core-button-size-md\" href=\"https:\/\/vertebradansa.com\/ca\/monographic\/\"><span>Continue reading<\/span><\/a><\/p>\n","protected":false},"author":3,"featured_media":0,"parent":0,"menu_order":0,"comment_status":"closed","ping_status":"closed","template":"","meta":{"footnotes":""},"class_list":{"0":"post-12404","1":"page","2":"type-page","3":"status-publish","4":"hentry","5":"entry","6":"clearfix","7":"entry-grid","8":"entry-columns-default","9":"entry-page-module-layout-standard","10":"no-post-thumbnail","11":"entry-page","13":"entry-page-grid"},"_links":{"self":[{"href":"https:\/\/vertebradansa.com\/ca\/wp-json\/wp\/v2\/pages\/12404","targetHints":{"allow":["GET"]}}],"collection":[{"href":"https:\/\/vertebradansa.com\/ca\/wp-json\/wp\/v2\/pages"}],"about":[{"href":"https:\/\/vertebradansa.com\/ca\/wp-json\/wp\/v2\/types\/page"}],"author":[{"embeddable":true,"href":"https:\/\/vertebradansa.com\/ca\/wp-json\/wp\/v2\/users\/3"}],"replies":[{"embeddable":true,"href":"https:\/\/vertebradansa.com\/ca\/wp-json\/wp\/v2\/comments?post=12404"}],"version-history":[{"count":9,"href":"https:\/\/vertebradansa.com\/ca\/wp-json\/wp\/v2\/pages\/12404\/revisions"}],"predecessor-version":[{"id":12488,"href":"https:\/\/vertebradansa.com\/ca\/wp-json\/wp\/v2\/pages\/12404\/revisions\/12488"}],"wp:attachment":[{"href":"https:\/\/vertebradansa.com\/ca\/wp-json\/wp\/v2\/media?parent=12404"}],"curies":[{"name":"wp","href":"https:\/\/api.w.org\/{rel}","templated":true}]}}