{"id":13770,"date":"2026-05-05T11:54:26","date_gmt":"2026-05-05T10:54:26","guid":{"rendered":"https:\/\/vertebradansa.com\/?page_id=13770"},"modified":"2026-05-05T12:21:52","modified_gmt":"2026-05-05T11:21:52","slug":"urban-dance-kids","status":"publish","type":"page","link":"https:\/\/vertebradansa.com\/ca\/urban-dance-kids\/","title":{"rendered":"Urban Dance Kids"},"content":{"rendered":"\t\t<div data-elementor-type=\"wp-page\" data-elementor-id=\"13770\" class=\"elementor elementor-13770 elementor-13769\" data-elementor-post-type=\"page\">\n\t\t\t\t<div class=\"locoscroll-bg-animated wolf-core-elementor-row wolf-core-font-light elementor-element elementor-element-a74b0a3 wolf-core-font-light locoscroll-bg-parallax e-flex e-con-boxed e-con e-parent\" style=\"opacity:0;\" data-scroll=\"\" data-scroll-css-progress=\" \" data-bg-url=\"https:\/\/vertebradansa.com\/wp-content\/uploads\/2026\/04\/urban-BiN-scaled.png\" data-bg-url-tablet=\"\" data-bg-url-mobile=\"\" data-scroll-custom-offset=\"\" data-scroll-custom-duration=\"\" data-scroll-class=\"locoscroll-animate\" data-scroll-entrance-animation=\"\" data-font-skin=\"light\" data-color-tone=\"dark\" data-id=\"a74b0a3\" data-element_type=\"container\" data-e-type=\"container\" data-settings=\"{&quot;background_background&quot;:&quot;classic&quot;}\">\n\t\t\t\t\t<div class=\"e-con-inner\">\n\t\t\t\t<div class=\"elementor-element elementor-element-4d83f58 animated-heading-yes elementor-widget__width-initial elementor-widget elementor-widget-heading\" data-id=\"4d83f58\" data-element_type=\"widget\" data-e-type=\"widget\" data-widget_type=\"heading.default\">\n\t\t\t\t\t<h1 data-animation=\"title\" class=\"elementor-heading-title elementor-size-default\">URBAN DANCE<\/h1>\t\t\t\t<\/div>\n\t\t\t\t<div class=\"elementor-element elementor-element-26dfbd2 animated-heading-yes elementor-widget__width-initial elementor-widget elementor-widget-heading\" data-id=\"26dfbd2\" data-element_type=\"widget\" data-e-type=\"widget\" data-widget_type=\"heading.default\">\n\t\t\t\t\t<h1 data-animation=\"title\" class=\"elementor-heading-title elementor-size-default\">KIDS<\/h1>\t\t\t\t<\/div>\n\t\t<div data-scroll-custom-offset=\"\" data-scroll-custom-duration=\"\" data-scroll-css-progress=\"\" data-scroll-class=\"locoscroll-animate\" data-scroll-entrance-animation=\"\" class=\"wolf-core-elementor-row wolf-core-font- elementor-element elementor-element-d2a4776 e-con-full e-flex e-con e-child\" data-font-skin=\"\" data-color-tone=\"\" data-id=\"d2a4776\" data-element_type=\"container\" data-e-type=\"container\">\n\t\t<div data-scroll-custom-offset=\"\" data-scroll-custom-duration=\"\" data-scroll-css-progress=\"\" data-scroll-class=\"locoscroll-animate\" data-scroll-entrance-animation=\"\" class=\"wolf-core-elementor-row wolf-core-font- elementor-element elementor-element-dc6b356 e-con-full e-flex e-con e-child\" data-font-skin=\"\" data-color-tone=\"\" data-id=\"dc6b356\" data-element_type=\"container\" data-e-type=\"container\">\n\t\t\t\t<div class=\" elementor-element elementor-element-c62e660 elementor-widget__width-initial elementor-widget-mobile__width-initial elementor-invisible elementor-widget elementor-widget-text-editor\" data-id=\"c62e660\" data-element_type=\"widget\" data-e-type=\"widget\" data-settings=\"{&quot;_animation&quot;:&quot;fadeIn&quot;,&quot;_animation_delay&quot;:500}\" data-widget_type=\"text-editor.default\">\n\t\t\t\t\t\t\t\t\t<p><strong>Marc Adell<\/strong><br \/>De 11:30 a 13:00<br \/>Per a menors de 14 anys<\/p>\t\t\t\t\t\t\t\t<\/div>\n\t\t\t\t<div data-animation=\"paragraph\" data-animation-delay=\"0\" class=\" elementor-element elementor-element-a8e9406 animated-text-yes elementor-widget__width-initial elementor-widget elementor-widget-text-editor\" data-id=\"a8e9406\" data-element_type=\"widget\" data-e-type=\"widget\" data-widget_type=\"text-editor.default\">\n\t\t\t\t\t\t\t\t\tEn aquest taller treballarem la musicalitat, el groove i els passos b\u00e0sics del hip-hop, del dancehall, entre altres estils.\u00a0 A trav\u00e9s de diversos exercicis i activitats, desbloquejarem totes les parts del cos per poder moure\u2019ns amb m\u00e9s llibertat, m\u00e9s control i m\u00e9s energia. Explorarem com habitar l\u2019espai i posar el cos al servei de la m\u00fasica, mantenint-nos fidels a les arrels de les danses urbanes, des de l\u2019entrenament, el gaudi i la comunitat.\t\t\t\t\t\t\t\t<\/div>\n\t\t\t\t<div class=\" elementor-element elementor-element-c66515b elementor-widget elementor-widget-text-editor\" data-id=\"c66515b\" data-element_type=\"widget\" data-e-type=\"widget\" data-widget_type=\"text-editor.default\">\n\t\t\t\t\t\t\t\t\t<b>Anna Hierro<\/b>\t\t\t\t\t\t\t\t<\/div>\n\t\t\t\t<div data-animation=\"paragraph\" data-animation-delay=\"0\" class=\" elementor-element elementor-element-3496a5f animated-text-yes elementor-widget__width-initial elementor-widget elementor-widget-text-editor\" data-id=\"3496a5f\" data-element_type=\"widget\" data-e-type=\"widget\" data-widget_type=\"text-editor.default\">\n\t\t\t\t\t\t\t\t\tMarc Adell Verdoy \u00e9s ballar\u00ed i docent de danses urbanes.\nLa seva pr\u00e0ctica s\u2019inicia en el hip-hop i el breakdance, i evoluciona cap a una especialitzaci\u00f3 en dancehall i smooth urban, desenvolupant un inter\u00e8s particular per la musicalitat i la qualitat del moviment.\u00a0 S\u2019ha format a Urban Dance Factory i ha ampliat el seu recorregut a trav\u00e9s de diferents espais de formaci\u00f3, com la Monday Session d\u2019In\u00e9s Andr\u00e9s, la formaci\u00f3 rotativa de Kineo Company amb professors nacionals i internacionals, i So Unique, la formaci\u00f3 de Dylan Aranda. Actualment, compagina la doc\u00e8ncia amb els estudis universitaris de filosofia i la competici\u00f3, formant part de Kineo Company, amb qui participa en diferents campionats nacionals.\t\t\t\t\t\t\t\t<\/div>\n\t\t\t\t<\/div>\n\t\t<div data-scroll-custom-offset=\"\" data-scroll-custom-duration=\"\" data-scroll-css-progress=\"\" data-scroll-class=\"locoscroll-animate\" data-scroll-entrance-animation=\"\" class=\"wolf-core-elementor-row wolf-core-font- elementor-element elementor-element-b24fb22 e-con-full e-flex e-con e-child\" data-font-skin=\"\" data-color-tone=\"\" data-id=\"b24fb22\" data-element_type=\"container\" data-e-type=\"container\">\n\t\t\t\t<div class=\"elementor-element elementor-element-739c04e elementor-align-right elementor-invisible elementor-widget elementor-widget-button\" data-id=\"739c04e\" data-element_type=\"widget\" data-e-type=\"widget\" data-settings=\"{&quot;_animation&quot;:&quot;fadeIn&quot;,&quot;_animation_delay&quot;:1000}\" data-widget_type=\"button.default\">\n\t\t\t\t<div class=\"elementor-widget-container\">\n\t\t\t\t\t<div class=\"wolf-core-button-container wolf-core-element\"><a target=\"_blank\" href=\"https:\/\/docs.google.com\/forms\/d\/e\/1FAIpQLScu6fd6TnEJdqYb8bVZXjUVwat_cNaS1a3NkWHmZDpBQOGqpw\/viewform?usp=dialog\" role=\"button\" class=\"wolf-core-button wolf-core-button-size-lg theme-button-secondary\" id=\"\"\n\t\t\tstyle=\"\"\n\t\t><span class=\"wolf-core-button-text\">INSCRIU-TE<\/span><\/a><\/div><!-- .wolf-core-button-container -->\t\t\t\t<\/div>\n\t\t\t\t<\/div>\n\t\t\t\t<div data-animation=\"paragraph\" data-animation-delay=\"0\" class=\" elementor-element elementor-element-ecae65d animated-text-yes elementor-widget__width-initial elementor-widget elementor-widget-text-editor\" data-id=\"ecae65d\" data-element_type=\"widget\" data-e-type=\"widget\" data-widget_type=\"text-editor.default\">\n\t\t\t\t\t\t\t\t\t<p><b>Lloc: <\/b><br \/>Carpa Xirin<br \/>(Parc Municipal Teodor Gonz\u00e1lez)<\/p><p><b>Horari:<\/b><br \/><span style=\"font-weight: 400;\">De 11:30 a 13:00<\/span><\/p><p><b>Edat:<\/b><br \/><span style=\"font-weight: 400;\">Per a menors de 14 anys<\/span><\/p>\t\t\t\t\t\t\t\t<\/div>\n\t\t\t\t<\/div>\n\t\t\t\t<\/div>\n\t\t\t\t\t<\/div>\n\t\t\t\t<\/div>\n\t\t<div class=\"locoscroll-bg-animated wolf-core-elementor-row wolf-core-font-light elementor-element elementor-element-e7c776c wolf-core-font-light locoscroll-bg-parallax e-flex e-con-boxed e-con e-parent\" style=\"opacity:0;\" data-scroll=\"\" data-scroll-css-progress=\" \" data-bg-url=\"\" data-bg-url-tablet=\"\" data-bg-url-mobile=\"\" data-scroll-custom-offset=\"\" data-scroll-custom-duration=\"\" data-scroll-class=\"locoscroll-animate\" data-scroll-entrance-animation=\"\" data-font-skin=\"light\" data-color-tone=\"dark\" data-id=\"e7c776c\" data-element_type=\"container\" data-e-type=\"container\" data-settings=\"{&quot;background_background&quot;:&quot;classic&quot;}\">\n\t\t\t\t\t<div class=\"e-con-inner\">\n\t\t\t\t\t<\/div>\n\t\t\t\t<\/div>\n\t\t\t\t<\/div>\n\t\t","protected":false},"excerpt":{"rendered":"<p>URBAN DANCE KIDS Marc AdellDe 11:30 a 13:00Per a menors de 14 anys En aquest taller treballarem la musicalitat, el groove i els passos b\u00e0sics del hip-hop, del dancehall, entre altres estils.\u00a0 A trav\u00e9s de diversos exercicis i activitats, desbloquejarem totes les parts del cos per poder moure\u2019ns amb m\u00e9s llibertat, m\u00e9s control i m\u00e9s&#8230;<\/p>\n<p><a rel=\"bookmark\" class=\"theme-button-text wolf-core-button wolf-core-button-size-md\" href=\"https:\/\/vertebradansa.com\/ca\/urban-dance-kids\/\"><span>Continue reading<\/span><\/a><\/p>\n","protected":false},"author":1,"featured_media":0,"parent":0,"menu_order":0,"comment_status":"closed","ping_status":"closed","template":"","meta":{"footnotes":""},"class_list":{"0":"post-13770","1":"page","2":"type-page","3":"status-publish","4":"hentry","5":"entry","6":"clearfix","7":"entry-grid","8":"entry-columns-default","9":"entry-page-module-layout-standard","10":"no-post-thumbnail","11":"entry-page","13":"entry-page-grid"},"_links":{"self":[{"href":"https:\/\/vertebradansa.com\/ca\/wp-json\/wp\/v2\/pages\/13770","targetHints":{"allow":["GET"]}}],"collection":[{"href":"https:\/\/vertebradansa.com\/ca\/wp-json\/wp\/v2\/pages"}],"about":[{"href":"https:\/\/vertebradansa.com\/ca\/wp-json\/wp\/v2\/types\/page"}],"author":[{"embeddable":true,"href":"https:\/\/vertebradansa.com\/ca\/wp-json\/wp\/v2\/users\/1"}],"replies":[{"embeddable":true,"href":"https:\/\/vertebradansa.com\/ca\/wp-json\/wp\/v2\/comments?post=13770"}],"version-history":[{"count":6,"href":"https:\/\/vertebradansa.com\/ca\/wp-json\/wp\/v2\/pages\/13770\/revisions"}],"predecessor-version":[{"id":13791,"href":"https:\/\/vertebradansa.com\/ca\/wp-json\/wp\/v2\/pages\/13770\/revisions\/13791"}],"wp:attachment":[{"href":"https:\/\/vertebradansa.com\/ca\/wp-json\/wp\/v2\/media?parent=13770"}],"curies":[{"name":"wp","href":"https:\/\/api.w.org\/{rel}","templated":true}]}}