{"id":7247,"date":"2026-02-10T15:48:45","date_gmt":"2026-02-10T14:48:45","guid":{"rendered":"https:\/\/vertebradansa.com\/?page_id=7247"},"modified":"2026-03-11T15:49:10","modified_gmt":"2026-03-11T14:49:10","slug":"edicio-2011","status":"publish","type":"page","link":"https:\/\/vertebradansa.com\/ca\/edicio-2011\/","title":{"rendered":"Edici\u00f3 2011"},"content":{"rendered":"\t\t<div data-elementor-type=\"wp-page\" data-elementor-id=\"7247\" class=\"elementor elementor-7247\" data-elementor-post-type=\"page\">\n\t\t\t\t<div data-scroll-custom-offset=\"\" data-scroll-custom-duration=\"\" data-scroll-css-progress=\"\" data-scroll-class=\"locoscroll-animate\" data-scroll-entrance-animation=\"\" class=\"wolf-core-elementor-row wolf-core-font- elementor-element elementor-element-ffb27a2 e-flex e-con-boxed e-con e-parent\" data-font-skin=\"\" data-color-tone=\"\" data-id=\"ffb27a2\" data-element_type=\"container\" data-e-type=\"container\" data-settings=\"{&quot;background_background&quot;:&quot;classic&quot;}\">\n\t\t\t\t\t<div class=\"e-con-inner\">\n\t\t<div data-scroll-custom-offset=\"\" data-scroll-custom-duration=\"\" data-scroll-css-progress=\"\" data-scroll-class=\"locoscroll-animate\" data-scroll-entrance-animation=\"\" class=\"wolf-core-elementor-row wolf-core-font- elementor-element elementor-element-5df6a84 e-con-full e-flex e-con e-child\" data-font-skin=\"\" data-color-tone=\"\" data-id=\"5df6a84\" data-element_type=\"container\" data-e-type=\"container\">\n\t\t\t\t<div class=\"elementor-element elementor-element-470e9d9 elementor-widget elementor-widget-spacer\" data-id=\"470e9d9\" data-element_type=\"widget\" data-e-type=\"widget\" data-widget_type=\"spacer.default\">\n\t\t\t\t\t\t\t<div class=\"elementor-spacer\">\n\t\t\t<div class=\"elementor-spacer-inner\"><\/div>\n\t\t<\/div>\n\t\t\t\t\t\t<\/div>\n\t\t\t\t<div class=\"elementor-element elementor-element-fc514c9 animated-heading-yes elementor-widget elementor-widget-heading\" data-id=\"fc514c9\" data-element_type=\"widget\" data-e-type=\"widget\" data-widget_type=\"heading.default\">\n\t\t\t\t\t<h3 data-animation=\"subtitle\" class=\"elementor-heading-title elementor-size-default\">Edici\u00f3 2011<\/h3>\t\t\t\t<\/div>\n\t\t\t\t<div class=\"elementor-element elementor-element-179f9ab animated-heading-yes elementor-widget elementor-widget-heading\" data-id=\"179f9ab\" data-element_type=\"widget\" data-e-type=\"widget\" data-widget_type=\"heading.default\">\n\t\t\t\t\t<h3 data-animation=\"subtitle\" class=\"elementor-heading-title elementor-size-default\">Del 27 al 10 de juliol del 2011<\/h3>\t\t\t\t<\/div>\n\t\t\t\t<div class=\"elementor-element elementor-element-9d39be1 elementor-widget elementor-widget-spacer\" data-id=\"9d39be1\" data-element_type=\"widget\" data-e-type=\"widget\" data-widget_type=\"spacer.default\">\n\t\t\t\t\t\t\t<div class=\"elementor-spacer\">\n\t\t\t<div class=\"elementor-spacer-inner\"><\/div>\n\t\t<\/div>\n\t\t\t\t\t\t<\/div>\n\t\t<div class=\"locoscroll-bg-animated wolf-core-elementor-row wolf-core-font- elementor-element elementor-element-e9b303a e-con-full locoscroll-bg-parallax e-flex elementor-invisible e-con e-child\" style=\"opacity:0;\" data-scroll=\"\" data-scroll-css-progress=\" \" data-bg-url=\"https:\/\/vertebradansa.com\/wp-content\/uploads\/2026\/02\/edicio2011.webp\" data-scroll-custom-offset=\"\" data-scroll-custom-duration=\"\" data-scroll-class=\"locoscroll-animate\" data-scroll-entrance-animation=\"\" data-font-skin=\"\" data-color-tone=\"\" data-id=\"e9b303a\" data-element_type=\"container\" data-e-type=\"container\" data-settings=\"{&quot;background_background&quot;:&quot;classic&quot;,&quot;animation&quot;:&quot;fadeIn&quot;,&quot;animation_delay&quot;:500}\">\n\t\t\t\t<\/div>\n\t\t\t\t<\/div>\n\t\t<div data-scroll-custom-offset=\"\" data-scroll-custom-duration=\"\" data-scroll-css-progress=\"\" data-scroll-class=\"locoscroll-animate\" data-scroll-entrance-animation=\"\" class=\"wolf-core-elementor-row wolf-core-font- elementor-element elementor-element-4e69037 e-con-full e-flex e-con e-child\" data-font-skin=\"\" data-color-tone=\"\" data-id=\"4e69037\" data-element_type=\"container\" data-e-type=\"container\">\n\t\t\t\t<div class=\"elementor-element elementor-element-3afbcb5 elementor-widget elementor-widget-spacer\" data-id=\"3afbcb5\" data-element_type=\"widget\" data-e-type=\"widget\" data-widget_type=\"spacer.default\">\n\t\t\t\t\t\t\t<div class=\"elementor-spacer\">\n\t\t\t<div class=\"elementor-spacer-inner\"><\/div>\n\t\t<\/div>\n\t\t\t\t\t\t<\/div>\n\t\t\t\t<div data-animation=\"paragraph\" data-animation-delay=\"0\" class=\" elementor-element elementor-element-b0c6140 animated-text-yes elementor-widget elementor-widget-text-editor\" data-id=\"b0c6140\" data-element_type=\"widget\" data-e-type=\"widget\" data-widget_type=\"text-editor.default\">\n\t\t\t\t\t\t\t\t\t<div><p>Professors de formaci\u00f3 professional<\/p><\/div>\t\t\t\t\t\t\t\t<\/div>\n\t\t\t\t<div data-animation=\"paragraph\" data-animation-delay=\"0\" class=\" elementor-element elementor-element-af5a46e animated-text-yes elementor-widget elementor-widget-text-editor\" data-id=\"af5a46e\" data-element_type=\"widget\" data-e-type=\"widget\" data-widget_type=\"text-editor.default\">\n\t\t\t\t\t\t\t\t\t<div><p>Akos Hargitay, Anton Lachky, Ben \u201cFury\u201d, Bruno Caverna, David Zambrano, Erick Jim\u00e9nez, Jozef Frucek &amp; Linda Kapetanea, Laura Aris &amp; Jorge J\u00e1uregui, Martin Kilvady, Milan Herich, Milan Tom\u00e1\u0161ik, Peter Jasko, Rakesh Sukesh, Samuel Lefeuvre &amp; Tony Vezich.<\/p><\/div>\t\t\t\t\t\t\t\t<\/div>\n\t\t\t\t<div data-animation=\"paragraph\" data-animation-delay=\"0\" class=\" elementor-element elementor-element-0e987bd animated-text-yes elementor-widget elementor-widget-text-editor\" data-id=\"0e987bd\" data-element_type=\"widget\" data-e-type=\"widget\" data-widget_type=\"text-editor.default\">\n\t\t\t\t\t\t\t\t\t<div><p>Artistes i companyies convidades<\/p><\/div>\t\t\t\t\t\t\t\t<\/div>\n\t\t\t\t<div data-animation=\"paragraph\" data-animation-delay=\"0\" class=\" elementor-element elementor-element-8c73bac animated-text-yes elementor-widget elementor-widget-text-editor\" data-id=\"8c73bac\" data-element_type=\"widget\" data-e-type=\"widget\" data-widget_type=\"text-editor.default\">\n\t\t\t\t\t\t\t\t\t<div>Always Drinking Marching Band, Bal Moderne, Cirque Circoncentrique, David Zambrano, Imma \u201cLa Carbonera\u201d, Laura Aris &amp; Jorge J\u00e1uregui, Les SlovaKs dance collective, MagdaClan Circo, Pierre Bastien, RootlessRoot, Samuel Lefeuvre &amp; Tupperware Collective.<\/div>\t\t\t\t\t\t\t\t<\/div>\n\t\t\t\t<div class=\"elementor-element elementor-element-655fed7 elementor-widget elementor-widget-spacer\" data-id=\"655fed7\" data-element_type=\"widget\" data-e-type=\"widget\" data-widget_type=\"spacer.default\">\n\t\t\t\t\t\t\t<div class=\"elementor-spacer\">\n\t\t\t<div class=\"elementor-spacer-inner\"><\/div>\n\t\t<\/div>\n\t\t\t\t\t\t<\/div>\n\t\t\t\t<\/div>\n\t\t\t\t\t<\/div>\n\t\t\t\t<\/div>\n\t\t<div data-scroll-custom-offset=\"\" data-scroll-custom-duration=\"\" data-scroll-css-progress=\"\" data-scroll-class=\"locoscroll-animate\" data-scroll-entrance-animation=\"\" class=\"wolf-core-elementor-row wolf-core-font- elementor-element elementor-element-4686b10 e-flex e-con-boxed e-con e-parent\" data-font-skin=\"\" data-color-tone=\"\" data-id=\"4686b10\" data-element_type=\"container\" data-e-type=\"container\" data-settings=\"{&quot;background_background&quot;:&quot;classic&quot;}\">\n\t\t\t\t\t<div class=\"e-con-inner\">\n\t\t<div data-scroll-custom-offset=\"\" data-scroll-custom-duration=\"\" data-scroll-css-progress=\"\" data-scroll-class=\"locoscroll-animate\" data-scroll-entrance-animation=\"\" class=\"wolf-core-elementor-row wolf-core-font- elementor-element elementor-element-f7425b5 e-con-full e-flex e-con e-child\" data-font-skin=\"\" data-color-tone=\"\" data-id=\"f7425b5\" data-element_type=\"container\" data-e-type=\"container\">\n\t\t\t\t<div class=\"elementor-element elementor-element-e5faada animated-heading-yes elementor-widget__width-initial elementor-widget elementor-widget-heading\" data-id=\"e5faada\" data-element_type=\"widget\" data-e-type=\"widget\" data-widget_type=\"heading.default\">\n\t\t\t\t\t<h3 data-animation=\"subtitle\" class=\"elementor-heading-title elementor-size-default\">Edicions pr\u00e8vies<\/h3>\t\t\t\t<\/div>\n\t\t\t\t<div class=\"elementor-element elementor-element-176e8b2 elementor-nav-menu--dropdown-tablet elementor-nav-menu__text-align-aside elementor-nav-menu--toggle elementor-nav-menu--burger elementor-widget elementor-widget-nav-menu\" data-id=\"176e8b2\" data-element_type=\"widget\" data-e-type=\"widget\" data-settings=\"{&quot;layout&quot;:&quot;horizontal&quot;,&quot;submenu_icon&quot;:{&quot;value&quot;:&quot;&lt;svg aria-hidden=\\&quot;true\\&quot; class=\\&quot;e-font-icon-svg e-fas-caret-down\\&quot; viewBox=\\&quot;0 0 320 512\\&quot; xmlns=\\&quot;http:\\\/\\\/www.w3.org\\\/2000\\\/svg\\&quot;&gt;&lt;path d=\\&quot;M31.3 192h257.3c17.8 0 26.7 21.5 14.1 34.1L174.1 354.8c-7.8 7.8-20.5 7.8-28.3 0L17.2 226.1C4.6 213.5 13.5 192 31.3 192z\\&quot;&gt;&lt;\\\/path&gt;&lt;\\\/svg&gt;&quot;,&quot;library&quot;:&quot;fa-solid&quot;},&quot;toggle&quot;:&quot;burger&quot;}\" data-widget_type=\"nav-menu.default\">\n\t\t\t\t\t\t\t\t<nav aria-label=\"Menu\" class=\"elementor-nav-menu--main elementor-nav-menu__container elementor-nav-menu--layout-horizontal e--pointer-underline e--animation-fade\">\n\t\t\t\t<ul id=\"menu-1-176e8b2\" class=\"elementor-nav-menu\"><li class=\"menu-item menu-item-type-post_type menu-item-object-page menu-item-7475\"><a href=\"https:\/\/vertebradansa.com\/ca\/edicio-2025\/\" class=\"elementor-item\"><span class=\"menu-item-inner\"><span class=\"menu-item-text-container\" itemprop=\"name\">2025<\/span><\/span><\/a><\/li>\n<li class=\"menu-item menu-item-type-post_type menu-item-object-page menu-item-7476\"><a href=\"https:\/\/vertebradansa.com\/ca\/edicio-2024\/\" class=\"elementor-item\"><span class=\"menu-item-inner\"><span class=\"menu-item-text-container\" itemprop=\"name\">2024<\/span><\/span><\/a><\/li>\n<li class=\"menu-item menu-item-type-post_type menu-item-object-page menu-item-7477\"><a href=\"https:\/\/vertebradansa.com\/ca\/edicio-2023\/\" class=\"elementor-item\"><span class=\"menu-item-inner\"><span class=\"menu-item-text-container\" itemprop=\"name\">2023<\/span><\/span><\/a><\/li>\n<li class=\"menu-item menu-item-type-post_type menu-item-object-page menu-item-7437\"><a href=\"https:\/\/vertebradansa.com\/ca\/edicio-2022\/\" class=\"elementor-item\"><span class=\"menu-item-inner\"><span class=\"menu-item-text-container\" itemprop=\"name\">2022<\/span><\/span><\/a><\/li>\n<li class=\"menu-item menu-item-type-post_type menu-item-object-page menu-item-7438\"><a href=\"https:\/\/vertebradansa.com\/ca\/edicio-2021\/\" class=\"elementor-item\"><span class=\"menu-item-inner\"><span class=\"menu-item-text-container\" itemprop=\"name\">2021<\/span><\/span><\/a><\/li>\n<li class=\"menu-item menu-item-type-post_type menu-item-object-page menu-item-7421\"><a href=\"https:\/\/vertebradansa.com\/ca\/edicio-2020\/\" class=\"elementor-item\"><span class=\"menu-item-inner\"><span class=\"menu-item-text-container\" itemprop=\"name\">2020<\/span><\/span><\/a><\/li>\n<li class=\"menu-item menu-item-type-post_type menu-item-object-page menu-item-7422\"><a href=\"https:\/\/vertebradansa.com\/ca\/edicio-2019\/\" class=\"elementor-item\"><span class=\"menu-item-inner\"><span class=\"menu-item-text-container\" itemprop=\"name\">2019<\/span><\/span><\/a><\/li>\n<li class=\"menu-item menu-item-type-post_type menu-item-object-page menu-item-7407\"><a href=\"https:\/\/vertebradansa.com\/ca\/edicio-2018\/\" class=\"elementor-item\"><span class=\"menu-item-inner\"><span class=\"menu-item-text-container\" itemprop=\"name\">2018<\/span><\/span><\/a><\/li>\n<li class=\"menu-item menu-item-type-post_type menu-item-object-page menu-item-7385\"><a href=\"https:\/\/vertebradansa.com\/ca\/edicio-2017\/\" class=\"elementor-item\"><span class=\"menu-item-inner\"><span class=\"menu-item-text-container\" itemprop=\"name\">2017<\/span><\/span><\/a><\/li>\n<li class=\"menu-item menu-item-type-post_type menu-item-object-page menu-item-7386\"><a href=\"https:\/\/vertebradansa.com\/ca\/edicio-2016\/\" class=\"elementor-item\"><span class=\"menu-item-inner\"><span class=\"menu-item-text-container\" itemprop=\"name\">2016<\/span><\/span><\/a><\/li>\n<li class=\"menu-item menu-item-type-post_type menu-item-object-page menu-item-7387\"><a href=\"https:\/\/vertebradansa.com\/ca\/edicio-2015\/\" class=\"elementor-item\"><span class=\"menu-item-inner\"><span class=\"menu-item-text-container\" itemprop=\"name\">2015<\/span><\/span><\/a><\/li>\n<li class=\"menu-item menu-item-type-post_type menu-item-object-page menu-item-7388\"><a href=\"https:\/\/vertebradansa.com\/ca\/edicio-2014\/\" class=\"elementor-item\"><span class=\"menu-item-inner\"><span class=\"menu-item-text-container\" itemprop=\"name\">2014<\/span><\/span><\/a><\/li>\n<li class=\"menu-item menu-item-type-post_type menu-item-object-page menu-item-7363\"><a href=\"https:\/\/vertebradansa.com\/ca\/edicio-2013\/\" class=\"elementor-item\"><span class=\"menu-item-inner\"><span class=\"menu-item-text-container\" itemprop=\"name\">2013<\/span><\/span><\/a><\/li>\n<li class=\"menu-item menu-item-type-post_type menu-item-object-page menu-item-7364\"><a href=\"https:\/\/vertebradansa.com\/ca\/edicio-2012\/\" class=\"elementor-item\"><span class=\"menu-item-inner\"><span class=\"menu-item-text-container\" itemprop=\"name\">2012<\/span><\/span><\/a><\/li>\n<li class=\"menu-item menu-item-type-post_type menu-item-object-page menu-item-7253\"><a href=\"https:\/\/vertebradansa.com\/ca\/edicio-2011\/\" class=\"elementor-item\"><span class=\"menu-item-inner\"><span class=\"menu-item-text-container\" itemprop=\"name\">2011<\/span><\/span><\/a><\/li>\n<li class=\"menu-item menu-item-type-post_type menu-item-object-page menu-item-7254\"><a href=\"https:\/\/vertebradansa.com\/ca\/edicio-2010\/\" class=\"elementor-item\"><span class=\"menu-item-inner\"><span class=\"menu-item-text-container\" itemprop=\"name\">2010<\/span><\/span><\/a><\/li>\n<li class=\"menu-item menu-item-type-post_type menu-item-object-page menu-item-7255\"><a href=\"https:\/\/vertebradansa.com\/ca\/edicio-2009\/\" class=\"elementor-item\"><span class=\"menu-item-inner\"><span class=\"menu-item-text-container\" itemprop=\"name\">2009<\/span><\/span><\/a><\/li>\n<li class=\"menu-item menu-item-type-post_type menu-item-object-page menu-item-7133\"><a href=\"https:\/\/vertebradansa.com\/ca\/edicio-2008\/\" class=\"elementor-item\"><span class=\"menu-item-inner\"><span class=\"menu-item-text-container\" itemprop=\"name\">2008<\/span><\/span><\/a><\/li>\n<li class=\"menu-item menu-item-type-post_type menu-item-object-page menu-item-7149\"><a href=\"https:\/\/vertebradansa.com\/ca\/edicio-2007\/\" class=\"elementor-item\"><span class=\"menu-item-inner\"><span class=\"menu-item-text-container\" itemprop=\"name\">2007<\/span><\/span><\/a><\/li>\n<li class=\"menu-item menu-item-type-post_type menu-item-object-page menu-item-7150\"><a href=\"https:\/\/vertebradansa.com\/ca\/edicio-2006\/\" class=\"elementor-item\"><span class=\"menu-item-inner\"><span class=\"menu-item-text-container\" itemprop=\"name\">2006<\/span><\/span><\/a><\/li>\n<li class=\"menu-item menu-item-type-post_type menu-item-object-page menu-item-7134\"><a href=\"https:\/\/vertebradansa.com\/ca\/edicio-2005\/\" class=\"elementor-item\"><span class=\"menu-item-inner\"><span class=\"menu-item-text-container\" itemprop=\"name\">2005<\/span><\/span><\/a><\/li>\n<\/ul>\t\t\t<\/nav>\n\t\t\t\t\t<div class=\"elementor-menu-toggle\" role=\"button\" tabindex=\"0\" aria-label=\"Menu Toggle\" aria-expanded=\"false\">\n\t\t\t<svg aria-hidden=\"true\" role=\"presentation\" class=\"elementor-menu-toggle__icon--open e-font-icon-svg e-eicon-menu-bar\" viewBox=\"0 0 1000 1000\" xmlns=\"http:\/\/www.w3.org\/2000\/svg\"><path d=\"M104 333H896C929 333 958 304 958 271S929 208 896 208H104C71 208 42 237 42 271S71 333 104 333ZM104 583H896C929 583 958 554 958 521S929 458 896 458H104C71 458 42 487 42 521S71 583 104 583ZM104 833H896C929 833 958 804 958 771S929 708 896 708H104C71 708 42 737 42 771S71 833 104 833Z\"><\/path><\/svg><svg aria-hidden=\"true\" role=\"presentation\" class=\"elementor-menu-toggle__icon--close e-font-icon-svg e-eicon-close\" viewBox=\"0 0 1000 1000\" xmlns=\"http:\/\/www.w3.org\/2000\/svg\"><path d=\"M742 167L500 408 258 167C246 154 233 150 217 150 196 150 179 158 167 167 154 179 150 196 150 212 150 229 154 242 171 254L408 500 167 742C138 771 138 800 167 829 196 858 225 858 254 829L496 587 738 829C750 842 767 846 783 846 800 846 817 842 829 829 842 817 846 804 846 783 846 767 842 750 829 737L588 500 833 258C863 229 863 200 833 171 804 137 775 137 742 167Z\"><\/path><\/svg>\t\t<\/div>\n\t\t\t\t\t<nav class=\"elementor-nav-menu--dropdown elementor-nav-menu__container\" aria-hidden=\"true\">\n\t\t\t\t<ul id=\"menu-2-176e8b2\" class=\"elementor-nav-menu\"><li class=\"menu-item menu-item-type-post_type menu-item-object-page menu-item-7475\"><a href=\"https:\/\/vertebradansa.com\/ca\/edicio-2025\/\" class=\"elementor-item\" tabindex=\"-1\"><span class=\"menu-item-inner\"><span class=\"menu-item-text-container\" itemprop=\"name\">2025<\/span><\/span><\/a><\/li>\n<li class=\"menu-item menu-item-type-post_type menu-item-object-page menu-item-7476\"><a href=\"https:\/\/vertebradansa.com\/ca\/edicio-2024\/\" class=\"elementor-item\" tabindex=\"-1\"><span class=\"menu-item-inner\"><span class=\"menu-item-text-container\" itemprop=\"name\">2024<\/span><\/span><\/a><\/li>\n<li class=\"menu-item menu-item-type-post_type menu-item-object-page menu-item-7477\"><a href=\"https:\/\/vertebradansa.com\/ca\/edicio-2023\/\" class=\"elementor-item\" tabindex=\"-1\"><span class=\"menu-item-inner\"><span class=\"menu-item-text-container\" itemprop=\"name\">2023<\/span><\/span><\/a><\/li>\n<li class=\"menu-item menu-item-type-post_type menu-item-object-page menu-item-7437\"><a href=\"https:\/\/vertebradansa.com\/ca\/edicio-2022\/\" class=\"elementor-item\" tabindex=\"-1\"><span class=\"menu-item-inner\"><span class=\"menu-item-text-container\" itemprop=\"name\">2022<\/span><\/span><\/a><\/li>\n<li class=\"menu-item menu-item-type-post_type menu-item-object-page menu-item-7438\"><a href=\"https:\/\/vertebradansa.com\/ca\/edicio-2021\/\" class=\"elementor-item\" tabindex=\"-1\"><span class=\"menu-item-inner\"><span class=\"menu-item-text-container\" itemprop=\"name\">2021<\/span><\/span><\/a><\/li>\n<li class=\"menu-item menu-item-type-post_type menu-item-object-page menu-item-7421\"><a href=\"https:\/\/vertebradansa.com\/ca\/edicio-2020\/\" class=\"elementor-item\" tabindex=\"-1\"><span class=\"menu-item-inner\"><span class=\"menu-item-text-container\" itemprop=\"name\">2020<\/span><\/span><\/a><\/li>\n<li class=\"menu-item menu-item-type-post_type menu-item-object-page menu-item-7422\"><a href=\"https:\/\/vertebradansa.com\/ca\/edicio-2019\/\" class=\"elementor-item\" tabindex=\"-1\"><span class=\"menu-item-inner\"><span class=\"menu-item-text-container\" itemprop=\"name\">2019<\/span><\/span><\/a><\/li>\n<li class=\"menu-item menu-item-type-post_type menu-item-object-page menu-item-7407\"><a href=\"https:\/\/vertebradansa.com\/ca\/edicio-2018\/\" class=\"elementor-item\" tabindex=\"-1\"><span class=\"menu-item-inner\"><span class=\"menu-item-text-container\" itemprop=\"name\">2018<\/span><\/span><\/a><\/li>\n<li class=\"menu-item menu-item-type-post_type menu-item-object-page menu-item-7385\"><a href=\"https:\/\/vertebradansa.com\/ca\/edicio-2017\/\" class=\"elementor-item\" tabindex=\"-1\"><span class=\"menu-item-inner\"><span class=\"menu-item-text-container\" itemprop=\"name\">2017<\/span><\/span><\/a><\/li>\n<li class=\"menu-item menu-item-type-post_type menu-item-object-page menu-item-7386\"><a href=\"https:\/\/vertebradansa.com\/ca\/edicio-2016\/\" class=\"elementor-item\" tabindex=\"-1\"><span class=\"menu-item-inner\"><span class=\"menu-item-text-container\" itemprop=\"name\">2016<\/span><\/span><\/a><\/li>\n<li class=\"menu-item menu-item-type-post_type menu-item-object-page menu-item-7387\"><a href=\"https:\/\/vertebradansa.com\/ca\/edicio-2015\/\" class=\"elementor-item\" tabindex=\"-1\"><span class=\"menu-item-inner\"><span class=\"menu-item-text-container\" itemprop=\"name\">2015<\/span><\/span><\/a><\/li>\n<li class=\"menu-item menu-item-type-post_type menu-item-object-page menu-item-7388\"><a href=\"https:\/\/vertebradansa.com\/ca\/edicio-2014\/\" class=\"elementor-item\" tabindex=\"-1\"><span class=\"menu-item-inner\"><span class=\"menu-item-text-container\" itemprop=\"name\">2014<\/span><\/span><\/a><\/li>\n<li class=\"menu-item menu-item-type-post_type menu-item-object-page menu-item-7363\"><a href=\"https:\/\/vertebradansa.com\/ca\/edicio-2013\/\" class=\"elementor-item\" tabindex=\"-1\"><span class=\"menu-item-inner\"><span class=\"menu-item-text-container\" itemprop=\"name\">2013<\/span><\/span><\/a><\/li>\n<li class=\"menu-item menu-item-type-post_type menu-item-object-page menu-item-7364\"><a href=\"https:\/\/vertebradansa.com\/ca\/edicio-2012\/\" class=\"elementor-item\" tabindex=\"-1\"><span class=\"menu-item-inner\"><span class=\"menu-item-text-container\" itemprop=\"name\">2012<\/span><\/span><\/a><\/li>\n<li class=\"menu-item menu-item-type-post_type menu-item-object-page menu-item-7253\"><a href=\"https:\/\/vertebradansa.com\/ca\/edicio-2011\/\" class=\"elementor-item\" tabindex=\"-1\"><span class=\"menu-item-inner\"><span class=\"menu-item-text-container\" itemprop=\"name\">2011<\/span><\/span><\/a><\/li>\n<li class=\"menu-item menu-item-type-post_type menu-item-object-page menu-item-7254\"><a href=\"https:\/\/vertebradansa.com\/ca\/edicio-2010\/\" class=\"elementor-item\" tabindex=\"-1\"><span class=\"menu-item-inner\"><span class=\"menu-item-text-container\" itemprop=\"name\">2010<\/span><\/span><\/a><\/li>\n<li class=\"menu-item menu-item-type-post_type menu-item-object-page menu-item-7255\"><a href=\"https:\/\/vertebradansa.com\/ca\/edicio-2009\/\" class=\"elementor-item\" tabindex=\"-1\"><span class=\"menu-item-inner\"><span class=\"menu-item-text-container\" itemprop=\"name\">2009<\/span><\/span><\/a><\/li>\n<li class=\"menu-item menu-item-type-post_type menu-item-object-page menu-item-7133\"><a href=\"https:\/\/vertebradansa.com\/ca\/edicio-2008\/\" class=\"elementor-item\" tabindex=\"-1\"><span class=\"menu-item-inner\"><span class=\"menu-item-text-container\" itemprop=\"name\">2008<\/span><\/span><\/a><\/li>\n<li class=\"menu-item menu-item-type-post_type menu-item-object-page menu-item-7149\"><a href=\"https:\/\/vertebradansa.com\/ca\/edicio-2007\/\" class=\"elementor-item\" tabindex=\"-1\"><span class=\"menu-item-inner\"><span class=\"menu-item-text-container\" itemprop=\"name\">2007<\/span><\/span><\/a><\/li>\n<li class=\"menu-item menu-item-type-post_type menu-item-object-page menu-item-7150\"><a href=\"https:\/\/vertebradansa.com\/ca\/edicio-2006\/\" class=\"elementor-item\" tabindex=\"-1\"><span class=\"menu-item-inner\"><span class=\"menu-item-text-container\" itemprop=\"name\">2006<\/span><\/span><\/a><\/li>\n<li class=\"menu-item menu-item-type-post_type menu-item-object-page menu-item-7134\"><a href=\"https:\/\/vertebradansa.com\/ca\/edicio-2005\/\" class=\"elementor-item\" tabindex=\"-1\"><span class=\"menu-item-inner\"><span class=\"menu-item-text-container\" itemprop=\"name\">2005<\/span><\/span><\/a><\/li>\n<\/ul>\t\t\t<\/nav>\n\t\t\t\t\t\t<\/div>\n\t\t\t\t<\/div>\n\t\t\t\t\t<\/div>\n\t\t\t\t<\/div>\n\t\t\t\t<\/div>\n\t\t","protected":false},"excerpt":{"rendered":"<p>Edici\u00f3 2011 Del 27 al 10 de juliol del 2011 Professors de formaci\u00f3 professional Akos Hargitay, Anton Lachky, Ben \u201cFury\u201d, Bruno Caverna, David Zambrano, Erick Jim\u00e9nez, Jozef Frucek &amp; Linda Kapetanea, Laura Aris &amp; Jorge J\u00e1uregui, Martin Kilvady, Milan Herich, Milan Tom\u00e1\u0161ik, Peter Jasko, Rakesh Sukesh, Samuel Lefeuvre &amp; Tony Vezich. Artistes i companyies convidades&#8230;<\/p>\n<p><a rel=\"bookmark\" class=\"theme-button-text wolf-core-button wolf-core-button-size-md\" href=\"https:\/\/vertebradansa.com\/ca\/edicio-2011\/\"><span>Continue reading<\/span><\/a><\/p>\n","protected":false},"author":3,"featured_media":0,"parent":0,"menu_order":0,"comment_status":"closed","ping_status":"closed","template":"","meta":{"footnotes":""},"class_list":{"0":"post-7247","1":"page","2":"type-page","3":"status-publish","4":"hentry","5":"entry","6":"clearfix","7":"entry-grid","8":"entry-columns-default","9":"entry-page-module-layout-standard","10":"no-post-thumbnail","11":"entry-page","13":"entry-page-grid"},"_links":{"self":[{"href":"https:\/\/vertebradansa.com\/ca\/wp-json\/wp\/v2\/pages\/7247","targetHints":{"allow":["GET"]}}],"collection":[{"href":"https:\/\/vertebradansa.com\/ca\/wp-json\/wp\/v2\/pages"}],"about":[{"href":"https:\/\/vertebradansa.com\/ca\/wp-json\/wp\/v2\/types\/page"}],"author":[{"embeddable":true,"href":"https:\/\/vertebradansa.com\/ca\/wp-json\/wp\/v2\/users\/3"}],"replies":[{"embeddable":true,"href":"https:\/\/vertebradansa.com\/ca\/wp-json\/wp\/v2\/comments?post=7247"}],"version-history":[{"count":10,"href":"https:\/\/vertebradansa.com\/ca\/wp-json\/wp\/v2\/pages\/7247\/revisions"}],"predecessor-version":[{"id":7290,"href":"https:\/\/vertebradansa.com\/ca\/wp-json\/wp\/v2\/pages\/7247\/revisions\/7290"}],"wp:attachment":[{"href":"https:\/\/vertebradansa.com\/ca\/wp-json\/wp\/v2\/media?parent=7247"}],"curies":[{"name":"wp","href":"https:\/\/api.w.org\/{rel}","templated":true}]}}