{"id":7795,"date":"2026-02-16T16:11:53","date_gmt":"2026-02-16T15:11:53","guid":{"rendered":"https:\/\/vertebradansa.com\/?page_id=7795"},"modified":"2026-04-13T10:22:42","modified_gmt":"2026-04-13T09:22:42","slug":"avis-legal","status":"publish","type":"page","link":"https:\/\/vertebradansa.com\/ca\/avis-legal\/","title":{"rendered":"Av\u00eds Legal"},"content":{"rendered":"\t\t<div data-elementor-type=\"wp-page\" data-elementor-id=\"7795\" class=\"elementor elementor-7795\" data-elementor-post-type=\"page\">\n\t\t\t\t<div data-scroll-custom-offset=\"\" data-scroll-custom-duration=\"\" data-scroll-css-progress=\"\" data-scroll-class=\"locoscroll-animate\" data-scroll-entrance-animation=\"\" class=\"wolf-core-elementor-row wolf-core-font- elementor-element elementor-element-ffb27a2 e-flex e-con-boxed e-con e-parent\" data-font-skin=\"\" data-color-tone=\"\" data-id=\"ffb27a2\" data-element_type=\"container\" data-e-type=\"container\" data-settings=\"{&quot;background_background&quot;:&quot;classic&quot;}\">\n\t\t\t\t\t<div class=\"e-con-inner\">\n\t\t<div data-scroll-custom-offset=\"\" data-scroll-custom-duration=\"\" data-scroll-css-progress=\"\" data-scroll-class=\"locoscroll-animate\" data-scroll-entrance-animation=\"\" class=\"wolf-core-elementor-row wolf-core-font- elementor-element elementor-element-5df6a84 e-con-full e-flex e-con e-child\" data-font-skin=\"\" data-color-tone=\"\" data-id=\"5df6a84\" data-element_type=\"container\" data-e-type=\"container\">\n\t\t\t\t<div class=\"elementor-element elementor-element-470e9d9 elementor-widget elementor-widget-spacer\" data-id=\"470e9d9\" data-element_type=\"widget\" data-e-type=\"widget\" data-widget_type=\"spacer.default\">\n\t\t\t\t\t\t\t<div class=\"elementor-spacer\">\n\t\t\t<div class=\"elementor-spacer-inner\"><\/div>\n\t\t<\/div>\n\t\t\t\t\t\t<\/div>\n\t\t\t\t<div class=\"elementor-element elementor-element-fc514c9 animated-heading-yes elementor-widget elementor-widget-heading\" data-id=\"fc514c9\" data-element_type=\"widget\" data-e-type=\"widget\" data-widget_type=\"heading.default\">\n\t\t\t\t\t<h3 data-animation=\"subtitle\" class=\"elementor-heading-title elementor-size-default\">Av\u00eds Legal<\/h3>\t\t\t\t<\/div>\n\t\t\t\t<div data-animation=\"paragraph\" data-animation-delay=\"0\" class=\" elementor-element elementor-element-b0c6140 animated-text-yes elementor-widget elementor-widget-text-editor\" data-id=\"b0c6140\" data-element_type=\"widget\" data-e-type=\"widget\" data-widget_type=\"text-editor.default\">\n\t\t\t\t\t\t\t\t\t<p><strong>LLEI DELS SERVEIS DE LA SOCIETAT DE LA INFORMACI\u00d3 (LSSI)<\/strong><\/p>\t\t\t\t\t\t\t\t<\/div>\n\t\t\t\t<div data-animation=\"paragraph\" data-animation-delay=\"0\" class=\" elementor-element elementor-element-87ab4f8 animated-text-yes elementor-widget elementor-widget-text-editor\" data-id=\"87ab4f8\" data-element_type=\"widget\" data-e-type=\"widget\" data-widget_type=\"text-editor.default\">\n\t\t\t\t\t\t\t\t\t<p>L&#8217;ASSOCIACI\u00d3 AMICS DE LES ARTS ESC\u00c8NIQUES TERRES DE L&#8217;EBRE, responsable del lloc web, posa a la disposici\u00f3 dels usuaris el present document, amb el qual pret\u00e9n donar compliment a les obligacions disposades en la Llei 34\/2002, d\u201911 de juliol, de Serveis de la Societat de la Informaci\u00f3 i de Comer\u00e7 Electr\u00f2nic (LSSICE), BOE n\u00fam. 166, aix\u00ed com informar a tots els usuaris del lloc web respecte a quins s\u00f3n les condicions d\u2019\u00fas.<\/p><p>Tota persona que accedeixi a aquest lloc web assumeix el paper d\u2019usuari, comprometent-se a l\u2019observan\u00e7a i compliment rigor\u00f3s de les disposicions aqu\u00ed disposades, aix\u00ed com a qualsevol altra disposici\u00f3 legal que fos aplicable.<\/p><p>ASSOCIACI\u00d3 AMICS DE LES ARTS ESC\u00c8NIQUES TERRES DE L&#8217;EBRE es reserva el dret de modificar qualsevol tipus d\u2019informaci\u00f3 que pogu\u00e9s apar\u00e8ixer en el lloc web, sense que existeixi obligaci\u00f3 de preavisar o posar en coneixement dels usuaris aquestes obligacions, entenent-se com a suficient amb la publicaci\u00f3 en el lloc web de ROBERTO OLIVAN PERFORMING ARTS SL.<\/p><p><strong>1. DADES IDENTIFICATIVES<\/strong><\/p><p>Nom de domini:\u00a0<a href=\"https:\/\/www.vertebradansa.com\/\" target=\"_blank\" rel=\"noreferrer noopener\">https:\/\/www.vertebradansa.com\/<\/a><br \/>Nom comercial: Festival Vertebra Dansa.<br \/>Denominaci\u00f3 social: ASSOCIACI\u00d3 AMICS DE LES ARTS ESC\u00c8NIQUES TERRES DE L&#8217;EBRE<br \/>CIF: G55559041 Domicili social: Avinguda Catalunya n\u00famero 117-119, 6\u00e8 4a <br \/>43870 Amposta Tel\u00e8fon: 662088335 <br \/>Correu electr\u00f2nic:\u00a0<a href=\"mailto:protecciodades@robertoolivan.com\" target=\"_blank\" rel=\"noreferrer noopener\">protecciodades@robertoolivan.com<\/a><br \/>Inscrita en el Registre d&#8217;associacions): N\u00fam.46479<\/p><p><strong>2. DRETS DE PROPIETAT INTEL\u00b7LECTUAL I INDUSTRIAL<\/strong><\/p><p>El lloc web, incloent-hi t\u00edtol enunciatiu per\u00f2 no limitatiu la seva programaci\u00f3, edici\u00f3, compilaci\u00f3 i altres elements necessaris per al seu funcionament, els dissenys, logotips, text i\/o gr\u00e0fics, s\u00f3n propietat de l&#8217;ASSOCIACI\u00d3 AMICS DE LES ARTS ESC\u00c8NIQUES TERRES DE L&#8217;EBRE o, si \u00e9s el cas, disposa de llic\u00e8ncia o autoritzaci\u00f3 expressa per part dels autors. Tots els continguts del lloc web es troben degudament protegits per la normativa de propietat intel\u00b7lectual i industrial, aix\u00ed com inscrits en els registres p\u00fablics corresponents.<\/p><p>Independentment de la finalitat per a la qual fossin destinats, la reproducci\u00f3 total o parcial, \u00fas, explotaci\u00f3, distribuci\u00f3 i comercialitzaci\u00f3, requereix en tot cas de l\u2019autoritzaci\u00f3 escrita pr\u00e8via per part de l&#8217;ASSOCIACI\u00d3 AMICS DE LES ARTS ESC\u00c8NIQUES TERRES DE L&#8217;EBRE. Qualsevol \u00fas no autoritzat pr\u00e8viament es considera un incompliment greu dels drets de propietat intel\u00b7lectual o industrial de l\u2019autor.<\/p><p>Els dissenys, logotips, text i\/o gr\u00e0fics aliens a l&#8217;ASSOCIACI\u00d3 AMICS DE LES ARTS ESC\u00c8NIQUES TERRES DE L&#8217;EBRE i que poguessin apar\u00e8ixer en el lloc web, pertanyen als seus respectius propietaris, sent ells mateixos responsables de qualsevol possible controv\u00e8rsia que pogu\u00e9s suscitar-se respecte a aquests. ROBERTO OLIVAN PERFORMING ARTS SL autoritza expressament al fet que tercers puguin redirigir directament als continguts concrets del lloc web, i en tot cas redirigir al lloc web principal d\u2019https:\/\/www.deltebredansa.com\/\u00a0<\/p><p>ROBERTO OLIVAN PERFORMING ARTS SL reconeix a favor dels seus titulars els corresponents drets de propietat intel\u00b7lectual i industrial, no implicant el seu sol esment o aparici\u00f3 en el lloc web, l\u2019exist\u00e8ncia de drets o cap responsabilitat sobre aquests, com tampoc suport, patrocini o recomanaci\u00f3 per part d\u2019aquest.<\/p><p>Per a realitzar qualsevol tipus d\u2019observaci\u00f3 respecte a possibles incompliments dels drets de propietat intel\u00b7lectual o industrial, aix\u00ed com sobre qualsevol dels continguts del lloc web, pot fer-lo a trav\u00e9s del correu electr\u00f2nic protecciodades@robertoolivan.com<\/p><p><strong>3. EXEMPCI\u00d3 DE RESPONSABILITATS<\/strong><\/p><p>L&#8217;ASSOCIACI\u00d3 AMICS DE LES ARTS ESC\u00c8NIQUES TERRES DE L&#8217;EBRE s\u2019eximeix de qualsevol tipus de responsabilitat derivada de la informaci\u00f3 publicada en el seu lloc web sempre que aquesta informaci\u00f3 hagi estat manipulada o introdu\u00efda per un tercer ali\u00e8 a aquest.<\/p><p><strong>Pol\u00edtica d\u2019enlla\u00e7os<br \/><\/strong>Des del lloc web, \u00e9s possible que es redirigeixi a continguts de llocs web de tercers. At\u00e8s que l&#8217;ASSOCIACI\u00d3 AMICS DE LES ARTS ESC\u00c8NIQUES TERRES DE L&#8217;EBRE no pot controlar sempre els continguts introdu\u00efts per tercers en els seus llocs web respectius, no assumeix cap mena de responsabilitat respecte a aquests continguts. En tot cas, es procedeix a la retirada immediatament de qualsevol contingut que pogu\u00e9s contravenir la legislaci\u00f3 nacional o internacional, la moral o l\u2019ordre p\u00fablic, procedint a la retirada immediata de la redirecci\u00f3 a aquest lloc web, posant en coneixement de les autoritats competents el contingut en q\u00fcesti\u00f3.<\/p><p>L&#8217;ASSOCIACI\u00d3 AMICS DE LES ARTS ESC\u00c8NIQUES TERRES DE L&#8217;EBRE no es fa responsable de la informaci\u00f3 i continguts emmagatzemats, a t\u00edtol enunciatiu, per\u00f2 no limitatiu, en f\u00f2rums, xats, generadors de blogs, comentaris, xarxes socials o altres uns altres que permeten tenir tercers continguts p\u00fablics de manera independent en la p\u00e0gina web de l&#8217;ASSOCIACI\u00d3 AMICS DE LES ARTS ESC\u00c8NIQUES TERRES DE L&#8217;EBRE. No obstant aix\u00f2, en compliment del que es disposa en els articles 11 i 16 de la LSSICE, es posa a la disposici\u00f3 de tots els usuaris, autoritats i forces de seguretat, col\u00b7laborant de manera activa en la retirada o en el seu cas, bloqueig de tots els continguts que puguin afectar o contravenir la legislaci\u00f3 nacional o internacional, els drets de tercers o la moral i l\u2019ordre p\u00fablic. En cas que l\u2019usuari consideri que hi ha en el lloc web algun contingut que pogu\u00e9s ser susceptible d\u2019aquesta classificaci\u00f3, es prega que ho doni a con\u00e8ixer de manera immediata a l\u2019administrador del lloc web.<\/p><p>Aquest lloc web ha estat revisat i provat perqu\u00e8 funcionin correctament. En principi, pot funcionar el correcte funcionament els 365 dies durant 24 hores al dia. No obstant aix\u00f2, ASSOCIACI\u00d3 AMICS DE LES ARTS ESC\u00c8NIQUES TERRES DE L&#8217;EBRE no descarta la possibilitat que existeixin uns certs errors de programaci\u00f3, o que es produeixin causes de for\u00e7a majors, naturals cat\u00e0strofes, vagues o circumst\u00e0ncies que facin impossible l\u2019acc\u00e9s a la p\u00e0gina web.<\/p><p><strong>Adreces IP<br \/><\/strong>Els servidors del lloc podran detectar de manera autom\u00e0tica l\u2019adre\u00e7a IP i el nom de domini utilitzats per l\u2019usuari. Una adre\u00e7a IP \u00e9s un nom que s\u2019assigna autom\u00e0ticament a un ordinador quan aquest es connecta a Internet. Tota aquesta informaci\u00f3 \u00e9s registrada en un fitxer d\u2019activitat del servidor degudament inscrit que permet el processament posterior de les dades amb la finalitat d\u2019obtenir \u00fanicament mesures estad\u00edstiques que permeten con\u00e8ixer el nombre d\u2019impressions de p\u00e0gines, el nombre de visites realitzades als servidors web, l\u2019ordre de visites, el punt d\u2019acc\u00e9s, etc.<\/p><p><strong>4. LLEI APLICABLE I JURISDICCI\u00d3<\/strong><\/p><p>Per a la resoluci\u00f3 de totes les controv\u00e8rsies o q\u00fcestions relacionades amb el present lloc web o de les activitats en ell desenvolupades, ser\u00e0 aplicable la legislaci\u00f3 espanyola, a la qual se sotmeten expressament les parts, sent competents per a la resoluci\u00f3 de tots els conflictes derivats o relacionats amb el seu \u00fas els Jutjats i Tribunals m\u00e9s pr\u00f2xims a TORTOSA<\/p>\t\t\t\t\t\t\t\t<\/div>\n\t\t\t\t<div class=\"elementor-element elementor-element-9d39be1 elementor-widget elementor-widget-spacer\" data-id=\"9d39be1\" data-element_type=\"widget\" data-e-type=\"widget\" data-widget_type=\"spacer.default\">\n\t\t\t\t\t\t\t<div class=\"elementor-spacer\">\n\t\t\t<div class=\"elementor-spacer-inner\"><\/div>\n\t\t<\/div>\n\t\t\t\t\t\t<\/div>\n\t\t\t\t<\/div>\n\t\t\t\t\t<\/div>\n\t\t\t\t<\/div>\n\t\t\t\t<\/div>\n\t\t","protected":false},"excerpt":{"rendered":"<p>Av\u00eds Legal LLEI DELS SERVEIS DE LA SOCIETAT DE LA INFORMACI\u00d3 (LSSI) L&#8217;ASSOCIACI\u00d3 AMICS DE LES ARTS ESC\u00c8NIQUES TERRES DE L&#8217;EBRE, responsable del lloc web, posa a la disposici\u00f3 dels usuaris el present document, amb el qual pret\u00e9n donar compliment a les obligacions disposades en la Llei 34\/2002, d\u201911 de juliol, de Serveis de la&#8230;<\/p>\n<p><a rel=\"bookmark\" class=\"theme-button-text wolf-core-button wolf-core-button-size-md\" href=\"https:\/\/vertebradansa.com\/ca\/avis-legal\/\"><span>Continue reading<\/span><\/a><\/p>\n","protected":false},"author":3,"featured_media":0,"parent":0,"menu_order":0,"comment_status":"closed","ping_status":"closed","template":"","meta":{"footnotes":""},"class_list":{"0":"post-7795","1":"page","2":"type-page","3":"status-publish","4":"hentry","5":"entry","6":"clearfix","7":"entry-grid","8":"entry-columns-default","9":"entry-page-module-layout-standard","10":"no-post-thumbnail","11":"entry-page","13":"entry-page-grid"},"_links":{"self":[{"href":"https:\/\/vertebradansa.com\/ca\/wp-json\/wp\/v2\/pages\/7795","targetHints":{"allow":["GET"]}}],"collection":[{"href":"https:\/\/vertebradansa.com\/ca\/wp-json\/wp\/v2\/pages"}],"about":[{"href":"https:\/\/vertebradansa.com\/ca\/wp-json\/wp\/v2\/types\/page"}],"author":[{"embeddable":true,"href":"https:\/\/vertebradansa.com\/ca\/wp-json\/wp\/v2\/users\/3"}],"replies":[{"embeddable":true,"href":"https:\/\/vertebradansa.com\/ca\/wp-json\/wp\/v2\/comments?post=7795"}],"version-history":[{"count":10,"href":"https:\/\/vertebradansa.com\/ca\/wp-json\/wp\/v2\/pages\/7795\/revisions"}],"predecessor-version":[{"id":8095,"href":"https:\/\/vertebradansa.com\/ca\/wp-json\/wp\/v2\/pages\/7795\/revisions\/8095"}],"wp:attachment":[{"href":"https:\/\/vertebradansa.com\/ca\/wp-json\/wp\/v2\/media?parent=7795"}],"curies":[{"name":"wp","href":"https:\/\/api.w.org\/{rel}","templated":true}]}}