{"id":7805,"date":"2026-02-16T16:16:35","date_gmt":"2026-02-16T15:16:35","guid":{"rendered":"https:\/\/vertebradansa.com\/?page_id=7805"},"modified":"2026-04-13T10:24:08","modified_gmt":"2026-04-13T09:24:08","slug":"politica-de-cookies","status":"publish","type":"page","link":"https:\/\/vertebradansa.com\/ca\/politica-de-cookies\/","title":{"rendered":"Pol\u00edtica de Cookies"},"content":{"rendered":"\t\t<div data-elementor-type=\"wp-page\" data-elementor-id=\"7805\" class=\"elementor elementor-7805\" data-elementor-post-type=\"page\">\n\t\t\t\t<div data-scroll-custom-offset=\"\" data-scroll-custom-duration=\"\" data-scroll-css-progress=\"\" data-scroll-class=\"locoscroll-animate\" data-scroll-entrance-animation=\"\" class=\"wolf-core-elementor-row wolf-core-font- elementor-element elementor-element-ffb27a2 e-flex e-con-boxed e-con e-parent\" data-font-skin=\"\" data-color-tone=\"\" data-id=\"ffb27a2\" data-element_type=\"container\" data-e-type=\"container\" data-settings=\"{&quot;background_background&quot;:&quot;classic&quot;}\">\n\t\t\t\t\t<div class=\"e-con-inner\">\n\t\t<div data-scroll-custom-offset=\"\" data-scroll-custom-duration=\"\" data-scroll-css-progress=\"\" data-scroll-class=\"locoscroll-animate\" data-scroll-entrance-animation=\"\" class=\"wolf-core-elementor-row wolf-core-font- elementor-element elementor-element-5df6a84 e-con-full e-flex e-con e-child\" data-font-skin=\"\" data-color-tone=\"\" data-id=\"5df6a84\" data-element_type=\"container\" data-e-type=\"container\">\n\t\t\t\t<div class=\"elementor-element elementor-element-470e9d9 elementor-widget elementor-widget-spacer\" data-id=\"470e9d9\" data-element_type=\"widget\" data-e-type=\"widget\" data-widget_type=\"spacer.default\">\n\t\t\t\t\t\t\t<div class=\"elementor-spacer\">\n\t\t\t<div class=\"elementor-spacer-inner\"><\/div>\n\t\t<\/div>\n\t\t\t\t\t\t<\/div>\n\t\t\t\t<div class=\"elementor-element elementor-element-fc514c9 animated-heading-yes elementor-widget elementor-widget-heading\" data-id=\"fc514c9\" data-element_type=\"widget\" data-e-type=\"widget\" data-widget_type=\"heading.default\">\n\t\t\t\t\t<h3 data-animation=\"subtitle\" class=\"elementor-heading-title elementor-size-default\">Av\u00eds Legal<\/h3>\t\t\t\t<\/div>\n\t\t\t\t<div data-animation=\"paragraph\" data-animation-delay=\"0\" class=\" elementor-element elementor-element-87ab4f8 animated-text-yes elementor-widget elementor-widget-text-editor\" data-id=\"87ab4f8\" data-element_type=\"widget\" data-e-type=\"widget\" data-widget_type=\"text-editor.default\">\n\t\t\t\t\t\t\t\t\t<p><strong>INFORMACI\u00d3 SOBRE COOKIES\u00a0<\/strong><\/p><p>A causa de l\u2019entrada en vigor de la referent modificaci\u00f3 de la \u201cLlei de Serveis de la Societat de la Informaci\u00f3\u201d (LSSICE) establerta pel Reial decret 13\/2012, \u00e9s d\u2019obligaci\u00f3 obtenir el consentiment expr\u00e9s de l\u2019usuari de totes les p\u00e0gines web que usen cookies prescindibles, abans que aquest navegui per elles.<\/p><p><strong>\u00a0<\/strong><\/p><p><strong>QU\u00c8 S\u00d3N LES COOKIES?<\/strong><\/p><p>Les cookies i altres tecnologies similars com ara local shared objects, flaix cookies o p\u00edxels, s\u00f3n eines emprades pels servidors web per a emmagatzemar i recuperar informaci\u00f3 sobre els seus visitants, aix\u00ed com per a oferir un correcte funcionament del lloc.<\/p><p>Mitjan\u00e7ant l\u2019\u00fas d\u2019aquests dispositius es permet al servidor web recordar algunes dades concernents a l\u2019usuari, com les seves prefer\u00e8ncies per a la visualitzaci\u00f3 de les p\u00e0gines d\u2019aquest servidor, nom i contrasenya, productes que m\u00e9s li interessen, etc.<\/p><p><strong>\u00a0<\/strong><\/p><p><strong>COOKIES AFECTADES PER LA NORMATIVA I COOKIES EXCEPTUADES<\/strong><\/p><p>Segons la directiva de la UE, les cookies que requereixen el consentiment informat per part de l\u2019usuari s\u00f3n les cookies d\u2019anal\u00edtica i les de publicitat i afiliaci\u00f3, quedant exceptuades les de car\u00e0cter t\u00e8cnic i les necess\u00e0ries per al funcionament del lloc web o la prestaci\u00f3 de serveis expressament sol\u00b7licitats per l\u2019usuari.<\/p><p><strong>\u00a0<\/strong><\/p><p><strong>QUINS TIPUS DE COOKIES EXISTEIXEN?<\/strong><\/p><p>Sobre els tipus de cookies, existeixen cinc grans grups:<\/p><ul><li>Cookies anal\u00edtiques: recullen informaci\u00f3 de l\u2019\u00fas que es realitza del lloc web.<\/li><li>Cookies socials: s\u00f3n aquelles necess\u00e0ries per a xarxes socials externes.<\/li><li>Cookies d\u2019afiliats: permeten fer un seguiment de les visites procedents d\u2019altres webs, amb les quals el lloc web estableix un contracte d\u2019afiliaci\u00f3 (empreses d\u2019afiliaci\u00f3).<\/li><li>Cookies de publicitat i comportamentals: recullen informaci\u00f3 sobre les prefer\u00e8ncies i eleccions personals de l\u2019usuari (retargeting).<\/li><li>Cookies t\u00e8cniques i funcionals: s\u00f3n les estrictament necess\u00e0ries per a l\u2019\u00fas del lloc web i per a la prestaci\u00f3 del servei contractat.<\/li><\/ul><p><strong>\u00a0<\/strong><\/p><p><strong>\u00a0<\/strong><\/p><p><strong>COOKIES QUE S\u2019UTILITZEN EN AQUEST LLOC WEB<\/strong><\/p><ul><li>PHPSESSID: cookie t\u00e8cnica i estrictament necess\u00e0ria que cont\u00e9 l\u2019identificador de la sessi\u00f3. S\u2019elimina en tancar el navegador.<\/li><li>_lang: cookie t\u00e8cnica i estrictament necess\u00e0ria que cont\u00e9 l\u2019idioma de la sessi\u00f3. S\u2019elimina en tancar el navegador.<\/li><li>_ac_cookies: cookie t\u00e8cnica i estrictament necess\u00e0ria que cont\u00e9 el valor de si s\u2019ha acceptat la instal\u00b7laci\u00f3 de cookies. Caduca 1 any despr\u00e9s de l\u2019\u00faltima actualitzaci\u00f3.<\/li><li>_ga: cookie de Google Analytics que habilita la funci\u00f3 de control de visites \u00faniques. La primera vegada que un usuari entre en el lloc web a trav\u00e9s d\u2019un navegador s\u2019instal\u00b7lar\u00e0 aquesta cookie. Quan aquest usuari torni a entrar en la web amb el mateix navegador, la cookie considerar\u00e0 que \u00e9s el mateix usuari. Nom\u00e9s en el cas que l\u2019usuari canvi\u00ef de navegador, es considerar\u00e0 un altre usuari. Caduca als 2 anys des de l\u2019\u00faltima actualitzaci\u00f3.<\/li><li>_gat: aquesta cookie s\u2019associa amb Google Analytics Universal. S\u2019utilitza per a limitar la velocitat de petici\u00f3 \u2013 la limitaci\u00f3 de la recollida de dades en els llocs d\u2019alt tr\u00e0nsit. Caduca als 10 minuts.<\/li><li>_utma: cookie de Google Analytics que registra la data de la primera i \u00faltima vegada que l\u2019usuari va estar en el lloc web. Caduca als 2 anys des de l\u2019\u00faltima actualitzaci\u00f3.<\/li><li>_utmb: cookie de Google Analytics que registra l\u2019hora d\u2019arribada a la p\u00e0gina web. Caduca als 30 minuts despr\u00e9s de l\u2019\u00faltima actualitzaci\u00f3.<\/li><li>_utmc: cookie de Google Analytics utilitzada per a la inoperabilidad amb el codi de seguiment urchin.js. S\u2019elimina en tancar el navegador.<\/li><li>_utmt: cookie de Google Analytics utilitzada per a processar el tipus de sol\u00b7licitud que demana l\u2019usuari. Caduca en finalitzar la sessi\u00f3.<\/li><li>_utmv: cookie de Google Analytics utilitzada per a segmentar dades demogr\u00e0fiques. Caduca en finalitzar la sessi\u00f3.<\/li><li>_utmz: cookie de Google Analytics que emmagatzema la font de tr\u00e0nsit o una campanya per a explicar com l\u2019usuari va arribar al lloc web. Caduca als 6 mesos despr\u00e9s de la \u00faltima actualitzaci\u00f3.<\/li><\/ul><p><strong>\u00a0<\/strong><\/p><h3><strong>REVOCACI\u00d3 DEL CONSENTIMENT PER A INSTAL\u00b7LAR COOKIES<\/strong><\/h3><p>\u00a0<\/p><p><strong>\u00a0<\/strong><\/p><p>COM ELIMINAR LES COOKIES DEL NAVEGADOR<\/p><p><strong>Chrome 1.<\/strong><br \/>Seleccionar la icona \u00abEines\u00bb.<\/p><ul><li>Fes clic en \u00abConfiguraci\u00f3\u00bb.<\/li><li>Fes clic en \u00abMostra Opcions Avan\u00e7ades\u00bb.<\/li><li>En la secci\u00f3 \u00abPrivacitat\u00bb fes clic en \u00abConfiguraci\u00f3 de contingut\u00bb.<\/li><li>Suprimeix les cookies: fes clic en \u00abTotes la cookies i dades del lloc\u2026\u00bb.<\/li><li>No permetre que s\u2019emmagatzemin cookies.<\/li><li>Feix clic en \u00abElimina les dades de navegaci\u00f3\u00bb (buidar Mem\u00f2ria caixet).<\/li><li>Tanca i reinicia el navegador.<\/li><\/ul><p>Per a m\u00e9s informaci\u00f3 sobre Chrome, consulta aqu\u00ed:\u00a0<a href=\"http:\/\/support.google.com\/chrome\/answer\/95647?hl=es\" target=\"_blank\" rel=\"noreferrer noopener\">http:\/\/support.google.com\/\u2026<\/a><\/p><p><strong>\u00a0<\/strong><\/p><p><strong>Internet Explorer. Versi\u00f3 11<\/strong><\/p><ul><li>Selecciona \u00abEines\u00bb | \u00abOpcions d\u2019Internet\u00bb.<\/li><li>Fes clic en la pestanya \u00abGeneral\u00bb.<\/li><li>En la secci\u00f3 \u00abHistorial de navegaci\u00f3\u00bb, feix clic en \u00abSuprimeix l\u2019historial d\u2019exploraci\u00f3 en sortir\u00bb.<\/li><li>Selecciona \u00abEliminar arxiu\u00bb.<\/li><li>Selecciona \u00abSuprimeix les cookies\u00bb.<\/li><li>Feix clic en \u00abSuprimeix\u00bb.<\/li><li>Fes clic en \u00abD\u2019acord\u00bb.<\/li><li>Tanca i reinicia el navegador.<\/li><\/ul><p>Per a m\u00e9s informaci\u00f3 sobre Internet Explorer, consulta aqu\u00ed:\u00a0<a href=\"http:\/\/windows.microsoft.com\/es-419\/windows7\/how-to-manage-cookies-in-internet-explorer-9\" target=\"_blank\" rel=\"noreferrer noopener\">http:\/\/windows.microsoft.com\/\u2026<\/a><\/p><p><strong>\u00a0<\/strong><\/p><p><strong>Firefox. Versi\u00f3 18<\/strong><\/p><ul><li>Selecciona \u00abFirefox\u00bb | \u00abHistorial\u00bb | \u00abNeta l\u2019historial recent\u00bb.<\/li><li>Al costat de \u00abDetalls\u00bb, fes clic en la fletxa de baix.<\/li><li>Selecciona les seg\u00fcents caselles de verificaci\u00f3: cookies, Mem\u00f2ria caixet, Inici de sessi\u00f3 actius.<\/li><li>Usant el \u00abPer\u00edode de temps per a esborrar\u00bb en el men\u00fa desplegable, selecciona \u00abTot\u00bb.<\/li><li>Fes clic en \u00abNeta ara\u00bb.<\/li><li>Tanca i reinicia el navegador.<\/li><\/ul><p>Pots accedir o rebutjar les cookies individualment en les \u00abPrefer\u00e8ncies de Firefox\u00bb, en la secci\u00f3 \u00abHistorial\u00bb disponible en \u00abEines\u00bb &gt; \u00abOpcions\u00bb &gt; \u00abPrivacitat\u00bb.<\/p><p>Per a m\u00e9s informaci\u00f3 sobre Mozilla Firefox, consulta aqu\u00ed:\u00a0<a href=\"https:\/\/www.mozilla.org\/es-ES\/privacy\/websites\/#cookies\" target=\"_blank\" rel=\"noreferrer noopener\">https:\/\/www.mozilla.org\/\u2026<\/a><\/p><p><strong>\u00a0<\/strong><\/p><p><strong>Safari Versi\u00f3 5.1<\/strong><\/p><ul><li>Selecciona la icona de \u00abSafari \/ Edita\u00bb | \u00abRestaura Safari\u00bb.<\/li><li>Selecciona les seg\u00fcents caselles de verificaci\u00f3: Esborrar l\u2019historial,<\/li><li>Eliminar totes les dades del lloc web.<\/li><li>Fes clic a \u00abRestablir\u00bb.<\/li><li>Tanca i reinicia el navegador.<\/li><\/ul><p>Per a m\u00e9s informaci\u00f3 sobre Safari, consulta aqu\u00ed:\u00a0<a href=\"http:\/\/support.apple.com\/kb\/PH5042\" target=\"_blank\" rel=\"noreferrer noopener\">http:\/\/support.apple.com\/kb\/ph5042<\/a><\/p><p><strong>\u00a0<\/strong><\/p><p><strong>Opera \u00abOpcions\u00bb \u2013 \u00abAvan\u00e7at\u00bb \u2013 \u00abCookies\u00bb.<\/strong><br \/>Les opcions de cookies controlen la manera en qu\u00e8 Opera els maneja i, per tant, la seva acceptaci\u00f3 o rebuig.<\/p><p>Per a m\u00e9s informaci\u00f3 sobre Opera, consulta aqu\u00ed:<\/p><p><a href=\"http:\/\/help.opera.com\/Linux\/10.60\/es-ES\/cookies.html\" target=\"_blank\" rel=\"noreferrer noopener\">http:\/\/help.opera.com\/linux\/10.60\/es-es\/cookies.html<\/a><\/p>\t\t\t\t\t\t\t\t<\/div>\n\t\t\t\t<div class=\"elementor-element elementor-element-9d39be1 elementor-widget elementor-widget-spacer\" data-id=\"9d39be1\" data-element_type=\"widget\" data-e-type=\"widget\" data-widget_type=\"spacer.default\">\n\t\t\t\t\t\t\t<div class=\"elementor-spacer\">\n\t\t\t<div class=\"elementor-spacer-inner\"><\/div>\n\t\t<\/div>\n\t\t\t\t\t\t<\/div>\n\t\t\t\t<\/div>\n\t\t\t\t\t<\/div>\n\t\t\t\t<\/div>\n\t\t\t\t<\/div>\n\t\t","protected":false},"excerpt":{"rendered":"<p>Av\u00eds Legal INFORMACI\u00d3 SOBRE COOKIES\u00a0 A causa de l\u2019entrada en vigor de la referent modificaci\u00f3 de la \u201cLlei de Serveis de la Societat de la Informaci\u00f3\u201d (LSSICE) establerta pel Reial decret 13\/2012, \u00e9s d\u2019obligaci\u00f3 obtenir el consentiment expr\u00e9s de l\u2019usuari de totes les p\u00e0gines web que usen cookies prescindibles, abans que aquest navegui per elles&#8230;.<\/p>\n<p><a rel=\"bookmark\" class=\"theme-button-text wolf-core-button wolf-core-button-size-md\" href=\"https:\/\/vertebradansa.com\/ca\/politica-de-cookies\/\"><span>Continue reading<\/span><\/a><\/p>\n","protected":false},"author":3,"featured_media":0,"parent":0,"menu_order":0,"comment_status":"closed","ping_status":"closed","template":"","meta":{"footnotes":""},"class_list":{"0":"post-7805","1":"page","2":"type-page","3":"status-publish","4":"hentry","5":"entry","6":"clearfix","7":"entry-grid","8":"entry-columns-default","9":"entry-page-module-layout-standard","10":"no-post-thumbnail","11":"entry-page","13":"entry-page-grid"},"_links":{"self":[{"href":"https:\/\/vertebradansa.com\/ca\/wp-json\/wp\/v2\/pages\/7805","targetHints":{"allow":["GET"]}}],"collection":[{"href":"https:\/\/vertebradansa.com\/ca\/wp-json\/wp\/v2\/pages"}],"about":[{"href":"https:\/\/vertebradansa.com\/ca\/wp-json\/wp\/v2\/types\/page"}],"author":[{"embeddable":true,"href":"https:\/\/vertebradansa.com\/ca\/wp-json\/wp\/v2\/users\/3"}],"replies":[{"embeddable":true,"href":"https:\/\/vertebradansa.com\/ca\/wp-json\/wp\/v2\/comments?post=7805"}],"version-history":[{"count":5,"href":"https:\/\/vertebradansa.com\/ca\/wp-json\/wp\/v2\/pages\/7805\/revisions"}],"predecessor-version":[{"id":8579,"href":"https:\/\/vertebradansa.com\/ca\/wp-json\/wp\/v2\/pages\/7805\/revisions\/8579"}],"wp:attachment":[{"href":"https:\/\/vertebradansa.com\/ca\/wp-json\/wp\/v2\/media?parent=7805"}],"curies":[{"name":"wp","href":"https:\/\/api.w.org\/{rel}","templated":true}]}}