{"id":8154,"date":"2026-02-26T18:36:05","date_gmt":"2026-02-26T17:36:05","guid":{"rendered":"https:\/\/vertebradansa.com\/?page_id=8154"},"modified":"2026-04-13T16:18:21","modified_gmt":"2026-04-13T15:18:21","slug":"que-es-vertebra-dansa","status":"publish","type":"page","link":"https:\/\/vertebradansa.com\/ca\/que-es-vertebra-dansa\/","title":{"rendered":"Sobre Vertebra Dansa"},"content":{"rendered":"\t\t<div data-elementor-type=\"wp-page\" data-elementor-id=\"8154\" class=\"elementor elementor-8154\" data-elementor-post-type=\"page\">\n\t\t\t\t<div data-scroll-custom-offset=\"\" data-scroll-custom-duration=\"\" data-scroll-css-progress=\"\" data-scroll-class=\"locoscroll-animate\" data-scroll-entrance-animation=\"\" class=\"wolf-core-elementor-row wolf-core-font- elementor-element elementor-element-b6ba22a e-flex e-con-boxed e-con e-parent\" data-font-skin=\"\" data-color-tone=\"\" data-id=\"b6ba22a\" data-element_type=\"container\" data-e-type=\"container\" data-settings=\"{&quot;background_background&quot;:&quot;classic&quot;}\">\n\t\t\t\t\t<div class=\"e-con-inner\">\n\t\t<div data-scroll-custom-offset=\"\" data-scroll-custom-duration=\"\" data-scroll-css-progress=\"\" data-scroll-class=\"locoscroll-animate\" data-scroll-entrance-animation=\"\" class=\"wolf-core-elementor-row wolf-core-font- elementor-element elementor-element-973a564 e-con-full e-flex e-con e-child\" data-font-skin=\"\" data-color-tone=\"\" data-id=\"973a564\" data-element_type=\"container\" data-e-type=\"container\">\n\t\t\t\t<div class=\"elementor-element elementor-element-2446e42 elementor-widget elementor-widget-heading\" data-id=\"2446e42\" data-element_type=\"widget\" data-e-type=\"widget\" data-widget_type=\"heading.default\">\n\t\t\t\t\t<h2 class=\"elementor-heading-title elementor-size-default\">Sobre Vertebra Dansa<\/h2>\t\t\t\t<\/div>\n\t\t\t\t<\/div>\n\t\t\t\t\t<\/div>\n\t\t\t\t<\/div>\n\t\t<div data-scroll-custom-offset=\"\" data-scroll-custom-duration=\"\" data-scroll-css-progress=\"\" data-scroll-class=\"locoscroll-animate\" data-scroll-entrance-animation=\"\" class=\"wolf-core-elementor-row wolf-core-font- elementor-element elementor-element-6233b4f e-flex e-con-boxed e-con e-parent\" data-font-skin=\"\" data-color-tone=\"\" data-id=\"6233b4f\" data-element_type=\"container\" data-e-type=\"container\" data-settings=\"{&quot;background_background&quot;:&quot;classic&quot;}\">\n\t\t\t\t\t<div class=\"e-con-inner\">\n\t\t<div data-scroll=\"\" data-scroll-custom-offset=\"\" data-scroll-custom-duration=\"\" data-scroll-css-progress=\"\" data-scroll-class=\"locoscroll-animate\" data-scroll-entrance-animation=\"fade-in-up\" style=\"--scroll-animation-delay:0.2s\" data-scroll-speed=\"0\" class=\"wolf-core-elementor-row wolf-core-font- elementor-element elementor-element-1f36c06 e-con-full locoscroll-yes e-flex e-con e-child\" data-font-skin=\"\" data-color-tone=\"\" data-id=\"1f36c06\" data-element_type=\"container\" data-e-type=\"container\" data-settings=\"{&quot;background_background&quot;:&quot;classic&quot;}\">\n\t\t\t\t<div class=\" elementor-element elementor-element-8ffaa4e elementor-widget elementor-widget-text-editor\" data-id=\"8ffaa4e\" data-element_type=\"widget\" data-e-type=\"widget\" data-widget_type=\"text-editor.default\">\n\t\t\t\t\t\t\t\t\t<p><span style=\"font-weight: 400;\">El Festival Vertebra Dansa arriba a Tortosa com la continuaci\u00f3 natural del prestigi\u00f3s Deltebre Dansa, un referent nacional i internacional que durant m\u00e9s de vint anys ha situat la dansa i el circ contemporanis al centre de la creaci\u00f3 art\u00edstica i la innovaci\u00f3 pedag\u00f2gica. Vertebra Dansa mant\u00e9 aquesta ess\u00e8ncia i traject\u00f2ria, consolidada al llarg de m\u00e9s de dues d\u00e8cades.<\/span><\/p><p><span style=\"font-weight: 400;\">Impulsat per l\u2019Associaci\u00f3 Amics de les Arts Esc\u00e8niques Terres de l\u2019Ebre i la companyia del core\u00f2graf Roberto Olivan, el festival reuneix cada any artistes, estudiants i p\u00fablic d\u2019arreu del m\u00f3n en un espai d\u2019avantguarda, multicultural i de m\u00e0xima qualitat art\u00edstica. \u00c9s punt de trobada, laboratori creatiu i comunitat viva, on el talent emergent dialoga amb trajectories consolidades.<\/span><\/p><p><span style=\"font-weight: 400;\">El festival ofereix formaci\u00f3 multidisciplin\u00e0ria d\u2019alt nivell per a professionals de la dansa i el circ contemporanis amb professorat internacional, alhora que obre les portes a persones no professionals que volen descobrir les arts esc\u00e8niques. Amb una programaci\u00f3 art\u00edstica d\u2019espectacles innovadors i un fort comprom\u00eds amb el territori, Vertebra Dansa continua projectant-se com un referent internacional de les noves tend\u00e8ncies en les arts esc\u00e8niques.<\/span><\/p>\t\t\t\t\t\t\t\t<\/div>\n\t\t\t\t<div class=\" elementor-element elementor-element-7ae8c2b elementor-widget elementor-widget-text-editor\" data-id=\"7ae8c2b\" data-element_type=\"widget\" data-e-type=\"widget\" data-widget_type=\"text-editor.default\">\n\t\t\t\t\t\t\t\t\t<b>Els nostres pilars<\/b>\t\t\t\t\t\t\t\t<\/div>\n\t\t\t\t<div class=\" elementor-element elementor-element-add1ece elementor-widget elementor-widget-text-editor\" data-id=\"add1ece\" data-element_type=\"widget\" data-e-type=\"widget\" data-widget_type=\"text-editor.default\">\n\t\t\t\t\t\t\t\t\t<p><b>Formaci\u00f3 per a professionals<\/b><b><br \/><\/b><span style=\"font-weight: 400;\">Excel\u00b7l\u00e8ncia pedag\u00f2gica i investigaci\u00f3 art\u00edstica amb mestres de prestigi internacional.<\/span><\/p><p><b>Programaci\u00f3 art\u00edstica<\/b><b><br \/><\/b><span style=\"font-weight: 400;\">Espectacles d\u2019alt nivell que connecten creadors i p\u00fablic en una experi\u00e8ncia transformadora.<\/span><\/p><p><b>Responsabilitat social<\/b><b><br \/><\/b><span style=\"font-weight: 400;\">Un projecte arrelat al territori, comprom\u00e8s amb la inclusi\u00f3, l\u2019accessibilitat i la cultura com a motor de cohesi\u00f3 i canvi social.<\/span><\/p>\t\t\t\t\t\t\t\t<\/div>\n\t\t\t\t<div class=\" elementor-element elementor-element-871ba31 elementor-widget elementor-widget-text-editor\" data-id=\"871ba31\" data-element_type=\"widget\" data-e-type=\"widget\" data-widget_type=\"text-editor.default\">\n\t\t\t\t\t\t\t\t\t<b>El Festival Vertebra Dansa \u00e9s molt m\u00e9s que una cita cultural: \u00e9s una experi\u00e8ncia compartida que vertebra talent, territori i futur.<\/b>\t\t\t\t\t\t\t\t<\/div>\n\t\t\t\t<\/div>\n\t\t\t\t\t<\/div>\n\t\t\t\t<\/div>\n\t\t\t\t<\/div>\n\t\t","protected":false},"excerpt":{"rendered":"<p>&nbsp;ESP Sobre Vertebra Dansa El Festival Vertebra Dansa arriba a Tortosa com la continuaci\u00f3 natural del prestigi\u00f3s Deltebre Dansa, un referent nacional i internacional que durant m\u00e9s de vint anys ha situat la dansa i el circ contemporanis al centre de la creaci\u00f3 art\u00edstica i la innovaci\u00f3 pedag\u00f2gica. Vertebra Dansa mant\u00e9 aquesta ess\u00e8ncia i traject\u00f2ria,&#8230;<\/p>\n<p><a rel=\"bookmark\" class=\"theme-button-text wolf-core-button wolf-core-button-size-md\" href=\"https:\/\/vertebradansa.com\/ca\/que-es-vertebra-dansa\/\"><span>Continue reading<\/span><\/a><\/p>\n","protected":false},"author":3,"featured_media":0,"parent":0,"menu_order":0,"comment_status":"closed","ping_status":"closed","template":"","meta":{"footnotes":""},"class_list":{"0":"post-8154","1":"page","2":"type-page","3":"status-publish","4":"hentry","5":"entry","6":"clearfix","7":"entry-grid","8":"entry-columns-default","9":"entry-page-module-layout-standard","10":"no-post-thumbnail","11":"entry-page","13":"entry-page-grid"},"_links":{"self":[{"href":"https:\/\/vertebradansa.com\/ca\/wp-json\/wp\/v2\/pages\/8154","targetHints":{"allow":["GET"]}}],"collection":[{"href":"https:\/\/vertebradansa.com\/ca\/wp-json\/wp\/v2\/pages"}],"about":[{"href":"https:\/\/vertebradansa.com\/ca\/wp-json\/wp\/v2\/types\/page"}],"author":[{"embeddable":true,"href":"https:\/\/vertebradansa.com\/ca\/wp-json\/wp\/v2\/users\/3"}],"replies":[{"embeddable":true,"href":"https:\/\/vertebradansa.com\/ca\/wp-json\/wp\/v2\/comments?post=8154"}],"version-history":[{"count":17,"href":"https:\/\/vertebradansa.com\/ca\/wp-json\/wp\/v2\/pages\/8154\/revisions"}],"predecessor-version":[{"id":12637,"href":"https:\/\/vertebradansa.com\/ca\/wp-json\/wp\/v2\/pages\/8154\/revisions\/12637"}],"wp:attachment":[{"href":"https:\/\/vertebradansa.com\/ca\/wp-json\/wp\/v2\/media?parent=8154"}],"curies":[{"name":"wp","href":"https:\/\/api.w.org\/{rel}","templated":true}]}}