{"id":13843,"date":"2026-05-07T17:34:18","date_gmt":"2026-05-07T16:34:18","guid":{"rendered":"https:\/\/vertebradansa.com\/?page_id=13843"},"modified":"2026-05-07T17:34:18","modified_gmt":"2026-05-07T16:34:18","slug":"talleres-no-profesionales-2","status":"publish","type":"page","link":"https:\/\/vertebradansa.com\/es\/talleres-no-profesionales-2\/","title":{"rendered":"Talleres no profesionales"},"content":{"rendered":"\t\t<div data-elementor-type=\"wp-page\" data-elementor-id=\"13843\" class=\"elementor elementor-13843 elementor-13842\" data-elementor-post-type=\"page\">\n\t\t\t\t<div class=\"locoscroll-bg-animated wolf-core-elementor-row wolf-core-font-light elementor-element elementor-element-a74b0a3 wolf-core-font-light locoscroll-bg-parallax e-flex e-con-boxed e-con e-parent\" style=\"opacity:0;\" data-scroll=\"\" data-scroll-css-progress=\" \" data-bg-url=\"https:\/\/vertebradansa.com\/wp-content\/uploads\/2026\/04\/fons-espai-viu-retallat.jpg\" data-bg-url-tablet=\"\" data-bg-url-mobile=\"\" data-scroll-custom-offset=\"\" data-scroll-custom-duration=\"\" data-scroll-class=\"locoscroll-animate\" data-scroll-entrance-animation=\"\" data-font-skin=\"light\" data-color-tone=\"dark\" data-id=\"a74b0a3\" data-element_type=\"container\" data-e-type=\"container\" data-settings=\"{&quot;background_background&quot;:&quot;classic&quot;}\">\n\t\t\t\t\t<div class=\"e-con-inner\">\n\t\t\t\t<div class=\"elementor-element elementor-element-4d83f58 animated-heading-yes elementor-widget__width-initial elementor-widget elementor-widget-heading\" data-id=\"4d83f58\" data-element_type=\"widget\" data-e-type=\"widget\" data-widget_type=\"heading.default\">\n\t\t\t\t\t<h1 data-animation=\"title\" class=\"elementor-heading-title elementor-size-default\">ESPAI<\/h1>\t\t\t\t<\/div>\n\t\t\t\t<div class=\"elementor-element elementor-element-26dfbd2 animated-heading-yes elementor-widget__width-initial elementor-widget elementor-widget-heading\" data-id=\"26dfbd2\" data-element_type=\"widget\" data-e-type=\"widget\" data-widget_type=\"heading.default\">\n\t\t\t\t\t<h1 data-animation=\"title\" class=\"elementor-heading-title elementor-size-default\">VIU<\/h1>\t\t\t\t<\/div>\n\t\t\t\t<div class=\"elementor-element elementor-element-739c04e elementor-align-left elementor-invisible elementor-widget elementor-widget-button\" data-id=\"739c04e\" data-element_type=\"widget\" data-e-type=\"widget\" data-settings=\"{&quot;_animation&quot;:&quot;fadeIn&quot;,&quot;_animation_delay&quot;:1000}\" data-widget_type=\"button.default\">\n\t\t\t\t<div class=\"elementor-widget-container\">\n\t\t\t\t\t<div class=\"wolf-core-button-container wolf-core-element\"><a target=\"_parent\" href=\"https:\/\/vertebradansa.com\/es\/creacio-vertebradansa\/\" role=\"button\" class=\"wolf-core-button wolf-core-button-size-lg theme-button-secondary\" id=\"\"\n\t\t\tstyle=\"\"\n\t\t><span class=\"wolf-core-button-text\">Creaci\u00f3n Vertebra Dansa<\/span><\/a><\/div><!-- .wolf-core-button-container -->\t\t\t\t<\/div>\n\t\t\t\t<\/div>\n\t\t\t\t<div class=\"elementor-element elementor-element-4d0fab6 elementor-align-left elementor-invisible elementor-widget elementor-widget-button\" data-id=\"4d0fab6\" data-element_type=\"widget\" data-e-type=\"widget\" data-settings=\"{&quot;_animation&quot;:&quot;fadeIn&quot;,&quot;_animation_delay&quot;:1000}\" data-widget_type=\"button.default\">\n\t\t\t\t<div class=\"elementor-widget-container\">\n\t\t\t\t\t<div class=\"wolf-core-button-container wolf-core-element\"><a target=\"_parent\" href=\"https:\/\/vertebradansa.com\/es\/espai-viu-tallers\/\" role=\"button\" class=\"wolf-core-button wolf-core-button-size-lg theme-button-secondary\" id=\"\"\n\t\t\tstyle=\"\"\n\t\t><span class=\"wolf-core-button-text\">Talleres no professionales<\/span><\/a><\/div><!-- .wolf-core-button-container -->\t\t\t\t<\/div>\n\t\t\t\t<\/div>\n\t\t\t\t<div data-animation=\"paragraph\" data-animation-delay=\"0\" class=\" elementor-element elementor-element-a8e9406 animated-text-yes elementor-widget__width-initial elementor-widget elementor-widget-text-editor\" data-id=\"a8e9406\" data-element_type=\"widget\" data-e-type=\"widget\" data-widget_type=\"text-editor.default\">\n\t\t\t\t\t\t\t\t\t<span style=\"font-weight: 400;\">Espai Viu es un espacio de formaci\u00f3n no profesional abierto a toda la comunidad de Tortosa y alrededores, pensado para acercarse al mundo de la danza y el movimiento de una manera accesible e inclusiva. El proyecto se articula a trav\u00e9s de Creaci\u00f3n VERTEBRA DANSA orientada al trabajo creativo con entidades de la ciudad y personas interesadas, y una programaci\u00f3n de talleres gratuitos para todas las edades que fomentan la participaci\u00f3n y la expresi\u00f3n corporal. Todos los talleres se llevar\u00e1n a cabo entre el lunes 20 y el viernes 24 de julio. La muestra de los talleres se realizar\u00e1 abierta al p\u00fablico el domingo 26 de julio a las 19 h en el \u00c1bside de la Catedral de Tortosa. <\/span>\t\t\t\t\t\t\t\t<\/div>\n\t\t\t\t\t<\/div>\n\t\t\t\t<\/div>\n\t\t\t\t<\/div>\n\t\t","protected":false},"excerpt":{"rendered":"<p>ESPAI VIU Creaci\u00f3n Vertebra Dansa Talleres no professionales Espai Viu es un espacio de formaci\u00f3n no profesional abierto a toda la comunidad de Tortosa y alrededores, pensado para acercarse al mundo de la danza y el movimiento de una manera accesible e inclusiva. El proyecto se articula a trav\u00e9s de Creaci\u00f3n VERTEBRA DANSA orientada al&#8230;<\/p>\n<p><a rel=\"bookmark\" class=\"theme-button-text wolf-core-button wolf-core-button-size-md\" href=\"https:\/\/vertebradansa.com\/es\/talleres-no-profesionales-2\/\"><span>Seguir leyendo<\/span><\/a><\/p>\n","protected":false},"author":3,"featured_media":0,"parent":0,"menu_order":0,"comment_status":"closed","ping_status":"closed","template":"","meta":{"footnotes":""},"class_list":{"0":"post-13843","1":"page","2":"type-page","3":"status-publish","4":"hentry","5":"entry","6":"clearfix","7":"entry-grid","8":"entry-columns-default","9":"entry-page-module-layout-standard","10":"no-post-thumbnail","11":"entry-page","13":"entry-page-grid"},"_links":{"self":[{"href":"https:\/\/vertebradansa.com\/es\/wp-json\/wp\/v2\/pages\/13843","targetHints":{"allow":["GET"]}}],"collection":[{"href":"https:\/\/vertebradansa.com\/es\/wp-json\/wp\/v2\/pages"}],"about":[{"href":"https:\/\/vertebradansa.com\/es\/wp-json\/wp\/v2\/types\/page"}],"author":[{"embeddable":true,"href":"https:\/\/vertebradansa.com\/es\/wp-json\/wp\/v2\/users\/3"}],"replies":[{"embeddable":true,"href":"https:\/\/vertebradansa.com\/es\/wp-json\/wp\/v2\/comments?post=13843"}],"version-history":[{"count":1,"href":"https:\/\/vertebradansa.com\/es\/wp-json\/wp\/v2\/pages\/13843\/revisions"}],"predecessor-version":[{"id":13845,"href":"https:\/\/vertebradansa.com\/es\/wp-json\/wp\/v2\/pages\/13843\/revisions\/13845"}],"wp:attachment":[{"href":"https:\/\/vertebradansa.com\/es\/wp-json\/wp\/v2\/media?parent=13843"}],"curies":[{"name":"wp","href":"https:\/\/api.w.org\/{rel}","templated":true}]}}