{"id":8757,"date":"2026-02-16T16:11:53","date_gmt":"2026-02-16T15:11:53","guid":{"rendered":"https:\/\/vertebradansa.com\/avis-legal\/"},"modified":"2026-04-13T10:26:57","modified_gmt":"2026-04-13T09:26:57","slug":"avis-legal","status":"publish","type":"page","link":"https:\/\/vertebradansa.com\/es\/avis-legal\/","title":{"rendered":"Aviso Legal"},"content":{"rendered":"\t\t<div data-elementor-type=\"wp-page\" data-elementor-id=\"8757\" class=\"elementor elementor-8757 elementor-7795\" data-elementor-post-type=\"page\">\n\t\t\t\t<div data-scroll-custom-offset=\"\" data-scroll-custom-duration=\"\" data-scroll-css-progress=\"\" data-scroll-class=\"locoscroll-animate\" data-scroll-entrance-animation=\"\" class=\"wolf-core-elementor-row wolf-core-font- elementor-element elementor-element-ffb27a2 e-flex e-con-boxed e-con e-parent\" data-font-skin=\"\" data-color-tone=\"\" data-id=\"ffb27a2\" data-element_type=\"container\" data-e-type=\"container\" data-settings=\"{&quot;background_background&quot;:&quot;classic&quot;}\">\n\t\t\t\t\t<div class=\"e-con-inner\">\n\t\t<div data-scroll-custom-offset=\"\" data-scroll-custom-duration=\"\" data-scroll-css-progress=\"\" data-scroll-class=\"locoscroll-animate\" data-scroll-entrance-animation=\"\" class=\"wolf-core-elementor-row wolf-core-font- elementor-element elementor-element-5df6a84 e-con-full e-flex e-con e-child\" data-font-skin=\"\" data-color-tone=\"\" data-id=\"5df6a84\" data-element_type=\"container\" data-e-type=\"container\">\n\t\t\t\t<div class=\"elementor-element elementor-element-470e9d9 elementor-widget elementor-widget-spacer\" data-id=\"470e9d9\" data-element_type=\"widget\" data-e-type=\"widget\" data-widget_type=\"spacer.default\">\n\t\t\t\t\t\t\t<div class=\"elementor-spacer\">\n\t\t\t<div class=\"elementor-spacer-inner\"><\/div>\n\t\t<\/div>\n\t\t\t\t\t\t<\/div>\n\t\t\t\t<div class=\"elementor-element elementor-element-fc514c9 animated-heading-yes elementor-widget elementor-widget-heading\" data-id=\"fc514c9\" data-element_type=\"widget\" data-e-type=\"widget\" data-widget_type=\"heading.default\">\n\t\t\t\t\t<h3 data-animation=\"subtitle\" class=\"elementor-heading-title elementor-size-default\">Aviso Legal<\/h3>\t\t\t\t<\/div>\n\t\t\t\t<div data-animation=\"paragraph\" data-animation-delay=\"0\" class=\" elementor-element elementor-element-b0c6140 animated-text-yes elementor-widget elementor-widget-text-editor\" data-id=\"b0c6140\" data-element_type=\"widget\" data-e-type=\"widget\" data-widget_type=\"text-editor.default\">\n\t\t\t\t\t\t\t\t\t<p>LEY DE SERVICIOS DE LA SOCIEDAD DE LA INFORMACI\u00d3N (LSSI)<\/p>\t\t\t\t\t\t\t\t<\/div>\n\t\t\t\t<div data-animation=\"paragraph\" data-animation-delay=\"0\" class=\" elementor-element elementor-element-87ab4f8 animated-text-yes elementor-widget elementor-widget-text-editor\" data-id=\"87ab4f8\" data-element_type=\"widget\" data-e-type=\"widget\" data-widget_type=\"text-editor.default\">\n\t\t\t\t\t\t\t\t\t<p>L&#8217;ASOCIACI\u00d3N AMIGOS DE LAS ARTES ESC\u00c9NICAS TERRES DE L&#8217;EBRE, responsable del sitio web, pone a disposici\u00f3n de los usuarios el presente documento, con el que pretende dar cumplimiento a las obligaciones dispuestas en la Ley 34\/2002, de 11 de julio, de Servicios de la Sociedad de la Informaci\u00f3n y de Comercio Electr\u00f3nico (LSSICE), BOE n\u00ba 166, as\u00ed como informar a todos los usuarios del sitio web respecto a cu\u00e1les son las condiciones de uso.<\/p><p>Toda persona que acceda a este sitio web asume el papel de usuario, comprometi\u00e9ndose a la observancia y cumplimiento riguroso de las disposiciones aqu\u00ed dispuestas, as\u00ed como de cualquier otra disposici\u00f3n legal que fuera aplicable.<\/p><p>ASOCIACI\u00d3N AMIGOS DE LAS ARTES ESC\u00c9NICAS TERRES DE L&#8217;EBRE se reserva el derecho de modificar cualquier tipo de informaci\u00f3n que pudiera aparecer en el sitio web, sin que exista obligaci\u00f3n de preavisar o poner en conocimiento de los usuarios dichas obligaciones, entendi\u00e9ndose como suficiente con la publicaci\u00f3n en el sitio web de ROBERTO OLIVAN PERFORMING ARTS SL.<\/p><p><strong>1. DATOS IDENTIFICATIVOS<\/strong><\/p><p>Nombre de dominio: <a href=\"https:\/\/www.vertebradansa.com\/\" target=\"_blank\" rel=\"noreferrer noopener\">https:\/\/www.vertebradansa.com\/<\/a><br \/>Nombre comercial: Festival Vertebra Dansa.<br \/>Denominaci\u00f3n social: ASOCIACI\u00d3N AMIGOS DE LAS ARTES ESC\u00c9NICAS TERRES DE L&#8217;EBRE<br \/>CIF: G55559041<br \/>Domicilio social: Avenida Catalunya n\u00famero 117-119, 6\u00ba 4\u00aa<br \/>43870 Amposta<br \/>Tel\u00e9fono: 662088335<br \/>Correo electr\u00f3nico: <a href=\"mailto:protecciodades@robertoolivan.com\" target=\"_blank\" rel=\"noreferrer noopener\">protecciodades@robertoolivan.com<\/a><br \/>Inscrita en el Registro de asociaciones: N\u00fam. 46479<\/p><p><strong>2. DERECHOS DE PROPIEDAD INTELECTUAL E INDUSTRIAL<\/strong><\/p><p>El sitio web, incluyendo a t\u00edtulo enunciativo pero no limitativo su programaci\u00f3n, edici\u00f3n, compilaci\u00f3n y otros elementos necesarios para su funcionamiento, los dise\u00f1os, logotipos, texto y\/o gr\u00e1ficos, son propiedad de la ASOCIACI\u00d3N AMIGOS DE LAS ARTES ESC\u00c9NICAS TERRES DE L&#8217;EBRE o, en su caso, dispone de licencia o autorizaci\u00f3n expresa por parte de los autores. Todos los contenidos del sitio web se encuentran debidamente protegidos por la normativa de propiedad intelectual e industrial, as\u00ed como inscritos en los registros p\u00fablicos correspondientes.<\/p><p>Independientemente de la finalidad para la que fueran destinados, la reproducci\u00f3n total o parcial, uso, explotaci\u00f3n, distribuci\u00f3n y comercializaci\u00f3n, requiere en todo caso de la autorizaci\u00f3n escrita previa por parte de la ASOCIACI\u00d3N AMIGOS DE LAS ARTES ESC\u00c9NICAS TERRES DE L&#8217;EBRE. Cualquier uso no autorizado previamente se considera un incumplimiento grave de los derechos de propiedad intelectual o industrial del autor.<\/p><p>Los dise\u00f1os, logotipos, texto y\/o gr\u00e1ficos ajenos a la ASOCIACI\u00d3N AMIGOS DE LAS ARTES ESC\u00c9NICAS TERRES DE L&#8217;EBRE y que pudieran aparecer en el sitio web, pertenecen a sus respectivos propietarios, siendo ellos mismos responsables de cualquier posible controversia que pudiera suscitarse respecto a los mismos. ROBERTO OLIVAN PERFORMING ARTS SL autoriza expresamente a que terceros puedan redirigir directamente a los contenidos concretos del sitio web, y en todo caso redirigir al sitio web principal de https:\/\/www.deltebredansa.com\/<\/p><p>ROBERTO OLIVAN PERFORMING ARTS SL reconoce a favor de sus titulares los correspondientes derechos de propiedad intelectual e industrial, no implicando su sola menci\u00f3n o aparici\u00f3n en el sitio web, la existencia de derechos o responsabilidad alguna sobre los mismos, como tampoco apoyo, patrocinio o recomendaci\u00f3n por parte de este.<\/p><p>Para realizar cualquier tipo de observaci\u00f3n respecto a posibles incumplimientos de los derechos de propiedad intelectual o industrial, as\u00ed como sobre cualquiera de los contenidos del sitio web, puede hacerlo a trav\u00e9s del correo electr\u00f3nico protecciodades@robertoolivan.com<\/p><p><strong>3. EXENCI\u00d3N DE RESPONSABILIDADES<\/strong><\/p><p>La ASOCIACI\u00d3N AMIGOS DE LAS ARTES ESC\u00c9NICAS TERRES DE L&#8217;EBRE se exime de cualquier tipo de responsabilidad derivada de la informaci\u00f3n publicada en su sitio web siempre que dicha informaci\u00f3n haya sido manipulada o introducida por un tercero ajeno al mismo.<\/p><p><strong>Pol\u00edtica de enlaces<\/strong><br \/>Desde el sitio web, es posible que se redirija a contenidos de sitios web de terceros. Dado que la ASOCIACI\u00d3N AMIGOS DE LAS ARTES ESC\u00c9NICAS TERRES DE L&#8217;EBRE no puede controlar siempre los contenidos introducidos por terceros en sus respectivos sitios web, no asume ning\u00fan tipo de responsabilidad respecto a dichos contenidos. En todo caso, se proceder\u00e1 a la retirada inmediata de cualquier contenido que pudiera contravenir la legislaci\u00f3n nacional o internacional, la moral o el orden p\u00fablico, procediendo a la retirada inmediata de la redirecci\u00f3n a dicho sitio web, poniendo en conocimiento de las autoridades competentes el contenido en cuesti\u00f3n.<\/p><p>La ASOCIACI\u00d3N AMIGOS DE LAS ARTES ESC\u00c9NICAS TERRES DE L&#8217;EBRE no se hace responsable de la informaci\u00f3n y contenidos almacenados, a t\u00edtulo enunciativo, pero no limitativo, en foros, chats, generadores de blogs, comentarios, redes sociales u otros que permitan a terceros publicar contenidos de forma independiente en la p\u00e1gina web de la ASOCIACI\u00d3N AMIGOS DE LAS ARTES ESC\u00c9NICAS TERRES DE L&#8217;EBRE. No obstante, en cumplimiento de lo dispuesto en los art\u00edculos 11 y 16 de la LSSICE, se pone a disposici\u00f3n de todos los usuarios, autoridades y fuerzas de seguridad, colaborando de forma activa en la retirada o, en su caso, bloqueo de todos los contenidos que puedan afectar o contravenir la legislaci\u00f3n nacional o internacional, los derechos de terceros o la moral y el orden p\u00fablico. En caso de que el usuario considere que existe en el sitio web alg\u00fan contenido que pudiera ser susceptible de esta clasificaci\u00f3n, se ruega que lo comunique de forma inmediata al administrador del sitio web.<\/p><p>Este sitio web ha sido revisado y probado para que funcione correctamente. En principio, puede garantizarse su correcto funcionamiento los 365 d\u00edas del a\u00f1o, las 24 horas del d\u00eda. No obstante, ASOCIACI\u00d3N AMIGOS DE LAS ARTES ESC\u00c9NICAS TERRES DE L&#8217;EBRE no descarta la posibilidad de que existan ciertos errores de programaci\u00f3n, o que se produzcan causas de fuerza mayor, cat\u00e1strofes naturales, huelgas o circunstancias que hagan imposible el acceso a la p\u00e1gina web.<\/p><p><strong>Direcciones IP<\/strong><br \/>Los servidores del sitio podr\u00e1n detectar de forma autom\u00e1tica la direcci\u00f3n IP y el nombre de dominio utilizados por el usuario. Una direcci\u00f3n IP es un n\u00famero que se asigna autom\u00e1ticamente a un ordenador cuando este se conecta a Internet. Toda esta informaci\u00f3n queda registrada en un fichero de actividad del servidor debidamente inscrito que permite el posterior procesamiento de los datos con la finalidad de obtener \u00fanicamente mediciones estad\u00edsticas que permitan conocer el n\u00famero de impresiones de p\u00e1ginas, el n\u00famero de visitas realizadas a los servidores web, el orden de visitas, el punto de acceso, etc.<\/p><p><strong>4. LEY APLICABLE Y JURISDICCI\u00d3N<\/strong><\/p><p>Para la resoluci\u00f3n de todas las controversias o cuestiones relacionadas con el presente sitio web o de las actividades en \u00e9l desarrolladas, ser\u00e1 aplicable la legislaci\u00f3n espa\u00f1ola, a la que se someten expresamente las partes, siendo competentes para la resoluci\u00f3n de todos los conflictos derivados o relacionados con su uso los Juzgados y Tribunales m\u00e1s pr\u00f3ximos a TORTOSA.<\/p>\t\t\t\t\t\t\t\t<\/div>\n\t\t\t\t<div class=\"elementor-element elementor-element-9d39be1 elementor-widget elementor-widget-spacer\" data-id=\"9d39be1\" data-element_type=\"widget\" data-e-type=\"widget\" data-widget_type=\"spacer.default\">\n\t\t\t\t\t\t\t<div class=\"elementor-spacer\">\n\t\t\t<div class=\"elementor-spacer-inner\"><\/div>\n\t\t<\/div>\n\t\t\t\t\t\t<\/div>\n\t\t\t\t<\/div>\n\t\t\t\t\t<\/div>\n\t\t\t\t<\/div>\n\t\t\t\t<\/div>\n\t\t","protected":false},"excerpt":{"rendered":"<p>Aviso Legal LEY DE SERVICIOS DE LA SOCIEDAD DE LA INFORMACI\u00d3N (LSSI) L&#8217;ASOCIACI\u00d3N AMIGOS DE LAS ARTES ESC\u00c9NICAS TERRES DE L&#8217;EBRE, responsable del sitio web, pone a disposici\u00f3n de los usuarios el presente documento, con el que pretende dar cumplimiento a las obligaciones dispuestas en la Ley 34\/2002, de 11 de julio, de Servicios de&#8230;<\/p>\n<p><a rel=\"bookmark\" class=\"theme-button-text wolf-core-button wolf-core-button-size-md\" href=\"https:\/\/vertebradansa.com\/es\/avis-legal\/\"><span>Seguir leyendo<\/span><\/a><\/p>\n","protected":false},"author":3,"featured_media":0,"parent":0,"menu_order":0,"comment_status":"closed","ping_status":"closed","template":"","meta":{"footnotes":""},"class_list":{"0":"post-8757","1":"page","2":"type-page","3":"status-publish","4":"hentry","5":"entry","6":"clearfix","7":"entry-grid","8":"entry-columns-default","9":"entry-page-module-layout-standard","10":"no-post-thumbnail","11":"entry-page","13":"entry-page-grid"},"_links":{"self":[{"href":"https:\/\/vertebradansa.com\/es\/wp-json\/wp\/v2\/pages\/8757","targetHints":{"allow":["GET"]}}],"collection":[{"href":"https:\/\/vertebradansa.com\/es\/wp-json\/wp\/v2\/pages"}],"about":[{"href":"https:\/\/vertebradansa.com\/es\/wp-json\/wp\/v2\/types\/page"}],"author":[{"embeddable":true,"href":"https:\/\/vertebradansa.com\/es\/wp-json\/wp\/v2\/users\/3"}],"replies":[{"embeddable":true,"href":"https:\/\/vertebradansa.com\/es\/wp-json\/wp\/v2\/comments?post=8757"}],"version-history":[{"count":5,"href":"https:\/\/vertebradansa.com\/es\/wp-json\/wp\/v2\/pages\/8757\/revisions"}],"predecessor-version":[{"id":8812,"href":"https:\/\/vertebradansa.com\/es\/wp-json\/wp\/v2\/pages\/8757\/revisions\/8812"}],"wp:attachment":[{"href":"https:\/\/vertebradansa.com\/es\/wp-json\/wp\/v2\/media?parent=8757"}],"curies":[{"name":"wp","href":"https:\/\/api.w.org\/{rel}","templated":true}]}}