{"id":8761,"date":"2026-02-16T16:15:37","date_gmt":"2026-02-16T15:15:37","guid":{"rendered":"https:\/\/vertebradansa.com\/politica-de-privacitat\/"},"modified":"2026-04-13T11:46:38","modified_gmt":"2026-04-13T10:46:38","slug":"politica-de-privacitat","status":"publish","type":"page","link":"https:\/\/vertebradansa.com\/es\/politica-de-privacitat\/","title":{"rendered":"Pol\u00edtica de Privacidad"},"content":{"rendered":"\t\t<div data-elementor-type=\"wp-page\" data-elementor-id=\"8761\" class=\"elementor elementor-8761 elementor-7800\" data-elementor-post-type=\"page\">\n\t\t\t\t<div data-scroll-custom-offset=\"\" data-scroll-custom-duration=\"\" data-scroll-css-progress=\"\" data-scroll-class=\"locoscroll-animate\" data-scroll-entrance-animation=\"\" class=\"wolf-core-elementor-row wolf-core-font- elementor-element elementor-element-ffb27a2 e-flex e-con-boxed e-con e-parent\" data-font-skin=\"\" data-color-tone=\"\" data-id=\"ffb27a2\" data-element_type=\"container\" data-e-type=\"container\" data-settings=\"{&quot;background_background&quot;:&quot;classic&quot;}\">\n\t\t\t\t\t<div class=\"e-con-inner\">\n\t\t<div data-scroll-custom-offset=\"\" data-scroll-custom-duration=\"\" data-scroll-css-progress=\"\" data-scroll-class=\"locoscroll-animate\" data-scroll-entrance-animation=\"\" class=\"wolf-core-elementor-row wolf-core-font- elementor-element elementor-element-5df6a84 e-con-full e-flex e-con e-child\" data-font-skin=\"\" data-color-tone=\"\" data-id=\"5df6a84\" data-element_type=\"container\" data-e-type=\"container\">\n\t\t\t\t<div class=\"elementor-element elementor-element-470e9d9 elementor-widget elementor-widget-spacer\" data-id=\"470e9d9\" data-element_type=\"widget\" data-e-type=\"widget\" data-widget_type=\"spacer.default\">\n\t\t\t\t\t\t\t<div class=\"elementor-spacer\">\n\t\t\t<div class=\"elementor-spacer-inner\"><\/div>\n\t\t<\/div>\n\t\t\t\t\t\t<\/div>\n\t\t\t\t<div class=\"elementor-element elementor-element-fc514c9 animated-heading-yes elementor-widget elementor-widget-heading\" data-id=\"fc514c9\" data-element_type=\"widget\" data-e-type=\"widget\" data-widget_type=\"heading.default\">\n\t\t\t\t\t<h3 data-animation=\"subtitle\" class=\"elementor-heading-title elementor-size-default\">Pol\u00edtica de Privacitat<\/h3>\t\t\t\t<\/div>\n\t\t\t\t<div data-animation=\"paragraph\" data-animation-delay=\"0\" class=\" elementor-element elementor-element-87ab4f8 animated-text-yes elementor-widget elementor-widget-text-editor\" data-id=\"87ab4f8\" data-element_type=\"widget\" data-e-type=\"widget\" data-widget_type=\"text-editor.default\">\n\t\t\t\t\t\t\t\t\t<p>L&#8217;Associaci\u00f3 Amics de les Arts Esc\u00e8niques Terres de l\u2019Ebre , com a responsable d\u2019aquest lloc web, de conformitat amb el Reglament (UE) 2016\/679, de 27 d\u2019abril, relatiu a la protecci\u00f3 de les persones f\u00edsiques pel que fa al tractament de dades personals i a la lliure circulaci\u00f3 d\u2019aquestes dades (RGPD) i la Llei org\u00e0nica 3\/2018, de 5 de desembre, de Protecci\u00f3 de Dades Personals i garantia dels drets digitals (LOPDPGDD), informa que ha implementat les mesures de seguretat necess\u00e0ries, d\u2019\u00edndole t\u00e8cnica i organitzativa, per a garantir i protegir la&nbsp; confidencialitat, la integritat i la disponibilitat de les dades introdu\u00efdes.<\/p><p><br><\/p>\n<p><strong>Qui \u00e9s el responsable del tractament?<\/strong><\/p>\n<p>Associaci\u00f3 Amics de les Arts Esc\u00e8niques Terres de l\u2019Ebre <br>Avinguda Catalunya n\u00famero 117-119, 6\u00e8 4a 43870 Amposta<br>Mail: protecciodades@robertoolivan.com<\/p><p><br><\/p>\n<p><strong>Amb quina finalitat tractem les seves dades personals?<\/strong><br>A l&#8217;Associaci\u00f3 Amics de les Arts Esc\u00e8niques Terres de l\u2019Ebre tractem la informaci\u00f3 que ens faciliten les persones interessades amb la finalitat de gestionar la inscripci\u00f3 per a l\u2019assist\u00e8ncia als cursos, workshops, festivals i\/o altres activitats organitzades per ROPA, englobant-se en aquest cas la realitzaci\u00f3 de totes aquelles gestions administratives que siguin necess\u00e0ries per a aquesta finalitat com pot ser la validaci\u00f3 de la informaci\u00f3, tamb\u00e9 es podran sol\u00b7licitar dades sobre possibles al\u00b7l\u00e8rgies en l\u2019alimentaci\u00f3. A aquestes dades de salut se\u2019ls aplicaran unes mesures de seguretat superiors adequades a la tipologia de dades especialment protegides que s\u00f3n. Aquestes dades es conservaran durant la vig\u00e8ncia del curs o festival i posteriorment quedaran bloquejades fins que transcorrin els terminis de prescripci\u00f3 aplicables.<\/p>\n<p>Una altra finalitat \u00e9s l\u2019enviament d\u2019informaci\u00f3 que ha estat sol\u00b7licitada sobre l\u2019oferta dels cursos, workshops, festivals i\/o altres activitats organitzades per l&#8217;Associaci\u00f3 Amics de les Arts Esc\u00e8niques Terres de&nbsp;l\u2019Ebre i saber la vostra opini\u00f3 respecte a la informaci\u00f3 facilitada; aix\u00ed com gestionar l\u2019enviament d\u2019informaci\u00f3 comercial d\u2019altres ofertes de l&#8217;Associaci\u00f3 Amics de les Arts Esc\u00e8niques Terres de l\u2019Ebre. Respecte a les dades per a la gesti\u00f3 d\u2019informaci\u00f3, aquests es conserven durant el termini necessari per a dur a terme aquesta activitat. Posteriorment es bloquegen fins que transcorrin els terminis de prescripci\u00f3 aplicables. Aix\u00ed mateix, les dades per a l\u2019enviament d\u2019informaci\u00f3 comercial es conserven fins que manifesta la seva voluntat que siguin suprimits. Una altra finalitat seria l\u2019\u00fas d\u2019imatges en les quals pugui apar\u00e8ixer individualment o en grup que es poden realitzar durant la celebraci\u00f3 del curs i\/o festivals. Aquestes imatges es conserven fins que es manifesta la seva voluntat que siguin suprimides. Tamb\u00e9 es tractaran les dades necess\u00e0ries per a la gesti\u00f3 comercial i administrativa, com pot ser l\u2019expedici\u00f3 de les corresponents factures dels prove\u00efdors, professorat, equip art\u00edstic i t\u00e8cnic. Aquestes dades es conserven durant el termini necessari per a dur a terme aquesta activitat. Posteriorment es bloquegen fins que transcorrin els terminis de prescripci\u00f3 aplicables. Finalment, tamb\u00e9 es tractaran les seves dades per a controlar l\u2019acc\u00e9s a les instal\u00b7lacions i als cursos que vagi a realitzar i per a gestionar les dades que puguin ser exercitats relacionats amb la normativa de protecci\u00f3 de dades personals. Aquestes dades es conserven durant el termini necessari per a dur a terme aquesta activitat. Posteriorment es bloquegen fins que transcorrin els terminis de prescripci\u00f3 aplicables. No es tractaran les dades personals per a cap altra finalitat que les que s\u2019hagin descrit aqu\u00ed excepte per obligaci\u00f3 legal o requeriment judicial.<\/p>\n<p>L&#8217;Associaci\u00f3 Amics de les Arts Esc\u00e8niques Terres de&nbsp;l\u2019Ebre tractar\u00e0 tamb\u00e9 les dades dels tutors que autoritzin la asitencia dels menors en els esdeveniments organitzats per ROPA a l\u2019efecte de complir amb la normativa aplicable sobre aquest tema aquestes dades es conserven durant la durada de l\u2019esdeveniment. Posteriorment es bloquegen fins que transcorrin els terminis de prescripci\u00f3 aplicables.<\/p>\n<p>L&#8217;Associaci\u00f3 Amics de les Arts Esc\u00e8niques Terres de&nbsp;l\u2019Ebre tractar\u00e0 les dades d\u2019aquelles persones que efectu\u00efn donacions econ\u00f2miques a l\u2019organitzaci\u00f3 als efectes de poder atendre correctament aquestes donacions als efectes tamb\u00e9 de controls d\u2019aquestes donacions i de relaci\u00f3 amb les entitats banc\u00e0ries aquests es conserven durant el termini necessari per a dur a terme aquesta activitat. Posteriorment es bloquegen fins que transcorrin els terminis de prescripci\u00f3 aplicables.<\/p>\n<p><br><\/p>\n<p><strong>Quina \u00e9s la legitimaci\u00f3 per al tractament de les seves dades?<\/strong><br>La base legal per al tractament de les seves dades \u00e9s l\u2019execuci\u00f3 del contracte pel qual Vost\u00e8 pot assistir als cursos, workshops, festivals i\/o altres activitats organitzades per l&#8217;Associaci\u00f3 Amics de les Arts Esc\u00e8niques Terres de l\u2019Ebre. Aix\u00ed mateix, la base legal per a l\u2019enviament d\u2019informaci\u00f3 o d\u2019oferta comercial de l&#8217;Associaci\u00f3 Amics de les Arts Esc\u00e8niques Terres de l\u2019Ebre \u00e9s el consentiment sol\u00b7licitat, per a l\u2019\u00fas de les fotografies \u00e9s l\u2019inter\u00e8s leg\u00edtim de l&#8217;Associaci\u00f3 Amics de les Arts Esc\u00e8niques Terres de&nbsp;l\u2019Ebre a presentar les seves activitats al p\u00fablic, per a la gesti\u00f3 de les autoritzacions dels tutors legals \u00e9s l\u2019obligaci\u00f3 legal establerta en la normativa de defensa al menor i per a l\u2019exercici dels drets l\u2019obligaci\u00f3 legal establerta en la normativa de protecci\u00f3 de dades. En relaci\u00f3 amb el tractament de les dades per a la gesti\u00f3 de les donacions, la base legal \u00e9s l\u2019execuci\u00f3 d\u2019un contracte.<\/p>\n<p><br><\/p>\n<p><strong>A quins destinataris es comunicaran les seves dades?<\/strong><br>L&#8217;Associaci\u00f3 Amics de les Arts Esc\u00e8niques Terres de l\u2019Ebre no cedir\u00e0 les seves dades a cap altre tercer, excepte per obligaci\u00f3 legal.<\/p>\n<p><br><\/p>\n<p><strong>Quins s\u00f3n els seus drets quan ens facilita les seves dades?<\/strong><\/p>\n<p><strong>Dret d\u2019Acc\u00e9s, Rectificaci\u00f3 i Supressi\u00f3:&nbsp;<\/strong>Les persones interessades tenen dret a obtenir confirmaci\u00f3 sobre si en l\u2019Entitat estem tractant dades personals que els concerneixin, o no. Les persones interessades tenen dret a si accedir a les seves dades personals, aix\u00ed com a sol\u00b7licitar la rectificaci\u00f3 de les dades inexactes o, en el seu cas, sol\u00b7licitar la seva supressi\u00f3 quan, entre altres motius, les dades ja no siguin necessaris per als fins que van ser recollits.<\/p>\n<p><strong>Dret a la Limitaci\u00f3 i Oposici\u00f3:<\/strong>&nbsp;En determinades circumst\u00e0ncies, els interessats podran sol\u00b7licitar la limitaci\u00f3 del tractament de les seves dades, i en aquest cas \u00fanicament els conservarem per a l\u2019exercici o la defensa de reclamacions. En determinades circumst\u00e0ncies i per motius relacionats amb la seva situaci\u00f3 particular, els interessats podran oposar-se al tractament de les seves dades. L\u2019Entitat deixar\u00e0 de tractar les dades, excepte per motius leg\u00edtims imperiosos, o l\u2019exercici o la defensa de possibles reclamacions.<\/p>\n<p><strong>Dret de Portabilitat:<\/strong>&nbsp;Les persones interessades tenen dret a sol\u00b7licitar la portabilitat de les seves dades, permetent que les seves dades siguin transmeses directament a una entitat o empresa, sempre que aix\u00f2 sigui t\u00e8cnicament possible.<\/p>\n<p>\u25cf Aquests drets podran ser exercitats a trav\u00e9s de qualsevol mitj\u00e0 de comunicaci\u00f3 enfront de l\u2019Entitat en l\u2019adre\u00e7a Avinguda Catalunya n\u00famero 117-119, 6\u00e8 4a <br>43870 Amposta , adjuntant fotoc\u00f2pia de DNI del titular de les dades o en l\u2019adre\u00e7a protecciodades@robertoolivan.com<\/p>\n<p>\u25cf Finalment, l\u2019interessat t\u00e9 dret a presentar una reclamaci\u00f3 davant l\u2019Ag\u00e8ncia Espanyola de Protecci\u00f3 de Dades.<\/p>\t\t\t\t\t\t\t\t<\/div>\n\t\t\t\t<div class=\"elementor-element elementor-element-9d39be1 elementor-widget elementor-widget-spacer\" data-id=\"9d39be1\" data-element_type=\"widget\" data-e-type=\"widget\" data-widget_type=\"spacer.default\">\n\t\t\t\t\t\t\t<div class=\"elementor-spacer\">\n\t\t\t<div class=\"elementor-spacer-inner\"><\/div>\n\t\t<\/div>\n\t\t\t\t\t\t<\/div>\n\t\t\t\t<\/div>\n\t\t\t\t\t<\/div>\n\t\t\t\t<\/div>\n\t\t\t\t<\/div>\n\t\t","protected":false},"excerpt":{"rendered":"<p>Pol\u00edtica de Privacitat L&#8217;Associaci\u00f3 Amics de les Arts Esc\u00e8niques Terres de l\u2019Ebre , com a responsable d\u2019aquest lloc web, de conformitat amb el Reglament (UE) 2016\/679, de 27 d\u2019abril, relatiu a la protecci\u00f3 de les persones f\u00edsiques pel que fa al tractament de dades personals i a la lliure circulaci\u00f3 d\u2019aquestes dades (RGPD) i la&#8230;<\/p>\n<p><a rel=\"bookmark\" class=\"theme-button-text wolf-core-button wolf-core-button-size-md\" href=\"https:\/\/vertebradansa.com\/es\/politica-de-privacitat\/\"><span>Seguir leyendo<\/span><\/a><\/p>\n","protected":false},"author":3,"featured_media":0,"parent":0,"menu_order":0,"comment_status":"closed","ping_status":"closed","template":"","meta":{"footnotes":""},"class_list":{"0":"post-8761","1":"page","2":"type-page","3":"status-publish","4":"hentry","5":"entry","6":"clearfix","7":"entry-grid","8":"entry-columns-default","9":"entry-page-module-layout-standard","10":"no-post-thumbnail","11":"entry-page","13":"entry-page-grid"},"_links":{"self":[{"href":"https:\/\/vertebradansa.com\/es\/wp-json\/wp\/v2\/pages\/8761","targetHints":{"allow":["GET"]}}],"collection":[{"href":"https:\/\/vertebradansa.com\/es\/wp-json\/wp\/v2\/pages"}],"about":[{"href":"https:\/\/vertebradansa.com\/es\/wp-json\/wp\/v2\/types\/page"}],"author":[{"embeddable":true,"href":"https:\/\/vertebradansa.com\/es\/wp-json\/wp\/v2\/users\/3"}],"replies":[{"embeddable":true,"href":"https:\/\/vertebradansa.com\/es\/wp-json\/wp\/v2\/comments?post=8761"}],"version-history":[{"count":9,"href":"https:\/\/vertebradansa.com\/es\/wp-json\/wp\/v2\/pages\/8761\/revisions"}],"predecessor-version":[{"id":12619,"href":"https:\/\/vertebradansa.com\/es\/wp-json\/wp\/v2\/pages\/8761\/revisions\/12619"}],"wp:attachment":[{"href":"https:\/\/vertebradansa.com\/es\/wp-json\/wp\/v2\/media?parent=8761"}],"curies":[{"name":"wp","href":"https:\/\/api.w.org\/{rel}","templated":true}]}}