{"id":8773,"date":"2026-02-16T16:16:35","date_gmt":"2026-02-16T15:16:35","guid":{"rendered":"https:\/\/vertebradansa.com\/politica-de-cookies\/"},"modified":"2026-04-13T10:29:22","modified_gmt":"2026-04-13T09:29:22","slug":"politica-de-cookies","status":"publish","type":"page","link":"https:\/\/vertebradansa.com\/es\/politica-de-cookies\/","title":{"rendered":"Pol\u00edtica de Cookies"},"content":{"rendered":"\t\t<div data-elementor-type=\"wp-page\" data-elementor-id=\"8773\" class=\"elementor elementor-8773 elementor-7805\" data-elementor-post-type=\"page\">\n\t\t\t\t<div data-scroll-custom-offset=\"\" data-scroll-custom-duration=\"\" data-scroll-css-progress=\"\" data-scroll-class=\"locoscroll-animate\" data-scroll-entrance-animation=\"\" class=\"wolf-core-elementor-row wolf-core-font- elementor-element elementor-element-ffb27a2 e-flex e-con-boxed e-con e-parent\" data-font-skin=\"\" data-color-tone=\"\" data-id=\"ffb27a2\" data-element_type=\"container\" data-e-type=\"container\" data-settings=\"{&quot;background_background&quot;:&quot;classic&quot;}\">\n\t\t\t\t\t<div class=\"e-con-inner\">\n\t\t<div data-scroll-custom-offset=\"\" data-scroll-custom-duration=\"\" data-scroll-css-progress=\"\" data-scroll-class=\"locoscroll-animate\" data-scroll-entrance-animation=\"\" class=\"wolf-core-elementor-row wolf-core-font- elementor-element elementor-element-5df6a84 e-con-full e-flex e-con e-child\" data-font-skin=\"\" data-color-tone=\"\" data-id=\"5df6a84\" data-element_type=\"container\" data-e-type=\"container\">\n\t\t\t\t<div class=\"elementor-element elementor-element-470e9d9 elementor-widget elementor-widget-spacer\" data-id=\"470e9d9\" data-element_type=\"widget\" data-e-type=\"widget\" data-widget_type=\"spacer.default\">\n\t\t\t\t\t\t\t<div class=\"elementor-spacer\">\n\t\t\t<div class=\"elementor-spacer-inner\"><\/div>\n\t\t<\/div>\n\t\t\t\t\t\t<\/div>\n\t\t\t\t<div class=\"elementor-element elementor-element-fc514c9 animated-heading-yes elementor-widget elementor-widget-heading\" data-id=\"fc514c9\" data-element_type=\"widget\" data-e-type=\"widget\" data-widget_type=\"heading.default\">\n\t\t\t\t\t<h3 data-animation=\"subtitle\" class=\"elementor-heading-title elementor-size-default\">Av\u00eds Legal<\/h3>\t\t\t\t<\/div>\n\t\t\t\t<div data-animation=\"paragraph\" data-animation-delay=\"0\" class=\" elementor-element elementor-element-87ab4f8 animated-text-yes elementor-widget elementor-widget-text-editor\" data-id=\"87ab4f8\" data-element_type=\"widget\" data-e-type=\"widget\" data-widget_type=\"text-editor.default\">\n\t\t\t\t\t\t\t\t\t<p><strong>INFORMACI\u00d3N SOBRE COOKIES<\/strong><\/p>\n<p>Debido a la entrada en vigor de la modificaci\u00f3n de la \u201cLey de Servicios de la Sociedad de la Informaci\u00f3n\u201d (LSSICE) establecida por el Real Decreto 13\/2012, es obligatorio obtener el consentimiento expreso del usuario de todas las p\u00e1ginas web que utilicen cookies prescindibles, antes de que este navegue por ellas.<\/p>\n<p>\u00a0<\/p>\n<p><strong>\u00bfQU\u00c9 SON LAS COOKIES?<\/strong><\/p>\n<p>Las cookies y otras tecnolog\u00edas similares como local shared objects, flash cookies o p\u00edxeles, son herramientas empleadas por los servidores web para almacenar y recuperar informaci\u00f3n sobre sus visitantes, as\u00ed como para ofrecer un correcto funcionamiento del sitio.<\/p>\n<p>Mediante el uso de estos dispositivos se permite al servidor web recordar algunos datos relativos al usuario, como sus preferencias para la visualizaci\u00f3n de las p\u00e1ginas de ese servidor, nombre y contrase\u00f1a, productos que m\u00e1s le interesan, etc.<\/p>\n<p>\u00a0<\/p>\n<p><strong>COOKIES AFECTADAS POR LA NORMATIVA Y COOKIES EXCEPTUADAS<\/strong><\/p>\n<p>Seg\u00fan la directiva de la UE, las cookies que requieren el consentimiento informado por parte del usuario son las cookies de anal\u00edtica y las de publicidad y afiliaci\u00f3n, quedando exceptuadas las de car\u00e1cter t\u00e9cnico y las necesarias para el funcionamiento del sitio web o la prestaci\u00f3n de servicios expresamente solicitados por el usuario.<\/p>\n<p>\u00a0<\/p>\n<p><strong>\u00bfQU\u00c9 TIPOS DE COOKIES EXISTEN?<\/strong><\/p>\n<p>Sobre los tipos de cookies, existen cinco grandes grupos:<\/p>\n<ul>\n<li>Cookies anal\u00edticas: recogen informaci\u00f3n sobre el uso que se realiza del sitio web.<\/li>\n<li>Cookies sociales: son aquellas necesarias para redes sociales externas.<\/li>\n<li>Cookies de afiliados: permiten realizar un seguimiento de las visitas procedentes de otras webs, con las cuales el sitio web establece un contrato de afiliaci\u00f3n (empresas de afiliaci\u00f3n).<\/li>\n<li>Cookies de publicidad y comportamentales: recogen informaci\u00f3n sobre las preferencias y elecciones personales del usuario (retargeting).<\/li>\n<li>Cookies t\u00e9cnicas y funcionales: son las estrictamente necesarias para el uso del sitio web y para la prestaci\u00f3n del servicio contratado.<\/li>\n<\/ul>\n<p>\u00a0<\/p>\n<p>\u00a0<\/p>\n<p><strong>COOKIES QUE SE UTILIZAN EN ESTE SITIO WEB<\/strong><\/p>\n<ul>\n<li>PHPSESSID: cookie t\u00e9cnica y estrictamente necesaria que contiene el identificador de la sesi\u00f3n. Se elimina al cerrar el navegador.<\/li>\n<li>_lang: cookie t\u00e9cnica y estrictamente necesaria que contiene el idioma de la sesi\u00f3n. Se elimina al cerrar el navegador.<\/li>\n<li>_ac_cookies: cookie t\u00e9cnica y estrictamente necesaria que contiene el valor de si se ha aceptado la instalaci\u00f3n de cookies. Caduca 1 a\u00f1o despu\u00e9s de la \u00faltima actualizaci\u00f3n.<\/li>\n<li>_ga: cookie de Google Analytics que habilita la funci\u00f3n de control de visitas \u00fanicas. La primera vez que un usuario entra en el sitio web a trav\u00e9s de un navegador se instalar\u00e1 esta cookie. Cuando este usuario vuelva a entrar en la web con el mismo navegador, la cookie considerar\u00e1 que es el mismo usuario. Solo en el caso de que el usuario cambie de navegador, se considerar\u00e1 otro usuario. Caduca a los 2 a\u00f1os desde la \u00faltima actualizaci\u00f3n.<\/li>\n<li>_gat: esta cookie se asocia con Google Analytics Universal. Se utiliza para limitar la velocidad de petici\u00f3n \u2013 la limitaci\u00f3n de la recogida de datos en los sitios de alto tr\u00e1fico. Caduca a los 10 minutos.<\/li>\n<li>_utma: cookie de Google Analytics que registra la fecha de la primera y \u00faltima vez que el usuario estuvo en el sitio web. Caduca a los 2 a\u00f1os desde la \u00faltima actualizaci\u00f3n.<\/li>\n<li>_utmb: cookie de Google Analytics que registra la hora de llegada a la p\u00e1gina web. Caduca a los 30 minutos despu\u00e9s de la \u00faltima actualizaci\u00f3n.<\/li>\n<li>_utmc: cookie de Google Analytics utilizada para la interoperabilidad con el c\u00f3digo de seguimiento urchin.js. Se elimina al cerrar el navegador.<\/li>\n<li>_utmt: cookie de Google Analytics utilizada para procesar el tipo de solicitud que realiza el usuario. Caduca al finalizar la sesi\u00f3n.<\/li>\n<li>_utmv: cookie de Google Analytics utilizada para segmentar datos demogr\u00e1ficos. Caduca al finalizar la sesi\u00f3n.<\/li>\n<li>_utmz: cookie de Google Analytics que almacena la fuente de tr\u00e1fico o una campa\u00f1a para explicar c\u00f3mo el usuario lleg\u00f3 al sitio web. Caduca a los 6 meses despu\u00e9s de la \u00faltima actualizaci\u00f3n.<\/li>\n<\/ul>\n<p>\u00a0<\/p>\n<h3><strong>REVOCACI\u00d3N DEL CONSENTIMIENTO PARA INSTALAR COOKIES<\/strong><\/h3>\n<p>\u00a0<\/p>\n<p>\u00a0<\/p>\n<p>COMO ELIMINAR LAS COOKIES DEL NAVEGADOR<\/p>\n<p><strong>Chrome<\/strong><\/p>\n<ul>\n<li>Seleccionar el icono \u00abHerramientas\u00bb.<\/li>\n<li>Haz clic en \u00abConfiguraci\u00f3n\u00bb.<\/li>\n<li>Haz clic en \u00abMostrar opciones avanzadas\u00bb.<\/li>\n<li>En la secci\u00f3n \u00abPrivacidad\u00bb haz clic en \u00abConfiguraci\u00f3n de contenido\u00bb.<\/li>\n<li>Eliminar las cookies: haz clic en \u00abTodas las cookies y datos del sitio\u2026\u00bb.<\/li>\n<li>No permitir que se almacenen cookies.<\/li>\n<li>Haz clic en \u00abEliminar datos de navegaci\u00f3n\u00bb (vaciar memoria cach\u00e9).<\/li>\n<li>Cierra y reinicia el navegador.<\/li>\n<\/ul>\n<p>Para m\u00e1s informaci\u00f3n sobre Chrome, consulta aqu\u00ed: <a href=\"http:\/\/support.google.com\/chrome\/answer\/95647?hl=es\" target=\"_blank\" rel=\"noreferrer noopener\">http:\/\/support.google.com\/\u2026<\/a><\/p>\n<p><strong>Internet Explorer. Versi\u00f3n 11<\/strong><\/p>\n<ul>\n<li>Selecciona \u00abHerramientas\u00bb | \u00abOpciones de Internet\u00bb.<\/li>\n<li>Haz clic en la pesta\u00f1a \u00abGeneral\u00bb.<\/li>\n<li>En la secci\u00f3n \u00abHistorial de navegaci\u00f3n\u00bb, haz clic en \u00abEliminar el historial de exploraci\u00f3n al salir\u00bb.<\/li>\n<li>Selecciona \u00abEliminar archivo\u00bb.<\/li>\n<li>Selecciona \u00abEliminar cookies\u00bb.<\/li>\n<li>Haz clic en \u00abEliminar\u00bb.<\/li>\n<li>Haz clic en \u00abAceptar\u00bb.<\/li>\n<li>Cierra y reinicia el navegador.<\/li>\n<\/ul>\n<p>Para m\u00e1s informaci\u00f3n sobre Internet Explorer, consulta aqu\u00ed: <a href=\"http:\/\/windows.microsoft.com\/es-419\/windows7\/how-to-manage-cookies-in-internet-explorer-9\" target=\"_blank\" rel=\"noreferrer noopener\">http:\/\/windows.microsoft.com\/\u2026<\/a><\/p>\n<p><strong>Firefox. Versi\u00f3n 18<\/strong><\/p>\n<ul>\n<li>Selecciona \u00abFirefox\u00bb | \u00abHistorial\u00bb | \u00abLimpiar el historial reciente\u00bb.<\/li>\n<li>Junto a \u00abDetalles\u00bb, haz clic en la flecha hacia abajo.<\/li>\n<li>Selecciona las siguientes casillas: cookies, memoria cach\u00e9, sesiones activas.<\/li>\n<li>En \u00abIntervalo de tiempo para borrar\u00bb selecciona \u00abTodo\u00bb.<\/li>\n<li>Haz clic en \u00abLimpiar ahora\u00bb.<\/li>\n<li>Cierra y reinicia el navegador.<\/li>\n<\/ul>\n<p>Puedes acceder o rechazar las cookies individualmente en las \u00abPreferencias de Firefox\u00bb, en la secci\u00f3n \u00abHistorial\u00bb disponible en \u00abHerramientas\u00bb &gt; \u00abOpciones\u00bb &gt; \u00abPrivacidad\u00bb.<\/p>\n<p>Para m\u00e1s informaci\u00f3n sobre Mozilla Firefox, consulta aqu\u00ed: <a href=\"https:\/\/www.mozilla.org\/es-ES\/privacy\/websites\/#cookies\" target=\"_blank\" rel=\"noreferrer noopener\">https:\/\/www.mozilla.org\/\u2026<\/a><\/p>\n<p><strong>Safari Versi\u00f3n 5.1<\/strong><\/p>\n<ul>\n<li>Selecciona el icono de \u00abSafari \/ Editar\u00bb | \u00abRestablecer Safari\u00bb.<\/li>\n<li>Selecciona las siguientes casillas: borrar historial.<\/li>\n<li>Eliminar todos los datos del sitio web.<\/li>\n<li>Haz clic en \u00abRestablecer\u00bb.<\/li>\n<li>Cierra y reinicia el navegador.<\/li>\n<\/ul>\n<p>Para m\u00e1s informaci\u00f3n sobre Safari, consulta aqu\u00ed: <a href=\"http:\/\/support.apple.com\/kb\/PH5042\" target=\"_blank\" rel=\"noreferrer noopener\">http:\/\/support.apple.com\/kb\/ph5042<\/a><\/p>\n<p><strong>Opera \u00abOpciones\u00bb \u2013 \u00abAvanzado\u00bb \u2013 \u00abCookies\u00bb.<\/strong><br \/>Las opciones de cookies controlan la forma en que Opera las gestiona y, por tanto, su aceptaci\u00f3n o rechazo.<\/p>\n<p>Para m\u00e1s informaci\u00f3n sobre Opera, consulta aqu\u00ed:<\/p>\n<p><a href=\"http:\/\/help.opera.com\/Linux\/10.60\/es-ES\/cookies.html\" target=\"_blank\" rel=\"noreferrer noopener\">http:\/\/help.opera.com\/linux\/10.60\/es-es\/cookies.html<\/a><\/p>\t\t\t\t\t\t\t\t<\/div>\n\t\t\t\t<div class=\"elementor-element elementor-element-9d39be1 elementor-widget elementor-widget-spacer\" data-id=\"9d39be1\" data-element_type=\"widget\" data-e-type=\"widget\" data-widget_type=\"spacer.default\">\n\t\t\t\t\t\t\t<div class=\"elementor-spacer\">\n\t\t\t<div class=\"elementor-spacer-inner\"><\/div>\n\t\t<\/div>\n\t\t\t\t\t\t<\/div>\n\t\t\t\t<\/div>\n\t\t\t\t\t<\/div>\n\t\t\t\t<\/div>\n\t\t\t\t<\/div>\n\t\t","protected":false},"excerpt":{"rendered":"<p>Av\u00eds Legal INFORMACI\u00d3N SOBRE COOKIES Debido a la entrada en vigor de la modificaci\u00f3n de la \u201cLey de Servicios de la Sociedad de la Informaci\u00f3n\u201d (LSSICE) establecida por el Real Decreto 13\/2012, es obligatorio obtener el consentimiento expreso del usuario de todas las p\u00e1ginas web que utilicen cookies prescindibles, antes de que este navegue por&#8230;<\/p>\n<p><a rel=\"bookmark\" class=\"theme-button-text wolf-core-button wolf-core-button-size-md\" href=\"https:\/\/vertebradansa.com\/es\/politica-de-cookies\/\"><span>Seguir leyendo<\/span><\/a><\/p>\n","protected":false},"author":3,"featured_media":0,"parent":0,"menu_order":0,"comment_status":"closed","ping_status":"closed","template":"","meta":{"footnotes":""},"class_list":{"0":"post-8773","1":"page","2":"type-page","3":"status-publish","4":"hentry","5":"entry","6":"clearfix","7":"entry-grid","8":"entry-columns-default","9":"entry-page-module-layout-standard","10":"no-post-thumbnail","11":"entry-page","13":"entry-page-grid"},"_links":{"self":[{"href":"https:\/\/vertebradansa.com\/es\/wp-json\/wp\/v2\/pages\/8773","targetHints":{"allow":["GET"]}}],"collection":[{"href":"https:\/\/vertebradansa.com\/es\/wp-json\/wp\/v2\/pages"}],"about":[{"href":"https:\/\/vertebradansa.com\/es\/wp-json\/wp\/v2\/types\/page"}],"author":[{"embeddable":true,"href":"https:\/\/vertebradansa.com\/es\/wp-json\/wp\/v2\/users\/3"}],"replies":[{"embeddable":true,"href":"https:\/\/vertebradansa.com\/es\/wp-json\/wp\/v2\/comments?post=8773"}],"version-history":[{"count":3,"href":"https:\/\/vertebradansa.com\/es\/wp-json\/wp\/v2\/pages\/8773\/revisions"}],"predecessor-version":[{"id":8929,"href":"https:\/\/vertebradansa.com\/es\/wp-json\/wp\/v2\/pages\/8773\/revisions\/8929"}],"wp:attachment":[{"href":"https:\/\/vertebradansa.com\/es\/wp-json\/wp\/v2\/media?parent=8773"}],"curies":[{"name":"wp","href":"https:\/\/api.w.org\/{rel}","templated":true}]}}