{"id":8817,"date":"2026-02-11T20:05:17","date_gmt":"2026-02-11T19:05:17","guid":{"rendered":"https:\/\/vertebradansa.com\/com-arribar\/"},"modified":"2026-04-13T10:27:02","modified_gmt":"2026-04-13T09:27:02","slug":"com-arribar","status":"publish","type":"page","link":"https:\/\/vertebradansa.com\/es\/com-arribar\/","title":{"rendered":"Como llegar"},"content":{"rendered":"\t\t<div data-elementor-type=\"wp-page\" data-elementor-id=\"8817\" class=\"elementor elementor-8817 elementor-7601\" data-elementor-post-type=\"page\">\n\t\t\t\t<div data-scroll-custom-offset=\"\" data-scroll-custom-duration=\"\" data-scroll-css-progress=\"\" data-scroll-class=\"locoscroll-animate\" data-scroll-entrance-animation=\"\" class=\"wolf-core-elementor-row wolf-core-font- elementor-element elementor-element-b6ba22a e-flex e-con-boxed e-con e-parent\" data-font-skin=\"\" data-color-tone=\"\" data-id=\"b6ba22a\" data-element_type=\"container\" data-e-type=\"container\" data-settings=\"{&quot;background_background&quot;:&quot;classic&quot;}\">\n\t\t\t\t\t<div class=\"e-con-inner\">\n\t\t<div data-scroll-custom-offset=\"\" data-scroll-custom-duration=\"\" data-scroll-css-progress=\"\" data-scroll-class=\"locoscroll-animate\" data-scroll-entrance-animation=\"\" class=\"wolf-core-elementor-row wolf-core-font- elementor-element elementor-element-973a564 e-con-full e-flex e-con e-child\" data-font-skin=\"\" data-color-tone=\"\" data-id=\"973a564\" data-element_type=\"container\" data-e-type=\"container\">\n\t\t\t\t<div class=\"elementor-element elementor-element-2a6d6a4 animated-heading-yes elementor-widget__width-initial elementor-widget elementor-widget-heading\" data-id=\"2a6d6a4\" data-element_type=\"widget\" data-e-type=\"widget\" data-widget_type=\"heading.default\">\n\t\t\t\t\t<h3 data-animation=\"subtitle\" class=\"elementor-heading-title elementor-size-default\">C\u00f3mo llegar<\/h3>\t\t\t\t<\/div>\n\t\t\t\t<\/div>\n\t\t\t\t\t<\/div>\n\t\t\t\t<\/div>\n\t\t<div data-scroll-custom-offset=\"\" data-scroll-custom-duration=\"\" data-scroll-css-progress=\"\" data-scroll-class=\"locoscroll-animate\" data-scroll-entrance-animation=\"\" class=\"wolf-core-elementor-row wolf-core-font- elementor-element elementor-element-6233b4f e-flex e-con-boxed e-con e-parent\" data-font-skin=\"\" data-color-tone=\"\" data-id=\"6233b4f\" data-element_type=\"container\" data-e-type=\"container\" data-settings=\"{&quot;background_background&quot;:&quot;classic&quot;}\">\n\t\t\t\t\t<div class=\"e-con-inner\">\n\t\t<div data-scroll=\"\" data-scroll-custom-offset=\"\" data-scroll-custom-duration=\"\" data-scroll-css-progress=\"\" data-scroll-class=\"locoscroll-animate\" data-scroll-entrance-animation=\"fade-in-up\" style=\"--scroll-animation-delay:0.2s\" data-scroll-speed=\"0\" class=\"wolf-core-elementor-row wolf-core-font- elementor-element elementor-element-1f36c06 e-con-full locoscroll-yes e-flex e-con e-child\" data-font-skin=\"\" data-color-tone=\"\" data-id=\"1f36c06\" data-element_type=\"container\" data-e-type=\"container\" data-settings=\"{&quot;background_background&quot;:&quot;classic&quot;}\">\n\t\t\t\t<div class=\" elementor-element elementor-element-dfa3192 elementor-widget elementor-widget-image\" data-id=\"dfa3192\" data-element_type=\"widget\" data-e-type=\"widget\" data-widget_type=\"image.default\">\n\t\t\t\t\t\t\t\t\t\t\t\t\t\t\t<img decoding=\"async\" width=\"150\" height=\"150\" src=\"https:\/\/vertebradansa.com\/wp-content\/uploads\/2026\/02\/cotxe-150x150.png\" class=\"attachment-thumbnail size-thumbnail wp-image-8818\" alt=\"\" srcset=\"https:\/\/vertebradansa.com\/wp-content\/uploads\/2026\/02\/cotxe-150x150.png 150w, https:\/\/vertebradansa.com\/wp-content\/uploads\/2026\/02\/cotxe-300x300.png 300w, https:\/\/vertebradansa.com\/wp-content\/uploads\/2026\/02\/cotxe-768x768.png 768w, https:\/\/vertebradansa.com\/wp-content\/uploads\/2026\/02\/cotxe-500x500.png 500w, https:\/\/vertebradansa.com\/wp-content\/uploads\/2026\/02\/cotxe-550x550.png 550w, https:\/\/vertebradansa.com\/wp-content\/uploads\/2026\/02\/cotxe-400x400.png 400w, https:\/\/vertebradansa.com\/wp-content\/uploads\/2026\/02\/cotxe-290x290.png 290w, https:\/\/vertebradansa.com\/wp-content\/uploads\/2026\/02\/cotxe.png 1024w\" sizes=\"(max-width: 150px) 100vw, 150px\" \/>\t\t\t\t\t\t\t\t\t\t\t\t\t\t\t<\/div>\n\t\t\t\t<div class=\" elementor-element elementor-element-ab0b7da elementor-widget elementor-widget-text-editor\" data-id=\"ab0b7da\" data-element_type=\"widget\" data-e-type=\"widget\" data-widget_type=\"text-editor.default\">\n\t\t\t\t\t\t\t\t\t<p>Coche<\/p>\t\t\t\t\t\t\t\t<\/div>\n\t\t\t\t<div data-animation=\"paragraph\" data-animation-delay=\"0\" class=\" elementor-element elementor-element-239549b animated-text-yes elementor-widget elementor-widget-text-editor\" data-id=\"239549b\" data-element_type=\"widget\" data-e-type=\"widget\" data-widget_type=\"text-editor.default\">\n\t\t\t\t\t\t\t\t\t<p>Si vienes por la AP-7, toma la salida 40 para incorporarte a la C-42 en direcci\u00f3n a N-235\/Tortosa\/L&#8217;Aldea. Contin\u00faa por la C-42 hasta que llegues a Tortosa.<\/p>\t\t\t\t\t\t\t\t<\/div>\n\t\t\t\t<\/div>\n\t\t<div data-scroll=\"\" data-scroll-custom-offset=\"\" data-scroll-custom-duration=\"\" data-scroll-css-progress=\"\" data-scroll-class=\"locoscroll-animate\" data-scroll-entrance-animation=\"fade-in-up\" style=\"--scroll-animation-delay:0.2s\" data-scroll-speed=\"0\" class=\"wolf-core-elementor-row wolf-core-font- elementor-element elementor-element-5d92d14 e-con-full locoscroll-yes e-flex e-con e-child\" data-font-skin=\"\" data-color-tone=\"\" data-id=\"5d92d14\" data-element_type=\"container\" data-e-type=\"container\" data-settings=\"{&quot;background_background&quot;:&quot;classic&quot;}\">\n\t\t\t\t<div class=\" elementor-element elementor-element-bb79544 elementor-widget elementor-widget-image\" data-id=\"bb79544\" data-element_type=\"widget\" data-e-type=\"widget\" data-widget_type=\"image.default\">\n\t\t\t\t\t\t\t\t\t\t\t\t\t\t\t<img decoding=\"async\" width=\"150\" height=\"150\" src=\"https:\/\/vertebradansa.com\/wp-content\/uploads\/2026\/02\/avio-150x150.png\" class=\"attachment-thumbnail size-thumbnail wp-image-9144\" alt=\"\" srcset=\"https:\/\/vertebradansa.com\/wp-content\/uploads\/2026\/02\/avio-150x150.png 150w, https:\/\/vertebradansa.com\/wp-content\/uploads\/2026\/02\/avio-300x300.png 300w, https:\/\/vertebradansa.com\/wp-content\/uploads\/2026\/02\/avio-768x768.png 768w, https:\/\/vertebradansa.com\/wp-content\/uploads\/2026\/02\/avio-500x500.png 500w, https:\/\/vertebradansa.com\/wp-content\/uploads\/2026\/02\/avio-550x550.png 550w, https:\/\/vertebradansa.com\/wp-content\/uploads\/2026\/02\/avio-400x400.png 400w, https:\/\/vertebradansa.com\/wp-content\/uploads\/2026\/02\/avio-290x290.png 290w, https:\/\/vertebradansa.com\/wp-content\/uploads\/2026\/02\/avio.png 1024w\" sizes=\"(max-width: 150px) 100vw, 150px\" \/>\t\t\t\t\t\t\t\t\t\t\t\t\t\t\t<\/div>\n\t\t\t\t<div class=\" elementor-element elementor-element-15bd248 elementor-widget elementor-widget-text-editor\" data-id=\"15bd248\" data-element_type=\"widget\" data-e-type=\"widget\" data-widget_type=\"text-editor.default\">\n\t\t\t\t\t\t\t\t\t<p>Avi\u00f3n<\/p>\t\t\t\t\t\t\t\t<\/div>\n\t\t\t\t<div data-animation=\"paragraph\" data-animation-delay=\"0\" class=\" elementor-element elementor-element-52cb59e animated-text-yes elementor-widget elementor-widget-text-editor\" data-id=\"52cb59e\" data-element_type=\"widget\" data-e-type=\"widget\" data-widget_type=\"text-editor.default\">\n\t\t\t\t\t\t\t\t\t<p>Para mayor comodidad, en caso de viajar en avi\u00f3n se recomienda llegar al Aeropuerto de Josep Tarradellas Barcelona-El Prat (Barcelona) por la mejor facilidad de conexiones ferroviarias y l\u00edneas de autob\u00fas <a href=\"https:\/\/www.hife.es\/\" target=\"_blank\" rel=\"noopener\">HIFE<\/a> con Tortosa. Puedes consultar las aerol\u00edneas que operan en la p\u00e1gina de <a href=\"https:\/\/www.aena.es\/es\/pasajeros\/pasajeros.html\" target=\"_blank\" rel=\"noopener\">AENA<\/a>.<\/p>\t\t\t\t\t\t\t\t<\/div>\n\t\t\t\t<\/div>\n\t\t<div data-scroll=\"\" data-scroll-custom-offset=\"\" data-scroll-custom-duration=\"\" data-scroll-css-progress=\"\" data-scroll-class=\"locoscroll-animate\" data-scroll-entrance-animation=\"fade-in-up\" style=\"--scroll-animation-delay:0.2s\" data-scroll-speed=\"0\" class=\"wolf-core-elementor-row wolf-core-font- elementor-element elementor-element-3d2aefa e-con-full locoscroll-yes e-flex e-con e-child\" data-font-skin=\"\" data-color-tone=\"\" data-id=\"3d2aefa\" data-element_type=\"container\" data-e-type=\"container\" data-settings=\"{&quot;background_background&quot;:&quot;classic&quot;}\">\n\t\t\t\t<div class=\" elementor-element elementor-element-b9cd14d elementor-widget elementor-widget-image\" data-id=\"b9cd14d\" data-element_type=\"widget\" data-e-type=\"widget\" data-widget_type=\"image.default\">\n\t\t\t\t\t\t\t\t\t\t\t\t\t\t\t<img decoding=\"async\" width=\"150\" height=\"150\" src=\"https:\/\/vertebradansa.com\/wp-content\/uploads\/2026\/02\/tren-150x150.png\" class=\"attachment-thumbnail size-thumbnail wp-image-9145\" alt=\"\" srcset=\"https:\/\/vertebradansa.com\/wp-content\/uploads\/2026\/02\/tren-150x150.png 150w, https:\/\/vertebradansa.com\/wp-content\/uploads\/2026\/02\/tren-300x300.png 300w, https:\/\/vertebradansa.com\/wp-content\/uploads\/2026\/02\/tren-768x768.png 768w, https:\/\/vertebradansa.com\/wp-content\/uploads\/2026\/02\/tren-500x500.png 500w, https:\/\/vertebradansa.com\/wp-content\/uploads\/2026\/02\/tren-550x550.png 550w, https:\/\/vertebradansa.com\/wp-content\/uploads\/2026\/02\/tren-400x400.png 400w, https:\/\/vertebradansa.com\/wp-content\/uploads\/2026\/02\/tren-290x290.png 290w, https:\/\/vertebradansa.com\/wp-content\/uploads\/2026\/02\/tren.png 1024w\" sizes=\"(max-width: 150px) 100vw, 150px\" \/>\t\t\t\t\t\t\t\t\t\t\t\t\t\t\t<\/div>\n\t\t\t\t<div class=\" elementor-element elementor-element-460daf8 elementor-widget elementor-widget-text-editor\" data-id=\"460daf8\" data-element_type=\"widget\" data-e-type=\"widget\" data-widget_type=\"text-editor.default\">\n\t\t\t\t\t\t\t\t\t<p>Tren<\/p>\t\t\t\t\t\t\t\t<\/div>\n\t\t\t\t<div data-animation=\"paragraph\" data-animation-delay=\"0\" class=\" elementor-element elementor-element-bd5a3b1 animated-text-yes elementor-widget elementor-widget-text-editor\" data-id=\"bd5a3b1\" data-element_type=\"widget\" data-e-type=\"widget\" data-widget_type=\"text-editor.default\">\n\t\t\t\t\t\t\t\t\t<p style=\"text-align: left;\">Tortosa cuenta con una estaci\u00f3n de tren en el centro de la ciudad. Consulta los horarios en la p\u00e1gina web de <a href=\"https:\/\/www.renfe.com\/es\/es\" target=\"_blank\" rel=\"noopener\">RENFE<\/a> o desc\u00e1rgate su <a href=\"https:\/\/play.google.com\/store\/apps\/details?id=com.renfeviajeros.ticket&amp;hl=es\" target=\"_blank\" rel=\"noopener\">aplicaci\u00f3n<\/a>.<\/p>\t\t\t\t\t\t\t\t<\/div>\n\t\t\t\t<\/div>\n\t\t<div data-scroll=\"\" data-scroll-custom-offset=\"\" data-scroll-custom-duration=\"\" data-scroll-css-progress=\"\" data-scroll-class=\"locoscroll-animate\" data-scroll-entrance-animation=\"fade-in-up\" style=\"--scroll-animation-delay:0.2s\" data-scroll-speed=\"0\" class=\"wolf-core-elementor-row wolf-core-font- elementor-element elementor-element-9a748d5 e-con-full locoscroll-yes e-flex e-con e-child\" data-font-skin=\"\" data-color-tone=\"\" data-id=\"9a748d5\" data-element_type=\"container\" data-e-type=\"container\" data-settings=\"{&quot;background_background&quot;:&quot;classic&quot;}\">\n\t\t\t\t<div class=\" elementor-element elementor-element-b5bde47 elementor-widget elementor-widget-image\" data-id=\"b5bde47\" data-element_type=\"widget\" data-e-type=\"widget\" data-widget_type=\"image.default\">\n\t\t\t\t\t\t\t\t\t\t\t\t\t\t\t<img loading=\"lazy\" decoding=\"async\" width=\"150\" height=\"150\" src=\"https:\/\/vertebradansa.com\/wp-content\/uploads\/2026\/04\/00.PictoBUS-150x150.png\" class=\"attachment-thumbnail size-thumbnail wp-image-10347\" alt=\"\" srcset=\"https:\/\/vertebradansa.com\/wp-content\/uploads\/2026\/04\/00.PictoBUS-150x150.png 150w, https:\/\/vertebradansa.com\/wp-content\/uploads\/2026\/04\/00.PictoBUS.png 160w\" sizes=\"(max-width: 150px) 100vw, 150px\" \/>\t\t\t\t\t\t\t\t\t\t\t\t\t\t\t<\/div>\n\t\t\t\t<div class=\" elementor-element elementor-element-e9d204a elementor-widget elementor-widget-text-editor\" data-id=\"e9d204a\" data-element_type=\"widget\" data-e-type=\"widget\" data-widget_type=\"text-editor.default\">\n\t\t\t\t\t\t\t\t\t<p>Bus<\/p>\t\t\t\t\t\t\t\t<\/div>\n\t\t\t\t<div data-animation=\"paragraph\" data-animation-delay=\"0\" class=\" elementor-element elementor-element-f63f811 animated-text-yes elementor-widget elementor-widget-text-editor\" data-id=\"f63f811\" data-element_type=\"widget\" data-e-type=\"widget\" data-widget_type=\"text-editor.default\">\n\t\t\t\t\t\t\t\t\t<p data-start=\"65\" data-end=\"127\">Traslado de Barcelona a Tortosa el 19 de julio. Precio: 14 \u20ac<\/p><ul><li data-start=\"129\" data-end=\"209\">A las 16 h desde Plaza Espa\u00f1a<\/li><li data-start=\"129\" data-end=\"209\">A las 20 h desde la T1 del Aeropuerto del Prat<\/li><\/ul><p data-start=\"211\" data-end=\"302\"><em data-start=\"211\" data-end=\"302\">*El festival no organiza servicio de traslado de vuelta en autob\u00fas de Tortosa a Barcelona.<\/em><\/p>\t\t\t\t\t\t\t\t<\/div>\n\t\t\t\t<\/div>\n\t\t\t\t\t<\/div>\n\t\t\t\t<\/div>\n\t\t\t\t<\/div>\n\t\t","protected":false},"excerpt":{"rendered":"<p>C\u00f3mo llegar Coche Si vienes por la AP-7, toma la salida 40 para incorporarte a la C-42 en direcci\u00f3n a N-235\/Tortosa\/L&#8217;Aldea. Contin\u00faa por la C-42 hasta que llegues a Tortosa. Avi\u00f3n Para mayor comodidad, en caso de viajar en avi\u00f3n se recomienda llegar al Aeropuerto de Josep Tarradellas Barcelona-El Prat (Barcelona) por la mejor facilidad&#8230;<\/p>\n<p><a rel=\"bookmark\" class=\"theme-button-text wolf-core-button wolf-core-button-size-md\" href=\"https:\/\/vertebradansa.com\/es\/com-arribar\/\"><span>Seguir leyendo<\/span><\/a><\/p>\n","protected":false},"author":3,"featured_media":0,"parent":0,"menu_order":0,"comment_status":"closed","ping_status":"closed","template":"","meta":{"footnotes":""},"class_list":{"0":"post-8817","1":"page","2":"type-page","3":"status-publish","4":"hentry","5":"entry","6":"clearfix","7":"entry-grid","8":"entry-columns-default","9":"entry-page-module-layout-standard","10":"no-post-thumbnail","11":"entry-page","13":"entry-page-grid"},"_links":{"self":[{"href":"https:\/\/vertebradansa.com\/es\/wp-json\/wp\/v2\/pages\/8817","targetHints":{"allow":["GET"]}}],"collection":[{"href":"https:\/\/vertebradansa.com\/es\/wp-json\/wp\/v2\/pages"}],"about":[{"href":"https:\/\/vertebradansa.com\/es\/wp-json\/wp\/v2\/types\/page"}],"author":[{"embeddable":true,"href":"https:\/\/vertebradansa.com\/es\/wp-json\/wp\/v2\/users\/3"}],"replies":[{"embeddable":true,"href":"https:\/\/vertebradansa.com\/es\/wp-json\/wp\/v2\/comments?post=8817"}],"version-history":[{"count":8,"href":"https:\/\/vertebradansa.com\/es\/wp-json\/wp\/v2\/pages\/8817\/revisions"}],"predecessor-version":[{"id":12139,"href":"https:\/\/vertebradansa.com\/es\/wp-json\/wp\/v2\/pages\/8817\/revisions\/12139"}],"wp:attachment":[{"href":"https:\/\/vertebradansa.com\/es\/wp-json\/wp\/v2\/media?parent=8817"}],"curies":[{"name":"wp","href":"https:\/\/api.w.org\/{rel}","templated":true}]}}