{"id":8898,"date":"2026-02-26T18:36:05","date_gmt":"2026-02-26T17:36:05","guid":{"rendered":"https:\/\/vertebradansa.com\/que-es-vertebra-dansa\/"},"modified":"2026-04-13T16:19:12","modified_gmt":"2026-04-13T15:19:12","slug":"que-es-vertebra-dansa","status":"publish","type":"page","link":"https:\/\/vertebradansa.com\/es\/que-es-vertebra-dansa\/","title":{"rendered":"Sobre Vertebra Dansa"},"content":{"rendered":"\t\t<div data-elementor-type=\"wp-page\" data-elementor-id=\"8898\" class=\"elementor elementor-8898 elementor-8154\" data-elementor-post-type=\"page\">\n\t\t\t\t<div data-scroll-custom-offset=\"\" data-scroll-custom-duration=\"\" data-scroll-css-progress=\"\" data-scroll-class=\"locoscroll-animate\" data-scroll-entrance-animation=\"\" class=\"wolf-core-elementor-row wolf-core-font- elementor-element elementor-element-b6ba22a e-flex e-con-boxed e-con e-parent\" data-font-skin=\"\" data-color-tone=\"\" data-id=\"b6ba22a\" data-element_type=\"container\" data-e-type=\"container\" data-settings=\"{&quot;background_background&quot;:&quot;classic&quot;}\">\n\t\t\t\t\t<div class=\"e-con-inner\">\n\t\t<div data-scroll-custom-offset=\"\" data-scroll-custom-duration=\"\" data-scroll-css-progress=\"\" data-scroll-class=\"locoscroll-animate\" data-scroll-entrance-animation=\"\" class=\"wolf-core-elementor-row wolf-core-font- elementor-element elementor-element-973a564 e-con-full e-flex e-con e-child\" data-font-skin=\"\" data-color-tone=\"\" data-id=\"973a564\" data-element_type=\"container\" data-e-type=\"container\">\n\t\t\t\t<div class=\"elementor-element elementor-element-e0f8295 elementor-widget elementor-widget-heading\" data-id=\"e0f8295\" data-element_type=\"widget\" data-e-type=\"widget\" data-widget_type=\"heading.default\">\n\t\t\t\t\t<h2 class=\"elementor-heading-title elementor-size-default\">Sobre Vertebra Dansa<\/h2>\t\t\t\t<\/div>\n\t\t\t\t<\/div>\n\t\t\t\t\t<\/div>\n\t\t\t\t<\/div>\n\t\t<div data-scroll-custom-offset=\"\" data-scroll-custom-duration=\"\" data-scroll-css-progress=\"\" data-scroll-class=\"locoscroll-animate\" data-scroll-entrance-animation=\"\" class=\"wolf-core-elementor-row wolf-core-font- elementor-element elementor-element-6233b4f e-flex e-con-boxed e-con e-parent\" data-font-skin=\"\" data-color-tone=\"\" data-id=\"6233b4f\" data-element_type=\"container\" data-e-type=\"container\" data-settings=\"{&quot;background_background&quot;:&quot;classic&quot;}\">\n\t\t\t\t\t<div class=\"e-con-inner\">\n\t\t<div data-scroll=\"\" data-scroll-custom-offset=\"\" data-scroll-custom-duration=\"\" data-scroll-css-progress=\"\" data-scroll-class=\"locoscroll-animate\" data-scroll-entrance-animation=\"fade-in-up\" style=\"--scroll-animation-delay:0.2s\" data-scroll-speed=\"0\" class=\"wolf-core-elementor-row wolf-core-font- elementor-element elementor-element-1f36c06 e-con-full locoscroll-yes e-flex e-con e-child\" data-font-skin=\"\" data-color-tone=\"\" data-id=\"1f36c06\" data-element_type=\"container\" data-e-type=\"container\" data-settings=\"{&quot;background_background&quot;:&quot;classic&quot;}\">\n\t\t\t\t<div class=\" elementor-element elementor-element-a57ccfa elementor-widget elementor-widget-text-editor\" data-id=\"a57ccfa\" data-element_type=\"widget\" data-e-type=\"widget\" data-widget_type=\"text-editor.default\">\n\t\t\t\t\t\t\t\t\t<p><span style=\"font-weight: 400;\">El Festival Vertebra Dansa llega a Tortosa como la continuaci\u00f3n natural del prestigioso Deltebre Dansa, un referente nacional e internacional que durante m\u00e1s de veinte a\u00f1os ha situado la danza y el circo contempor\u00e1neos en el centro de la creaci\u00f3n art\u00edstica y la innovaci\u00f3n pedag\u00f3gica. Vertebra Dansa mantiene esta esencia y trayectoria, consolidada a lo largo de m\u00e1s de dos d\u00e9cadas.<\/span><\/p><p><span style=\"font-weight: 400;\">Impulsado por la Asociaci\u00f3n Amigos de las Artes Esc\u00e9nicas Tierras del Ebro y la compa\u00f1\u00eda del core\u00f3grafo Roberto Olivan, el festival re\u00fane cada a\u00f1o a artistas, estudiantes y p\u00fablico de todo el mundo en un espacio de vanguardia, multicultural y de m\u00e1xima calidad art\u00edstica. Es un punto de encuentro, laboratorio creativo y comunidad viva, donde el talento emergente dialoga con trayectorias consolidadas.<\/span><\/p><p><span style=\"font-weight: 400;\">El festival ofrece formaci\u00f3n multidisciplinar de alto nivel para profesionales de la danza y el circo contempor\u00e1neos con profesorado internacional, al tiempo que abre sus puertas a personas no profesionales que desean descubrir las artes esc\u00e9nicas. Con una programaci\u00f3n art\u00edstica de espect\u00e1culos innovadores y un fuerte compromiso con el territorio, Vertebra Dansa contin\u00faa proyect\u00e1ndose como un referente internacional de las nuevas tendencias en las artes esc\u00e9nicas.<\/span><\/p>\t\t\t\t\t\t\t\t<\/div>\n\t\t\t\t<div class=\" elementor-element elementor-element-50054f1 elementor-widget elementor-widget-text-editor\" data-id=\"50054f1\" data-element_type=\"widget\" data-e-type=\"widget\" data-widget_type=\"text-editor.default\">\n\t\t\t\t\t\t\t\t\t<b>Nuestros pilares<\/b>\t\t\t\t\t\t\t\t<\/div>\n\t\t\t\t<div class=\" elementor-element elementor-element-57b8386 elementor-widget elementor-widget-text-editor\" data-id=\"57b8386\" data-element_type=\"widget\" data-e-type=\"widget\" data-widget_type=\"text-editor.default\">\n\t\t\t\t\t\t\t\t\t<p><b>Formaci\u00f3 per a professionals<\/b><b><br \/><\/b><span style=\"font-weight: 400;\">Excel\u00b7l\u00e8ncia pedag\u00f2gica i investigaci\u00f3 art\u00edstica amb mestres de prestigi internacional.<\/span><\/p><p><b>Programaci\u00f3 art\u00edstica<\/b><b><br \/><\/b><span style=\"font-weight: 400;\">Espectacles d\u2019alt nivell que connecten creadors i p\u00fablic en una experi\u00e8ncia transformadora.<\/span><\/p><p><b>Responsabilitat social<\/b><b><br \/><\/b><span style=\"font-weight: 400;\">Un projecte arrelat al territori, comprom\u00e8s amb la inclusi\u00f3, l\u2019accessibilitat i la cultura com a motor de cohesi\u00f3 i canvi social.<\/span><\/p>\t\t\t\t\t\t\t\t<\/div>\n\t\t\t\t<div class=\" elementor-element elementor-element-c4f38d7 elementor-widget elementor-widget-text-editor\" data-id=\"c4f38d7\" data-element_type=\"widget\" data-e-type=\"widget\" data-widget_type=\"text-editor.default\">\n\t\t\t\t\t\t\t\t\t<b>El Festival Vertebra Dansa es mucho m\u00e1s que una cita cultural: es una experiencia compartida que vertebra talento, territorio y futuro.<\/b>\t\t\t\t\t\t\t\t<\/div>\n\t\t\t\t<\/div>\n\t\t\t\t\t<\/div>\n\t\t\t\t<\/div>\n\t\t\t\t<\/div>\n\t\t","protected":false},"excerpt":{"rendered":"<p>Sobre Vertebra Dansa El Festival Vertebra Dansa llega a Tortosa como la continuaci\u00f3n natural del prestigioso Deltebre Dansa, un referente nacional e internacional que durante m\u00e1s de veinte a\u00f1os ha situado la danza y el circo contempor\u00e1neos en el centro de la creaci\u00f3n art\u00edstica y la innovaci\u00f3n pedag\u00f3gica. Vertebra Dansa mantiene esta esencia y trayectoria,&#8230;<\/p>\n<p><a rel=\"bookmark\" class=\"theme-button-text wolf-core-button wolf-core-button-size-md\" href=\"https:\/\/vertebradansa.com\/es\/que-es-vertebra-dansa\/\"><span>Seguir leyendo<\/span><\/a><\/p>\n","protected":false},"author":3,"featured_media":0,"parent":0,"menu_order":0,"comment_status":"closed","ping_status":"closed","template":"","meta":{"footnotes":""},"class_list":{"0":"post-8898","1":"page","2":"type-page","3":"status-publish","4":"hentry","5":"entry","6":"clearfix","7":"entry-grid","8":"entry-columns-default","9":"entry-page-module-layout-standard","10":"no-post-thumbnail","11":"entry-page","13":"entry-page-grid"},"_links":{"self":[{"href":"https:\/\/vertebradansa.com\/es\/wp-json\/wp\/v2\/pages\/8898","targetHints":{"allow":["GET"]}}],"collection":[{"href":"https:\/\/vertebradansa.com\/es\/wp-json\/wp\/v2\/pages"}],"about":[{"href":"https:\/\/vertebradansa.com\/es\/wp-json\/wp\/v2\/types\/page"}],"author":[{"embeddable":true,"href":"https:\/\/vertebradansa.com\/es\/wp-json\/wp\/v2\/users\/3"}],"replies":[{"embeddable":true,"href":"https:\/\/vertebradansa.com\/es\/wp-json\/wp\/v2\/comments?post=8898"}],"version-history":[{"count":9,"href":"https:\/\/vertebradansa.com\/es\/wp-json\/wp\/v2\/pages\/8898\/revisions"}],"predecessor-version":[{"id":12641,"href":"https:\/\/vertebradansa.com\/es\/wp-json\/wp\/v2\/pages\/8898\/revisions\/12641"}],"wp:attachment":[{"href":"https:\/\/vertebradansa.com\/es\/wp-json\/wp\/v2\/media?parent=8898"}],"curies":[{"name":"wp","href":"https:\/\/api.w.org\/{rel}","templated":true}]}}